{"id":11702,"date":"2021-05-10T13:23:08","date_gmt":"2021-05-10T10:23:08","guid":{"rendered":"https:\/\/moottoripalvelu.fi\/?page_id=11702"},"modified":"2025-12-01T10:07:34","modified_gmt":"2025-12-01T08:07:34","slug":"tarjouspyynto","status":"publish","type":"page","link":"https:\/\/moottoripalvelu.fi\/index.php\/tarjouspyynto\/","title":{"rendered":"Tarjouspyynt\u00f6"},"content":{"rendered":"\n<h2 class=\"wp-block-heading\">TEE TARJOUSPYYNT\u00d6<\/h2>\n\n\n\n<p>Erityisesti vaihtomoottoreiden hinnat vaihtelevat kysynn\u00e4n, komponettien saatavuuden ja varastoissa olevien korjauskelpoisten runkojen m\u00e4\u00e4r\u00e4n mukaan. Pyrimme aina tarjoamaan parhaan hinta-\/laatu-suhteen. Siksi teemme jokaisesta tuotteesta erikseen tarjouksen.<\/p>\n\n\n\n<p>Tarjouspyynt\u00f6lomakkeet l\u00f6ytyv\u00e4t n\u00e4ist\u00e4 linkeist\u00e4:<\/p>\n\n\n\n<ul class=\"wp-block-list has-medium-font-size\">\n<li><a href=\"https:\/\/moottoripalvelu.fi\/index.php\/tarjouspyynto-moottorista\/\">Tarjouspyynt\u00f6 moottorista<\/a><\/li>\n<\/ul>\n\n\n\n<figure class=\"wp-block-image size-large\"><img loading=\"lazy\" decoding=\"async\" width=\"1024\" height=\"576\" src=\"https:\/\/moottoripalvelu.fi\/wp-content\/uploads\/2025\/03\/image_7_with_standing_logo-1024x576.png\" alt=\"\" class=\"wp-image-19947\" srcset=\"https:\/\/moottoripalvelu.fi\/wp-content\/uploads\/2025\/03\/image_7_with_standing_logo-1024x576.png 1024w, https:\/\/moottoripalvelu.fi\/wp-content\/uploads\/2025\/03\/image_7_with_standing_logo-300x169.png 300w, https:\/\/moottoripalvelu.fi\/wp-content\/uploads\/2025\/03\/image_7_with_standing_logo-768x432.png 768w, https:\/\/moottoripalvelu.fi\/wp-content\/uploads\/2025\/03\/image_7_with_standing_logo-1536x864.png 1536w, https:\/\/moottoripalvelu.fi\/wp-content\/uploads\/2025\/03\/image_7_with_standing_logo-600x338.png 600w, https:\/\/moottoripalvelu.fi\/wp-content\/uploads\/2025\/03\/image_7_with_standing_logo.png 1920w\" sizes=\"auto, (max-width: 1024px) 100vw, 1024px\" \/><\/figure>\n","protected":false},"excerpt":{"rendered":"<p>TEE TARJOUSPYYNT\u00d6 Erityisesti vaihtomoottoreiden hinnat vaihtelevat kysynn\u00e4n, komponettien saatavuuden ja varastoissa olevien korjauskelpoisten runkojen m\u00e4\u00e4r\u00e4n mukaan. Pyrimme aina tarjoamaan parhaan hinta-\/laatu-suhteen. Siksi teemme jokaisesta tuotteesta erikseen tarjouksen. Tarjouspyynt\u00f6lomakkeet l\u00f6ytyv\u00e4t n\u00e4ist\u00e4 linkeist\u00e4:<\/p>\n","protected":false},"author":1,"featured_media":0,"parent":0,"menu_order":0,"comment_status":"closed","ping_status":"closed","template":"","meta":{"footnotes":""},"class_list":["post-11702","page","type-page","status-publish","hentry"],"yoast_head":"<!-- This site is optimized with the Yoast SEO plugin v27.3 - https:\/\/yoast.com\/product\/yoast-seo-wordpress\/ -->\n<title>Tarjouspyynt\u00f6 - Moottoripalvelu.fi<\/title>\n<meta name=\"robots\" content=\"index, follow, max-snippet:-1, max-image-preview:large, max-video-preview:-1\" \/>\n<link rel=\"canonical\" href=\"https:\/\/moottoripalvelu.fi\/index.php\/tarjouspyynto\/\" \/>\n<meta property=\"og:locale\" content=\"fi_FI\" \/>\n<meta property=\"og:type\" content=\"article\" \/>\n<meta property=\"og:title\" content=\"Tarjouspyynt\u00f6 - Moottoripalvelu.fi\" \/>\n<meta property=\"og:description\" content=\"TEE TARJOUSPYYNT\u00d6 Erityisesti vaihtomoottoreiden hinnat vaihtelevat kysynn\u00e4n, komponettien saatavuuden ja varastoissa olevien korjauskelpoisten runkojen m\u00e4\u00e4r\u00e4n mukaan. Pyrimme aina tarjoamaan parhaan hinta-\/laatu-suhteen. Siksi teemme jokaisesta tuotteesta erikseen tarjouksen. Tarjouspyynt\u00f6lomakkeet l\u00f6ytyv\u00e4t n\u00e4ist\u00e4 linkeist\u00e4:\" \/>\n<meta property=\"og:url\" content=\"https:\/\/moottoripalvelu.fi\/index.php\/tarjouspyynto\/\" \/>\n<meta property=\"og:site_name\" content=\"Moottoripalvelu.fi\" \/>\n<meta property=\"article:modified_time\" content=\"2025-12-01T08:07:34+00:00\" \/>\n<meta property=\"og:image\" content=\"https:\/\/moottoripalvelu.fi\/wp-content\/uploads\/2025\/03\/image_7_with_standing_logo-1024x576.png\" \/>\n\t<meta property=\"og:image:width\" content=\"1024\" \/>\n\t<meta property=\"og:image:height\" content=\"576\" \/>\n\t<meta property=\"og:image:type\" content=\"image\/png\" \/>\n<meta name=\"twitter:card\" content=\"summary_large_image\" \/>\n<meta name=\"twitter:label1\" content=\"Arvioitu lukuaika\" \/>\n\t<meta name=\"twitter:data1\" content=\"1 minuutti\" \/>\n<script type=\"application\/ld+json\" class=\"yoast-schema-graph\">{\"@context\":\"https:\\\/\\\/schema.org\",\"@graph\":[{\"@type\":\"WebPage\",\"@id\":\"https:\\\/\\\/moottoripalvelu.fi\\\/index.php\\\/tarjouspyynto\\\/\",\"url\":\"https:\\\/\\\/moottoripalvelu.fi\\\/index.php\\\/tarjouspyynto\\\/\",\"name\":\"Tarjouspyynt\u00f6 - Moottoripalvelu.fi\",\"isPartOf\":{\"@id\":\"https:\\\/\\\/moottoripalvelu.fi\\\/#website\"},\"primaryImageOfPage\":{\"@id\":\"https:\\\/\\\/moottoripalvelu.fi\\\/index.php\\\/tarjouspyynto\\\/#primaryimage\"},\"image\":{\"@id\":\"https:\\\/\\\/moottoripalvelu.fi\\\/index.php\\\/tarjouspyynto\\\/#primaryimage\"},\"thumbnailUrl\":\"https:\\\/\\\/moottoripalvelu.fi\\\/wp-content\\\/uploads\\\/2025\\\/03\\\/image_7_with_standing_logo-1024x576.png\",\"datePublished\":\"2021-05-10T10:23:08+00:00\",\"dateModified\":\"2025-12-01T08:07:34+00:00\",\"breadcrumb\":{\"@id\":\"https:\\\/\\\/moottoripalvelu.fi\\\/index.php\\\/tarjouspyynto\\\/#breadcrumb\"},\"inLanguage\":\"fi\",\"potentialAction\":[{\"@type\":\"ReadAction\",\"target\":[\"https:\\\/\\\/moottoripalvelu.fi\\\/index.php\\\/tarjouspyynto\\\/\"]}]},{\"@type\":\"ImageObject\",\"inLanguage\":\"fi\",\"@id\":\"https:\\\/\\\/moottoripalvelu.fi\\\/index.php\\\/tarjouspyynto\\\/#primaryimage\",\"url\":\"https:\\\/\\\/moottoripalvelu.fi\\\/wp-content\\\/uploads\\\/2025\\\/03\\\/image_7_with_standing_logo.png\",\"contentUrl\":\"https:\\\/\\\/moottoripalvelu.fi\\\/wp-content\\\/uploads\\\/2025\\\/03\\\/image_7_with_standing_logo.png\",\"width\":1920,\"height\":1080},{\"@type\":\"BreadcrumbList\",\"@id\":\"https:\\\/\\\/moottoripalvelu.fi\\\/index.php\\\/tarjouspyynto\\\/#breadcrumb\",\"itemListElement\":[{\"@type\":\"ListItem\",\"position\":1,\"name\":\"Home\",\"item\":\"https:\\\/\\\/moottoripalvelu.fi\\\/\"},{\"@type\":\"ListItem\",\"position\":2,\"name\":\"Tarjouspyynt\u00f6\"}]},{\"@type\":\"WebSite\",\"@id\":\"https:\\\/\\\/moottoripalvelu.fi\\\/#website\",\"url\":\"https:\\\/\\\/moottoripalvelu.fi\\\/\",\"name\":\"Moottoripalvelu.fi\",\"description\":\"Moottorit - vaihteistot - kytkimet\",\"publisher\":{\"@id\":\"https:\\\/\\\/moottoripalvelu.fi\\\/#organization\"},\"potentialAction\":[{\"@type\":\"SearchAction\",\"target\":{\"@type\":\"EntryPoint\",\"urlTemplate\":\"https:\\\/\\\/moottoripalvelu.fi\\\/?s={search_term_string}\"},\"query-input\":{\"@type\":\"PropertyValueSpecification\",\"valueRequired\":true,\"valueName\":\"search_term_string\"}}],\"inLanguage\":\"fi\"},{\"@type\":\"Organization\",\"@id\":\"https:\\\/\\\/moottoripalvelu.fi\\\/#organization\",\"name\":\"Moottoripalvelu.fi\",\"url\":\"https:\\\/\\\/moottoripalvelu.fi\\\/\",\"logo\":{\"@type\":\"ImageObject\",\"inLanguage\":\"fi\",\"@id\":\"https:\\\/\\\/moottoripalvelu.fi\\\/#\\\/schema\\\/logo\\\/image\\\/\",\"url\":\"https:\\\/\\\/moottoripalvelu.fi\\\/wp-content\\\/uploads\\\/2021\\\/07\\\/logo_01_450.png\",\"contentUrl\":\"https:\\\/\\\/moottoripalvelu.fi\\\/wp-content\\\/uploads\\\/2021\\\/07\\\/logo_01_450.png\",\"width\":450,\"height\":73,\"caption\":\"Moottoripalvelu.fi\"},\"image\":{\"@id\":\"https:\\\/\\\/moottoripalvelu.fi\\\/#\\\/schema\\\/logo\\\/image\\\/\"}}]}<\/script>\n<!-- \/ Yoast SEO plugin. -->","yoast_head_json":{"title":"Tarjouspyynt\u00f6 - Moottoripalvelu.fi","robots":{"index":"index","follow":"follow","max-snippet":"max-snippet:-1","max-image-preview":"max-image-preview:large","max-video-preview":"max-video-preview:-1"},"canonical":"https:\/\/moottoripalvelu.fi\/index.php\/tarjouspyynto\/","og_locale":"fi_FI","og_type":"article","og_title":"Tarjouspyynt\u00f6 - Moottoripalvelu.fi","og_description":"TEE TARJOUSPYYNT\u00d6 Erityisesti vaihtomoottoreiden hinnat vaihtelevat kysynn\u00e4n, komponettien saatavuuden ja varastoissa olevien korjauskelpoisten runkojen m\u00e4\u00e4r\u00e4n mukaan. Pyrimme aina tarjoamaan parhaan hinta-\/laatu-suhteen. Siksi teemme jokaisesta tuotteesta erikseen tarjouksen. Tarjouspyynt\u00f6lomakkeet l\u00f6ytyv\u00e4t n\u00e4ist\u00e4 linkeist\u00e4:","og_url":"https:\/\/moottoripalvelu.fi\/index.php\/tarjouspyynto\/","og_site_name":"Moottoripalvelu.fi","article_modified_time":"2025-12-01T08:07:34+00:00","og_image":[{"width":1024,"height":576,"url":"https:\/\/moottoripalvelu.fi\/wp-content\/uploads\/2025\/03\/image_7_with_standing_logo-1024x576.png","type":"image\/png"}],"twitter_card":"summary_large_image","twitter_misc":{"Arvioitu lukuaika":"1 minuutti"},"schema":{"@context":"https:\/\/schema.org","@graph":[{"@type":"WebPage","@id":"https:\/\/moottoripalvelu.fi\/index.php\/tarjouspyynto\/","url":"https:\/\/moottoripalvelu.fi\/index.php\/tarjouspyynto\/","name":"Tarjouspyynt\u00f6 - Moottoripalvelu.fi","isPartOf":{"@id":"https:\/\/moottoripalvelu.fi\/#website"},"primaryImageOfPage":{"@id":"https:\/\/moottoripalvelu.fi\/index.php\/tarjouspyynto\/#primaryimage"},"image":{"@id":"https:\/\/moottoripalvelu.fi\/index.php\/tarjouspyynto\/#primaryimage"},"thumbnailUrl":"https:\/\/moottoripalvelu.fi\/wp-content\/uploads\/2025\/03\/image_7_with_standing_logo-1024x576.png","datePublished":"2021-05-10T10:23:08+00:00","dateModified":"2025-12-01T08:07:34+00:00","breadcrumb":{"@id":"https:\/\/moottoripalvelu.fi\/index.php\/tarjouspyynto\/#breadcrumb"},"inLanguage":"fi","potentialAction":[{"@type":"ReadAction","target":["https:\/\/moottoripalvelu.fi\/index.php\/tarjouspyynto\/"]}]},{"@type":"ImageObject","inLanguage":"fi","@id":"https:\/\/moottoripalvelu.fi\/index.php\/tarjouspyynto\/#primaryimage","url":"https:\/\/moottoripalvelu.fi\/wp-content\/uploads\/2025\/03\/image_7_with_standing_logo.png","contentUrl":"https:\/\/moottoripalvelu.fi\/wp-content\/uploads\/2025\/03\/image_7_with_standing_logo.png","width":1920,"height":1080},{"@type":"BreadcrumbList","@id":"https:\/\/moottoripalvelu.fi\/index.php\/tarjouspyynto\/#breadcrumb","itemListElement":[{"@type":"ListItem","position":1,"name":"Home","item":"https:\/\/moottoripalvelu.fi\/"},{"@type":"ListItem","position":2,"name":"Tarjouspyynt\u00f6"}]},{"@type":"WebSite","@id":"https:\/\/moottoripalvelu.fi\/#website","url":"https:\/\/moottoripalvelu.fi\/","name":"Moottoripalvelu.fi","description":"Moottorit - vaihteistot - kytkimet","publisher":{"@id":"https:\/\/moottoripalvelu.fi\/#organization"},"potentialAction":[{"@type":"SearchAction","target":{"@type":"EntryPoint","urlTemplate":"https:\/\/moottoripalvelu.fi\/?s={search_term_string}"},"query-input":{"@type":"PropertyValueSpecification","valueRequired":true,"valueName":"search_term_string"}}],"inLanguage":"fi"},{"@type":"Organization","@id":"https:\/\/moottoripalvelu.fi\/#organization","name":"Moottoripalvelu.fi","url":"https:\/\/moottoripalvelu.fi\/","logo":{"@type":"ImageObject","inLanguage":"fi","@id":"https:\/\/moottoripalvelu.fi\/#\/schema\/logo\/image\/","url":"https:\/\/moottoripalvelu.fi\/wp-content\/uploads\/2021\/07\/logo_01_450.png","contentUrl":"https:\/\/moottoripalvelu.fi\/wp-content\/uploads\/2021\/07\/logo_01_450.png","width":450,"height":73,"caption":"Moottoripalvelu.fi"},"image":{"@id":"https:\/\/moottoripalvelu.fi\/#\/schema\/logo\/image\/"}}]}},"_links":{"self":[{"href":"https:\/\/moottoripalvelu.fi\/index.php\/wp-json\/wp\/v2\/pages\/11702","targetHints":{"allow":["GET"]}}],"collection":[{"href":"https:\/\/moottoripalvelu.fi\/index.php\/wp-json\/wp\/v2\/pages"}],"about":[{"href":"https:\/\/moottoripalvelu.fi\/index.php\/wp-json\/wp\/v2\/types\/page"}],"author":[{"embeddable":true,"href":"https:\/\/moottoripalvelu.fi\/index.php\/wp-json\/wp\/v2\/users\/1"}],"replies":[{"embeddable":true,"href":"https:\/\/moottoripalvelu.fi\/index.php\/wp-json\/wp\/v2\/comments?post=11702"}],"version-history":[{"count":8,"href":"https:\/\/moottoripalvelu.fi\/index.php\/wp-json\/wp\/v2\/pages\/11702\/revisions"}],"predecessor-version":[{"id":21067,"href":"https:\/\/moottoripalvelu.fi\/index.php\/wp-json\/wp\/v2\/pages\/11702\/revisions\/21067"}],"wp:attachment":[{"href":"https:\/\/moottoripalvelu.fi\/index.php\/wp-json\/wp\/v2\/media?parent=11702"}],"curies":[{"name":"wp","href":"https:\/\/api.w.org\/{rel}","templated":true}]}}