{"id":3,"date":"2021-04-06T10:48:46","date_gmt":"2021-04-06T07:48:46","guid":{"rendered":"http:\/\/moottoripalvelu.fi\/?page_id=3"},"modified":"2021-05-12T11:13:38","modified_gmt":"2021-05-12T08:13:38","slug":"tietosuojaseloste","status":"publish","type":"page","link":"https:\/\/moottoripalvelu.fi\/index.php\/tietosuojaseloste\/","title":{"rendered":"Tietosuojaseloste"},"content":{"rendered":"\n<h2 class=\"wp-block-heading\">TIETOSUOJASELOSTE<\/h2>\n\n\n\n<p>Tilausten ja kyselyiden yhteydess\u00e4 asiakkaan tiedot tallentuvat verkkokaupan asiakastietokantaan. Tietoja k\u00e4ytet\u00e4\u00e4n ainoastaan tuotteiden toimittamiseen ja kaupan omaan asiakasviestint\u00e4\u00e4n.<\/p>\n\n\n\n<p>Voimme poistaa tiedot rekisterist\u00e4, mik\u00e4li asiakas erikseen niin pyyt\u00e4\u00e4.<\/p>\n\n\n\n<p>Tietojen poistamisen j\u00e4lkeen tilaajan on aina esitett\u00e4v\u00e4 myyntitosite\u00a0todisteena siit\u00e4, ett\u00e4 on tilannut tavaransa juuri meilt\u00e4. T\u00e4t\u00e4 tarvitaan esim. tuotevaihtojen yhteydess\u00e4. Normaalitilanteessa tiedot l\u00f6ytyv\u00e4t suoraan j\u00e4rjestelm\u00e4st\u00e4mme.<\/p>\n\n\n\n<p><strong>Rekisterinpit\u00e4j\u00e4:<\/strong>&nbsp;TuningStudio.fi -verkkokauppa, Quantum Motoris Oy, Y-tunnus 2108700-2, Sitarinkuja 1, 37500 Lemp\u00e4\u00e4l\u00e4.<\/p>\n\n\n\n<p><strong>Rekisterin nimi:<\/strong>&nbsp;Asiakasrekisteri<\/p>\n\n\n\n<p><strong>Rekisterin k\u00e4ytt\u00f6tarkoitus:<\/strong>&nbsp;Tilausten, toimitusten ja j\u00e4lkimarkkinoinnin sek\u00e4 asiakasviestinn\u00e4n hoito.<\/p>\n\n\n\n<p><strong>Rekisterin tietosis\u00e4lt\u00f6:<\/strong>&nbsp;Rekisteriin tallennetaan asiakkaan tilauksen yhteydess\u00e4 antamat yhteystiedot, lis\u00e4tiedot ja tilatut tuotteet.<\/p>\n\n\n\n<p><strong>Henkil\u00f6tietolain (523\/99) 10 \u00a7:n mukainen rekisteriseloste<\/strong><\/p>\n\n\n\n<p><strong>Rekisterinpit\u00e4j\u00e4<\/strong><\/p>\n\n\n\n<p>Quantum Motoris Oy<br>Sitarinkuja 1<br>37500 Lemp\u00e4\u00e4l\u00e4<\/p>\n\n\n\n<p><strong>Rekisteriasioista vastaava yhteyshenkil\u00f6<\/strong><\/p>\n\n\n\n<p>Paavo M\u00e4kinen<br><a href=\"http:\/\/kehitys.tuningstudio.fi\/yhteydenotto\">asiakaspalvelu@tuningstudio.fi<\/a><\/p>\n\n\n\n<p>Rekisterin nimi: Verkkokaupan asiakasrekisteri<\/p>\n\n\n\n<h4 class=\"wp-block-heading\">Henkil\u00f6tietojen k\u00e4sittelyn tarkoitus<\/h4>\n\n\n\n<p>Rekisteri\u00e4 k\u00e4ytet\u00e4\u00e4n Quantum Motoris Oy:n ja asiakkaiden v\u00e4liseen viestint\u00e4\u00e4n. Tilaaminen ei edellyt\u00e4 rekister\u00f6itymist\u00e4.<\/p>\n\n\n\n<h4 class=\"wp-block-heading\">Rekisterin tietosis\u00e4lt\u00f6<\/h4>\n\n\n\n<p>Asiakkaan perustiedot: asiakasnumero, yritys, Y-tunnus, sukunimi, etunimi, postiosoite, postinumero, postitoimipaikka, puhelinnumero, matkapuhelinnumero, s\u00e4hk\u00f6postiosoite, tilaushistoria ja toimituksen seurantatiedot.<\/p>\n\n\n\n<h4 class=\"wp-block-heading\">S\u00e4\u00e4nn\u00f6nmukaiset tietol\u00e4hteet:<\/h4>\n\n\n\n<p>Asiakkaan tiedot tallennetaan ostosten ja tarjouspyynn\u00f6n tekemisen yhteydess\u00e4.<\/p>\n\n\n\n<h4 class=\"wp-block-heading\">Rekisterin suojauksen periaatteet<\/h4>\n\n\n\n<p>Rekisterinpit\u00e4j\u00e4n tietoj\u00e4rjestelm\u00e4t ja tiedostot on suojattu vakiintuneilla teknisill\u00e4 suojausmenetelmill\u00e4. Rekisterin k\u00e4ytt\u00f6oikeus edellytt\u00e4\u00e4 henkil\u00f6kohtaista k\u00e4ytt\u00e4j\u00e4tunnusta ja salasanaa, jotka my\u00f6nnet\u00e4\u00e4n rekisterinpit\u00e4j\u00e4n henkil\u00f6kuntaan kuuluville, joiden asemaan ja teht\u00e4v\u00e4\u00e4n liittyy mainittu k\u00e4ytt\u00f6oikeus.<\/p>\n\n\n\n<h4 class=\"wp-block-heading\">Tietojen luovutus<\/h4>\n\n\n\n<p>Luovutamme tietoja Mailchimp -palvelulle, joissa tiedot ovat ainoastaan Moottoripalvelu.fi\u00b4n ja muiden Quantum-yhti\u00f6iden verkkokauppojen k\u00e4yt\u00f6ss\u00e4. Mailchimp on markkinointiohjelmisto, jonka avulla l\u00e4het\u00e4mme s\u00e4hk\u00f6posteja ja personoimme verkkokaupan sis\u00e4lt\u00f6\u00e4.<\/p>\n","protected":false},"excerpt":{"rendered":"<p>TIETOSUOJASELOSTE Tilausten ja kyselyiden yhteydess\u00e4 asiakkaan tiedot tallentuvat verkkokaupan asiakastietokantaan. Tietoja k\u00e4ytet\u00e4\u00e4n ainoastaan tuotteiden toimittamiseen ja kaupan omaan asiakasviestint\u00e4\u00e4n. Voimme poistaa tiedot rekisterist\u00e4, mik\u00e4li asiakas erikseen niin pyyt\u00e4\u00e4. Tietojen poistamisen j\u00e4lkeen tilaajan on aina esitett\u00e4v\u00e4 myyntitosite\u00a0todisteena siit\u00e4, ett\u00e4 on tilannut tavaransa juuri meilt\u00e4. T\u00e4t\u00e4 tarvitaan esim. tuotevaihtojen yhteydess\u00e4. Normaalitilanteessa tiedot l\u00f6ytyv\u00e4t suoraan j\u00e4rjestelm\u00e4st\u00e4mme. Rekisterinpit\u00e4j\u00e4:&nbsp;TuningStudio.fi -verkkokauppa, &hellip;<\/p>\n","protected":false},"author":1,"featured_media":0,"parent":0,"menu_order":0,"comment_status":"closed","ping_status":"closed","template":"","meta":{"footnotes":""},"class_list":["post-3","page","type-page","status-publish","hentry"],"yoast_head":"<!-- This site is optimized with the Yoast SEO plugin v27.3 - https:\/\/yoast.com\/product\/yoast-seo-wordpress\/ -->\n<title>Tietosuojaseloste - Moottoripalvelu.fi<\/title>\n<meta name=\"robots\" content=\"index, follow, max-snippet:-1, max-image-preview:large, max-video-preview:-1\" \/>\n<link rel=\"canonical\" href=\"https:\/\/moottoripalvelu.fi\/index.php\/tietosuojaseloste\/\" \/>\n<meta property=\"og:locale\" content=\"fi_FI\" \/>\n<meta property=\"og:type\" content=\"article\" \/>\n<meta property=\"og:title\" content=\"Tietosuojaseloste - Moottoripalvelu.fi\" \/>\n<meta property=\"og:description\" content=\"TIETOSUOJASELOSTE Tilausten ja kyselyiden yhteydess\u00e4 asiakkaan tiedot tallentuvat verkkokaupan asiakastietokantaan. Tietoja k\u00e4ytet\u00e4\u00e4n ainoastaan tuotteiden toimittamiseen ja kaupan omaan asiakasviestint\u00e4\u00e4n. Voimme poistaa tiedot rekisterist\u00e4, mik\u00e4li asiakas erikseen niin pyyt\u00e4\u00e4. Tietojen poistamisen j\u00e4lkeen tilaajan on aina esitett\u00e4v\u00e4 myyntitosite\u00a0todisteena siit\u00e4, ett\u00e4 on tilannut tavaransa juuri meilt\u00e4. T\u00e4t\u00e4 tarvitaan esim. tuotevaihtojen yhteydess\u00e4. Normaalitilanteessa tiedot l\u00f6ytyv\u00e4t suoraan j\u00e4rjestelm\u00e4st\u00e4mme. Rekisterinpit\u00e4j\u00e4:&nbsp;TuningStudio.fi -verkkokauppa, &hellip;\" \/>\n<meta property=\"og:url\" content=\"https:\/\/moottoripalvelu.fi\/index.php\/tietosuojaseloste\/\" \/>\n<meta property=\"og:site_name\" content=\"Moottoripalvelu.fi\" \/>\n<meta property=\"article:modified_time\" content=\"2021-05-12T08:13:38+00:00\" \/>\n<meta name=\"twitter:card\" content=\"summary_large_image\" \/>\n<meta name=\"twitter:label1\" content=\"Arvioitu lukuaika\" \/>\n\t<meta name=\"twitter:data1\" content=\"1 minuutti\" \/>\n<script type=\"application\/ld+json\" class=\"yoast-schema-graph\">{\"@context\":\"https:\\\/\\\/schema.org\",\"@graph\":[{\"@type\":\"WebPage\",\"@id\":\"https:\\\/\\\/moottoripalvelu.fi\\\/index.php\\\/tietosuojaseloste\\\/\",\"url\":\"https:\\\/\\\/moottoripalvelu.fi\\\/index.php\\\/tietosuojaseloste\\\/\",\"name\":\"Tietosuojaseloste - Moottoripalvelu.fi\",\"isPartOf\":{\"@id\":\"https:\\\/\\\/moottoripalvelu.fi\\\/#website\"},\"datePublished\":\"2021-04-06T07:48:46+00:00\",\"dateModified\":\"2021-05-12T08:13:38+00:00\",\"breadcrumb\":{\"@id\":\"https:\\\/\\\/moottoripalvelu.fi\\\/index.php\\\/tietosuojaseloste\\\/#breadcrumb\"},\"inLanguage\":\"fi\",\"potentialAction\":[{\"@type\":\"ReadAction\",\"target\":[\"https:\\\/\\\/moottoripalvelu.fi\\\/index.php\\\/tietosuojaseloste\\\/\"]}]},{\"@type\":\"BreadcrumbList\",\"@id\":\"https:\\\/\\\/moottoripalvelu.fi\\\/index.php\\\/tietosuojaseloste\\\/#breadcrumb\",\"itemListElement\":[{\"@type\":\"ListItem\",\"position\":1,\"name\":\"Home\",\"item\":\"https:\\\/\\\/moottoripalvelu.fi\\\/\"},{\"@type\":\"ListItem\",\"position\":2,\"name\":\"Tietosuojaseloste\"}]},{\"@type\":\"WebSite\",\"@id\":\"https:\\\/\\\/moottoripalvelu.fi\\\/#website\",\"url\":\"https:\\\/\\\/moottoripalvelu.fi\\\/\",\"name\":\"Moottoripalvelu.fi\",\"description\":\"Moottorit - vaihteistot - kytkimet\",\"publisher\":{\"@id\":\"https:\\\/\\\/moottoripalvelu.fi\\\/#organization\"},\"potentialAction\":[{\"@type\":\"SearchAction\",\"target\":{\"@type\":\"EntryPoint\",\"urlTemplate\":\"https:\\\/\\\/moottoripalvelu.fi\\\/?s={search_term_string}\"},\"query-input\":{\"@type\":\"PropertyValueSpecification\",\"valueRequired\":true,\"valueName\":\"search_term_string\"}}],\"inLanguage\":\"fi\"},{\"@type\":\"Organization\",\"@id\":\"https:\\\/\\\/moottoripalvelu.fi\\\/#organization\",\"name\":\"Moottoripalvelu.fi\",\"url\":\"https:\\\/\\\/moottoripalvelu.fi\\\/\",\"logo\":{\"@type\":\"ImageObject\",\"inLanguage\":\"fi\",\"@id\":\"https:\\\/\\\/moottoripalvelu.fi\\\/#\\\/schema\\\/logo\\\/image\\\/\",\"url\":\"https:\\\/\\\/moottoripalvelu.fi\\\/wp-content\\\/uploads\\\/2021\\\/07\\\/logo_01_450.png\",\"contentUrl\":\"https:\\\/\\\/moottoripalvelu.fi\\\/wp-content\\\/uploads\\\/2021\\\/07\\\/logo_01_450.png\",\"width\":450,\"height\":73,\"caption\":\"Moottoripalvelu.fi\"},\"image\":{\"@id\":\"https:\\\/\\\/moottoripalvelu.fi\\\/#\\\/schema\\\/logo\\\/image\\\/\"}}]}<\/script>\n<!-- \/ Yoast SEO plugin. -->","yoast_head_json":{"title":"Tietosuojaseloste - Moottoripalvelu.fi","robots":{"index":"index","follow":"follow","max-snippet":"max-snippet:-1","max-image-preview":"max-image-preview:large","max-video-preview":"max-video-preview:-1"},"canonical":"https:\/\/moottoripalvelu.fi\/index.php\/tietosuojaseloste\/","og_locale":"fi_FI","og_type":"article","og_title":"Tietosuojaseloste - Moottoripalvelu.fi","og_description":"TIETOSUOJASELOSTE Tilausten ja kyselyiden yhteydess\u00e4 asiakkaan tiedot tallentuvat verkkokaupan asiakastietokantaan. Tietoja k\u00e4ytet\u00e4\u00e4n ainoastaan tuotteiden toimittamiseen ja kaupan omaan asiakasviestint\u00e4\u00e4n. Voimme poistaa tiedot rekisterist\u00e4, mik\u00e4li asiakas erikseen niin pyyt\u00e4\u00e4. Tietojen poistamisen j\u00e4lkeen tilaajan on aina esitett\u00e4v\u00e4 myyntitosite\u00a0todisteena siit\u00e4, ett\u00e4 on tilannut tavaransa juuri meilt\u00e4. T\u00e4t\u00e4 tarvitaan esim. tuotevaihtojen yhteydess\u00e4. Normaalitilanteessa tiedot l\u00f6ytyv\u00e4t suoraan j\u00e4rjestelm\u00e4st\u00e4mme. Rekisterinpit\u00e4j\u00e4:&nbsp;TuningStudio.fi -verkkokauppa, &hellip;","og_url":"https:\/\/moottoripalvelu.fi\/index.php\/tietosuojaseloste\/","og_site_name":"Moottoripalvelu.fi","article_modified_time":"2021-05-12T08:13:38+00:00","twitter_card":"summary_large_image","twitter_misc":{"Arvioitu lukuaika":"1 minuutti"},"schema":{"@context":"https:\/\/schema.org","@graph":[{"@type":"WebPage","@id":"https:\/\/moottoripalvelu.fi\/index.php\/tietosuojaseloste\/","url":"https:\/\/moottoripalvelu.fi\/index.php\/tietosuojaseloste\/","name":"Tietosuojaseloste - Moottoripalvelu.fi","isPartOf":{"@id":"https:\/\/moottoripalvelu.fi\/#website"},"datePublished":"2021-04-06T07:48:46+00:00","dateModified":"2021-05-12T08:13:38+00:00","breadcrumb":{"@id":"https:\/\/moottoripalvelu.fi\/index.php\/tietosuojaseloste\/#breadcrumb"},"inLanguage":"fi","potentialAction":[{"@type":"ReadAction","target":["https:\/\/moottoripalvelu.fi\/index.php\/tietosuojaseloste\/"]}]},{"@type":"BreadcrumbList","@id":"https:\/\/moottoripalvelu.fi\/index.php\/tietosuojaseloste\/#breadcrumb","itemListElement":[{"@type":"ListItem","position":1,"name":"Home","item":"https:\/\/moottoripalvelu.fi\/"},{"@type":"ListItem","position":2,"name":"Tietosuojaseloste"}]},{"@type":"WebSite","@id":"https:\/\/moottoripalvelu.fi\/#website","url":"https:\/\/moottoripalvelu.fi\/","name":"Moottoripalvelu.fi","description":"Moottorit - vaihteistot - kytkimet","publisher":{"@id":"https:\/\/moottoripalvelu.fi\/#organization"},"potentialAction":[{"@type":"SearchAction","target":{"@type":"EntryPoint","urlTemplate":"https:\/\/moottoripalvelu.fi\/?s={search_term_string}"},"query-input":{"@type":"PropertyValueSpecification","valueRequired":true,"valueName":"search_term_string"}}],"inLanguage":"fi"},{"@type":"Organization","@id":"https:\/\/moottoripalvelu.fi\/#organization","name":"Moottoripalvelu.fi","url":"https:\/\/moottoripalvelu.fi\/","logo":{"@type":"ImageObject","inLanguage":"fi","@id":"https:\/\/moottoripalvelu.fi\/#\/schema\/logo\/image\/","url":"https:\/\/moottoripalvelu.fi\/wp-content\/uploads\/2021\/07\/logo_01_450.png","contentUrl":"https:\/\/moottoripalvelu.fi\/wp-content\/uploads\/2021\/07\/logo_01_450.png","width":450,"height":73,"caption":"Moottoripalvelu.fi"},"image":{"@id":"https:\/\/moottoripalvelu.fi\/#\/schema\/logo\/image\/"}}]}},"_links":{"self":[{"href":"https:\/\/moottoripalvelu.fi\/index.php\/wp-json\/wp\/v2\/pages\/3","targetHints":{"allow":["GET"]}}],"collection":[{"href":"https:\/\/moottoripalvelu.fi\/index.php\/wp-json\/wp\/v2\/pages"}],"about":[{"href":"https:\/\/moottoripalvelu.fi\/index.php\/wp-json\/wp\/v2\/types\/page"}],"author":[{"embeddable":true,"href":"https:\/\/moottoripalvelu.fi\/index.php\/wp-json\/wp\/v2\/users\/1"}],"replies":[{"embeddable":true,"href":"https:\/\/moottoripalvelu.fi\/index.php\/wp-json\/wp\/v2\/comments?post=3"}],"version-history":[{"count":4,"href":"https:\/\/moottoripalvelu.fi\/index.php\/wp-json\/wp\/v2\/pages\/3\/revisions"}],"predecessor-version":[{"id":11730,"href":"https:\/\/moottoripalvelu.fi\/index.php\/wp-json\/wp\/v2\/pages\/3\/revisions\/11730"}],"wp:attachment":[{"href":"https:\/\/moottoripalvelu.fi\/index.php\/wp-json\/wp\/v2\/media?parent=3"}],"curies":[{"name":"wp","href":"https:\/\/api.w.org\/{rel}","templated":true}]}}