{"id":51,"date":"2021-04-06T15:31:35","date_gmt":"2021-04-06T12:31:35","guid":{"rendered":"http:\/\/moottoripalvelu.fi\/?page_id=51"},"modified":"2021-05-12T11:09:49","modified_gmt":"2021-05-12T08:09:49","slug":"toimitusehdot","status":"publish","type":"page","link":"https:\/\/moottoripalvelu.fi\/index.php\/toimitusehdot\/","title":{"rendered":"Toimitusehdot"},"content":{"rendered":"\n<h2 class=\"wp-block-heading\">TOIMITUSEHDOT<\/h2>\n\n\n\n<p>Tutustu toimitusehtoihin ennen tilauksen tekemist\u00e4. Noudatamme Suomen Kuluttajansuojalakia ja Kauppalakia, sek\u00e4 hyvi\u00e4 kauppatapoja.<\/p>\n\n\n\n<h3 class=\"wp-block-heading\">Tuotteen sopivuus<\/h3>\n\n\n\n<p>Tarkistamme tilausten sopivuuden ajoneuvon valmistenumeroa k\u00e4ytt\u00e4en. N\u00e4in varmistamme, ett\u00e4 toimitamme sopivan tuotteen.<\/p>\n\n\n\n<h3 class=\"wp-block-heading\">Kuluttaja-asiakkaan tilaukset<\/h3>\n\n\n\n<p>Kuluttajakaupassa k\u00e4yt\u00e4mme suomalaista&nbsp;<a href=\"https:\/\/www.paytrail.com\/kuluttajille\">Paytrail-maksulaitosta<\/a>. K\u00e4yt\u00f6ss\u00e4si on kaikki maksutavat: verkkopankki, luottokortit, laskulla-palvelu ja osamaksu. Tuotteet ovat Moottoripalvelu.fi\u00b4n omaisuutta kunnes ne on maksettu.<\/p>\n\n\n\n<div class=\"wp-block-image\"><figure class=\"aligncenter size-large\"><img loading=\"lazy\" decoding=\"async\" width=\"411\" height=\"253\" src=\"https:\/\/moottoripalvelu.fi\/wp-content\/uploads\/2021\/04\/paytrail.jpg\" alt=\"\" class=\"wp-image-81\" srcset=\"https:\/\/moottoripalvelu.fi\/wp-content\/uploads\/2021\/04\/paytrail.jpg 411w, https:\/\/moottoripalvelu.fi\/wp-content\/uploads\/2021\/04\/paytrail-300x185.jpg 300w\" sizes=\"auto, (max-width: 411px) 100vw, 411px\" \/><\/figure><\/div>\n\n\n\n<h3 class=\"wp-block-heading\">Yritystilaukset<\/h3>\n\n\n\n<p>Yrityksille laskutus verkkolaskuna tai pdf-tiedostona. Luottotiedot tarkistetaan aina. Tuote on Moottoripalvelu.fi\u00b4n omaisuutta kunnes se on koonaisuudessaan maksettu.<\/p>\n\n\n\n<h3 class=\"wp-block-heading\">Toimitusaika ja -kulut<\/h3>\n\n\n\n<p>Toimitusaika on, tuotteesta ja valmistajasta riipuen, yleens\u00e4 4-9 arkip\u00e4iv\u00e4\u00e4. Yli 15 arkip\u00e4iv\u00e4n toimitukset ovat poikkeuksia.<\/p>\n\n\n\n<p>Toimituskulut ilmoitetaan tarjouksen yhteydess\u00e4 erillisen\u00e4 rivin\u00e4. Toimitukset hoitaa Schenker Cargo, FedEx\/TNT, DPD ja UPS. Toimitamme tilauksessa annettuun osoitteeseen.<\/p>\n\n\n\n<h3 class=\"wp-block-heading\">Kuluttajan oikeus palauttaa tai vaihtaa tuote<\/h3>\n\n\n\n<p>Kuluttajansuojalaki antaa kuluttaja-asiakkaalle et\u00e4myynniss\u00e4 14 p\u00e4iv\u00e4n palautusoikeuden.<\/p>\n\n\n\n<p>Tehdaskorjattujen vaihtomoottoreiden, ja k\u00e4ytettyjen moottoreiden osata palautusoikeus&nbsp;<a href=\"https:\/\/finlex.fi\/fi\/laki\/ajantasa\/1978\/19780038\">Kuluttajansuojanlain 16\u00a7 3 momentin nojalla rajoitettu,&nbsp;<\/a>koska vaihtomoottori valmistetaan tilausty\u00f6n\u00e4 asiakkaan autoon sopivaksi, ja k\u00e4ytetty moottori puretaan sek\u00e4 muokataan asiakkaan autoon sopivaksi.<\/p>\n\n\n\n<h3 class=\"wp-block-heading\">Yrityksen oikeus palauttaa tai vaihtaa tuote<\/h3>\n\n\n\n<p>Yritysasiakkailla ei automaattisesti ole palautusoikeutta. Mahdolliset palautukset neuvotellaan erikseen.<\/p>\n\n\n\n<h3 class=\"wp-block-heading\">Palautuskustannukset<\/h3>\n\n\n\n<p>Mik\u00e4li asiakkaan aloitteesta sovitaan kaupan purkaminen ja tuotteen palautus, laskutetaan rahtikukstannukset asiakkalta alkuper\u00e4isess\u00e4 tarjouksessa ilmoitetun toimituskulun mukaisesti.<\/p>\n\n\n\n<h3 class=\"wp-block-heading\">Hyvitykset<\/h3>\n\n\n\n<p>Hyvitys maksetaan mahdollisimman nopeasti \u2013 p\u00e4\u00e4s\u00e4\u00e4nt\u00f6isesti 1-3 arkip\u00e4iv\u00e4n kuluessa.<\/p>\n\n\n\n<p>Hyvitykset maksetaan viimeist\u00e4\u00e4n 14 p\u00e4iv\u00e4n kuluttua palautettavan tuotteen vastaanottamisesta tai siit\u00e4, kun kaupan purkamisesta on sovittu. Saat s\u00e4hk\u00f6postiin hyvityslaskun, jossa n\u00e4kyy hyvitysp\u00e4iv\u00e4.<\/p>\n\n\n\n<p>Kuluttajansuojalaki 6. luku \u00a710&nbsp;<a rel=\"noreferrer noopener\" href=\"http:\/\/www.finlex.fi\/fi\/laki\/ajantasa\/1978\/19780038\" target=\"_blank\">http:\/\/www.finlex.fi\/fi\/laki\/ajantasa\/1978\/19780038<\/a><\/p>\n\n\n\n<h3 class=\"wp-block-heading\">Force majeure<\/h3>\n\n\n\n<p>Ylivoimainen este. Myyj\u00e4 pid\u00e4tt\u00e4\u00e4 oikeuden tilauksen peruuttamiseen, jos hinnoittelussa on tapahtunut oleellinen virhe. Edelleen, myyj\u00e4 pid\u00e4tt\u00e4\u00e4 oikeuden peruuttaa tilaus tai tarjota tilalle toista tuotetta, tai jos valmistaja ei pysty toimittamaan tilattua tuotetta kohtuullisessa ajassa.<\/p>\n\n\n\n<p>Myyj\u00e4 ei vastaa mahdollisista virheist\u00e4 tai viiveist\u00e4, jotka aiheutuvat rahaliikennett\u00e4 hoitavien pankkien, rahoitusyhti\u00f6iden ja maksuliikenneyhti\u00f6iden toiminnasta. Myyj\u00e4 ei vastaa logistiikkayhti\u00f6iden virheist\u00e4 aiheutuvista viivytyksist\u00e4 tai niiden v\u00e4lillisist\u00e4 vaikutuksista.<\/p>\n\n\n\n<h3 class=\"wp-block-heading\">Erimielisyyksien ratkaiseminen<\/h3>\n\n\n\n<p>Kauppaan liittyv\u00e4t erimielisyydet pyrit\u00e4\u00e4n ratkaisemaan yhteisty\u00f6ss\u00e4 asiakkaan kanssa. Kauppaehdoissa voimme harkita joustamista, mutta kaupank\u00e4ynti\u00e4 s\u00e4\u00e4televi\u00e4 lakeja noudamme tarkasti.<\/p>\n\n\n\n<p>Mik\u00e4li sopimukseen ei p\u00e4\u00e4st\u00e4, ota yhteytt\u00e4 Kuluttajaneuvontaan (<a href=\"http:\/\/www.kuluttajaneuvonta.fi\/\">www.kuluttajaneuvonta.fi<\/a>), puhelin 029 505 3050. Kuluttajaneuvonan avulla l\u00f6ydet\u00e4\u00e4n yleens\u00e4 ratkaisu. T\u00e4m\u00e4n j\u00e4lkeen, on kuluttajalla my\u00f6s oikeus vied\u00e4 asia kuluttajariitalautakunnan (<a rel=\"noreferrer noopener\" href=\"http:\/\/www.kuluttajariita.fi\/fi\/\" target=\"_blank\">www.kuluttajariita.fi<\/a>) ratkaistavaksi.<\/p>\n","protected":false},"excerpt":{"rendered":"<p>TOIMITUSEHDOT Tutustu toimitusehtoihin ennen tilauksen tekemist\u00e4. Noudatamme Suomen Kuluttajansuojalakia ja Kauppalakia, sek\u00e4 hyvi\u00e4 kauppatapoja. Tuotteen sopivuus Tarkistamme tilausten sopivuuden ajoneuvon valmistenumeroa k\u00e4ytt\u00e4en. N\u00e4in varmistamme, ett\u00e4 toimitamme sopivan tuotteen. Kuluttaja-asiakkaan tilaukset Kuluttajakaupassa k\u00e4yt\u00e4mme suomalaista&nbsp;Paytrail-maksulaitosta. K\u00e4yt\u00f6ss\u00e4si on kaikki maksutavat: verkkopankki, luottokortit, laskulla-palvelu ja osamaksu. Tuotteet ovat Moottoripalvelu.fi\u00b4n omaisuutta kunnes ne on maksettu. Yritystilaukset Yrityksille laskutus verkkolaskuna tai &hellip;<\/p>\n","protected":false},"author":1,"featured_media":0,"parent":0,"menu_order":0,"comment_status":"closed","ping_status":"closed","template":"","meta":{"footnotes":""},"class_list":["post-51","page","type-page","status-publish","hentry"],"yoast_head":"<!-- This site is optimized with the Yoast SEO plugin v27.3 - https:\/\/yoast.com\/product\/yoast-seo-wordpress\/ -->\n<title>Toimitusehdot - Moottoripalvelu.fi<\/title>\n<meta name=\"robots\" content=\"index, follow, max-snippet:-1, max-image-preview:large, max-video-preview:-1\" \/>\n<link rel=\"canonical\" href=\"https:\/\/moottoripalvelu.fi\/index.php\/toimitusehdot\/\" \/>\n<meta property=\"og:locale\" content=\"fi_FI\" \/>\n<meta property=\"og:type\" content=\"article\" \/>\n<meta property=\"og:title\" content=\"Toimitusehdot - Moottoripalvelu.fi\" \/>\n<meta property=\"og:description\" content=\"TOIMITUSEHDOT Tutustu toimitusehtoihin ennen tilauksen tekemist\u00e4. Noudatamme Suomen Kuluttajansuojalakia ja Kauppalakia, sek\u00e4 hyvi\u00e4 kauppatapoja. Tuotteen sopivuus Tarkistamme tilausten sopivuuden ajoneuvon valmistenumeroa k\u00e4ytt\u00e4en. N\u00e4in varmistamme, ett\u00e4 toimitamme sopivan tuotteen. Kuluttaja-asiakkaan tilaukset Kuluttajakaupassa k\u00e4yt\u00e4mme suomalaista&nbsp;Paytrail-maksulaitosta. K\u00e4yt\u00f6ss\u00e4si on kaikki maksutavat: verkkopankki, luottokortit, laskulla-palvelu ja osamaksu. Tuotteet ovat Moottoripalvelu.fi\u00b4n omaisuutta kunnes ne on maksettu. Yritystilaukset Yrityksille laskutus verkkolaskuna tai &hellip;\" \/>\n<meta property=\"og:url\" content=\"https:\/\/moottoripalvelu.fi\/index.php\/toimitusehdot\/\" \/>\n<meta property=\"og:site_name\" content=\"Moottoripalvelu.fi\" \/>\n<meta property=\"article:modified_time\" content=\"2021-05-12T08:09:49+00:00\" \/>\n<meta property=\"og:image\" content=\"http:\/\/moottoripalvelu.fi\/wp-content\/uploads\/2021\/04\/paytrail.jpg\" \/>\n<meta name=\"twitter:card\" content=\"summary_large_image\" \/>\n<meta name=\"twitter:label1\" content=\"Arvioitu lukuaika\" \/>\n\t<meta name=\"twitter:data1\" content=\"2 minuuttia\" \/>\n<script type=\"application\/ld+json\" class=\"yoast-schema-graph\">{\"@context\":\"https:\\\/\\\/schema.org\",\"@graph\":[{\"@type\":\"WebPage\",\"@id\":\"https:\\\/\\\/moottoripalvelu.fi\\\/index.php\\\/toimitusehdot\\\/\",\"url\":\"https:\\\/\\\/moottoripalvelu.fi\\\/index.php\\\/toimitusehdot\\\/\",\"name\":\"Toimitusehdot - Moottoripalvelu.fi\",\"isPartOf\":{\"@id\":\"https:\\\/\\\/moottoripalvelu.fi\\\/#website\"},\"primaryImageOfPage\":{\"@id\":\"https:\\\/\\\/moottoripalvelu.fi\\\/index.php\\\/toimitusehdot\\\/#primaryimage\"},\"image\":{\"@id\":\"https:\\\/\\\/moottoripalvelu.fi\\\/index.php\\\/toimitusehdot\\\/#primaryimage\"},\"thumbnailUrl\":\"http:\\\/\\\/moottoripalvelu.fi\\\/wp-content\\\/uploads\\\/2021\\\/04\\\/paytrail.jpg\",\"datePublished\":\"2021-04-06T12:31:35+00:00\",\"dateModified\":\"2021-05-12T08:09:49+00:00\",\"breadcrumb\":{\"@id\":\"https:\\\/\\\/moottoripalvelu.fi\\\/index.php\\\/toimitusehdot\\\/#breadcrumb\"},\"inLanguage\":\"fi\",\"potentialAction\":[{\"@type\":\"ReadAction\",\"target\":[\"https:\\\/\\\/moottoripalvelu.fi\\\/index.php\\\/toimitusehdot\\\/\"]}]},{\"@type\":\"ImageObject\",\"inLanguage\":\"fi\",\"@id\":\"https:\\\/\\\/moottoripalvelu.fi\\\/index.php\\\/toimitusehdot\\\/#primaryimage\",\"url\":\"https:\\\/\\\/moottoripalvelu.fi\\\/wp-content\\\/uploads\\\/2021\\\/04\\\/paytrail.jpg\",\"contentUrl\":\"https:\\\/\\\/moottoripalvelu.fi\\\/wp-content\\\/uploads\\\/2021\\\/04\\\/paytrail.jpg\",\"width\":411,\"height\":253},{\"@type\":\"BreadcrumbList\",\"@id\":\"https:\\\/\\\/moottoripalvelu.fi\\\/index.php\\\/toimitusehdot\\\/#breadcrumb\",\"itemListElement\":[{\"@type\":\"ListItem\",\"position\":1,\"name\":\"Home\",\"item\":\"https:\\\/\\\/moottoripalvelu.fi\\\/\"},{\"@type\":\"ListItem\",\"position\":2,\"name\":\"Toimitusehdot\"}]},{\"@type\":\"WebSite\",\"@id\":\"https:\\\/\\\/moottoripalvelu.fi\\\/#website\",\"url\":\"https:\\\/\\\/moottoripalvelu.fi\\\/\",\"name\":\"Moottoripalvelu.fi\",\"description\":\"Moottorit - vaihteistot - kytkimet\",\"publisher\":{\"@id\":\"https:\\\/\\\/moottoripalvelu.fi\\\/#organization\"},\"potentialAction\":[{\"@type\":\"SearchAction\",\"target\":{\"@type\":\"EntryPoint\",\"urlTemplate\":\"https:\\\/\\\/moottoripalvelu.fi\\\/?s={search_term_string}\"},\"query-input\":{\"@type\":\"PropertyValueSpecification\",\"valueRequired\":true,\"valueName\":\"search_term_string\"}}],\"inLanguage\":\"fi\"},{\"@type\":\"Organization\",\"@id\":\"https:\\\/\\\/moottoripalvelu.fi\\\/#organization\",\"name\":\"Moottoripalvelu.fi\",\"url\":\"https:\\\/\\\/moottoripalvelu.fi\\\/\",\"logo\":{\"@type\":\"ImageObject\",\"inLanguage\":\"fi\",\"@id\":\"https:\\\/\\\/moottoripalvelu.fi\\\/#\\\/schema\\\/logo\\\/image\\\/\",\"url\":\"https:\\\/\\\/moottoripalvelu.fi\\\/wp-content\\\/uploads\\\/2021\\\/07\\\/logo_01_450.png\",\"contentUrl\":\"https:\\\/\\\/moottoripalvelu.fi\\\/wp-content\\\/uploads\\\/2021\\\/07\\\/logo_01_450.png\",\"width\":450,\"height\":73,\"caption\":\"Moottoripalvelu.fi\"},\"image\":{\"@id\":\"https:\\\/\\\/moottoripalvelu.fi\\\/#\\\/schema\\\/logo\\\/image\\\/\"}}]}<\/script>\n<!-- \/ Yoast SEO plugin. -->","yoast_head_json":{"title":"Toimitusehdot - Moottoripalvelu.fi","robots":{"index":"index","follow":"follow","max-snippet":"max-snippet:-1","max-image-preview":"max-image-preview:large","max-video-preview":"max-video-preview:-1"},"canonical":"https:\/\/moottoripalvelu.fi\/index.php\/toimitusehdot\/","og_locale":"fi_FI","og_type":"article","og_title":"Toimitusehdot - Moottoripalvelu.fi","og_description":"TOIMITUSEHDOT Tutustu toimitusehtoihin ennen tilauksen tekemist\u00e4. Noudatamme Suomen Kuluttajansuojalakia ja Kauppalakia, sek\u00e4 hyvi\u00e4 kauppatapoja. Tuotteen sopivuus Tarkistamme tilausten sopivuuden ajoneuvon valmistenumeroa k\u00e4ytt\u00e4en. N\u00e4in varmistamme, ett\u00e4 toimitamme sopivan tuotteen. Kuluttaja-asiakkaan tilaukset Kuluttajakaupassa k\u00e4yt\u00e4mme suomalaista&nbsp;Paytrail-maksulaitosta. K\u00e4yt\u00f6ss\u00e4si on kaikki maksutavat: verkkopankki, luottokortit, laskulla-palvelu ja osamaksu. Tuotteet ovat Moottoripalvelu.fi\u00b4n omaisuutta kunnes ne on maksettu. Yritystilaukset Yrityksille laskutus verkkolaskuna tai &hellip;","og_url":"https:\/\/moottoripalvelu.fi\/index.php\/toimitusehdot\/","og_site_name":"Moottoripalvelu.fi","article_modified_time":"2021-05-12T08:09:49+00:00","og_image":[{"url":"http:\/\/moottoripalvelu.fi\/wp-content\/uploads\/2021\/04\/paytrail.jpg","type":"","width":"","height":""}],"twitter_card":"summary_large_image","twitter_misc":{"Arvioitu lukuaika":"2 minuuttia"},"schema":{"@context":"https:\/\/schema.org","@graph":[{"@type":"WebPage","@id":"https:\/\/moottoripalvelu.fi\/index.php\/toimitusehdot\/","url":"https:\/\/moottoripalvelu.fi\/index.php\/toimitusehdot\/","name":"Toimitusehdot - Moottoripalvelu.fi","isPartOf":{"@id":"https:\/\/moottoripalvelu.fi\/#website"},"primaryImageOfPage":{"@id":"https:\/\/moottoripalvelu.fi\/index.php\/toimitusehdot\/#primaryimage"},"image":{"@id":"https:\/\/moottoripalvelu.fi\/index.php\/toimitusehdot\/#primaryimage"},"thumbnailUrl":"http:\/\/moottoripalvelu.fi\/wp-content\/uploads\/2021\/04\/paytrail.jpg","datePublished":"2021-04-06T12:31:35+00:00","dateModified":"2021-05-12T08:09:49+00:00","breadcrumb":{"@id":"https:\/\/moottoripalvelu.fi\/index.php\/toimitusehdot\/#breadcrumb"},"inLanguage":"fi","potentialAction":[{"@type":"ReadAction","target":["https:\/\/moottoripalvelu.fi\/index.php\/toimitusehdot\/"]}]},{"@type":"ImageObject","inLanguage":"fi","@id":"https:\/\/moottoripalvelu.fi\/index.php\/toimitusehdot\/#primaryimage","url":"https:\/\/moottoripalvelu.fi\/wp-content\/uploads\/2021\/04\/paytrail.jpg","contentUrl":"https:\/\/moottoripalvelu.fi\/wp-content\/uploads\/2021\/04\/paytrail.jpg","width":411,"height":253},{"@type":"BreadcrumbList","@id":"https:\/\/moottoripalvelu.fi\/index.php\/toimitusehdot\/#breadcrumb","itemListElement":[{"@type":"ListItem","position":1,"name":"Home","item":"https:\/\/moottoripalvelu.fi\/"},{"@type":"ListItem","position":2,"name":"Toimitusehdot"}]},{"@type":"WebSite","@id":"https:\/\/moottoripalvelu.fi\/#website","url":"https:\/\/moottoripalvelu.fi\/","name":"Moottoripalvelu.fi","description":"Moottorit - vaihteistot - kytkimet","publisher":{"@id":"https:\/\/moottoripalvelu.fi\/#organization"},"potentialAction":[{"@type":"SearchAction","target":{"@type":"EntryPoint","urlTemplate":"https:\/\/moottoripalvelu.fi\/?s={search_term_string}"},"query-input":{"@type":"PropertyValueSpecification","valueRequired":true,"valueName":"search_term_string"}}],"inLanguage":"fi"},{"@type":"Organization","@id":"https:\/\/moottoripalvelu.fi\/#organization","name":"Moottoripalvelu.fi","url":"https:\/\/moottoripalvelu.fi\/","logo":{"@type":"ImageObject","inLanguage":"fi","@id":"https:\/\/moottoripalvelu.fi\/#\/schema\/logo\/image\/","url":"https:\/\/moottoripalvelu.fi\/wp-content\/uploads\/2021\/07\/logo_01_450.png","contentUrl":"https:\/\/moottoripalvelu.fi\/wp-content\/uploads\/2021\/07\/logo_01_450.png","width":450,"height":73,"caption":"Moottoripalvelu.fi"},"image":{"@id":"https:\/\/moottoripalvelu.fi\/#\/schema\/logo\/image\/"}}]}},"_links":{"self":[{"href":"https:\/\/moottoripalvelu.fi\/index.php\/wp-json\/wp\/v2\/pages\/51","targetHints":{"allow":["GET"]}}],"collection":[{"href":"https:\/\/moottoripalvelu.fi\/index.php\/wp-json\/wp\/v2\/pages"}],"about":[{"href":"https:\/\/moottoripalvelu.fi\/index.php\/wp-json\/wp\/v2\/types\/page"}],"author":[{"embeddable":true,"href":"https:\/\/moottoripalvelu.fi\/index.php\/wp-json\/wp\/v2\/users\/1"}],"replies":[{"embeddable":true,"href":"https:\/\/moottoripalvelu.fi\/index.php\/wp-json\/wp\/v2\/comments?post=51"}],"version-history":[{"count":3,"href":"https:\/\/moottoripalvelu.fi\/index.php\/wp-json\/wp\/v2\/pages\/51\/revisions"}],"predecessor-version":[{"id":11727,"href":"https:\/\/moottoripalvelu.fi\/index.php\/wp-json\/wp\/v2\/pages\/51\/revisions\/11727"}],"wp:attachment":[{"href":"https:\/\/moottoripalvelu.fi\/index.php\/wp-json\/wp\/v2\/media?parent=51"}],"curies":[{"name":"wp","href":"https:\/\/api.w.org\/{rel}","templated":true}]}}