{"id":55,"date":"2021-04-06T15:32:36","date_gmt":"2021-04-06T12:32:36","guid":{"rendered":"http:\/\/moottoripalvelu.fi\/?page_id=55"},"modified":"2022-04-04T21:45:48","modified_gmt":"2022-04-04T18:45:48","slug":"uusi-moottori","status":"publish","type":"page","link":"https:\/\/moottoripalvelu.fi\/index.php\/uusi-moottori\/","title":{"rendered":"Tehdasuusi moottori"},"content":{"rendered":"\n<h1 class=\"wp-block-heading\">Tehdasuusi vaihtomoottori <\/h1>\n\n\n\n<p class=\"has-medium-font-size\"><strong>Moottoripalvelu.fi toimittaa uusia vaihtomoottoreita yhteisty\u00f6ss\u00e4 alan johtavien eurooppalaisten tukkuliikkeiden kanssa. Kun teet tarjouspyynn\u00f6n, saat automaattisesti tarjouksen uudesta moottorista, jos niit\u00e4 on saatavissa.<\/strong><\/p>\n\n\n\n<div class=\"wp-block-image\"><figure class=\"alignleft size-large is-resized\"><img decoding=\"async\" src=\"https:\/\/moottoripalvelu.fi\/wp-content\/uploads\/2022\/04\/Opel_B12XHT_4-768x1024.jpg\" alt=\"Uusi vaihtomoottori, Opel B20XHT, valmistaja on PSA. T\u00e4m\u00e4 moottori on k\u00e4yt\u00f6ss\u00e4 my\u00f6s Citroen ja Peugeot -autoissa. \" class=\"wp-image-13549\" width=\"400\" srcset=\"https:\/\/moottoripalvelu.fi\/wp-content\/uploads\/2022\/04\/Opel_B12XHT_4-768x1024.jpg 768w, https:\/\/moottoripalvelu.fi\/wp-content\/uploads\/2022\/04\/Opel_B12XHT_4-225x300.jpg 225w, https:\/\/moottoripalvelu.fi\/wp-content\/uploads\/2022\/04\/Opel_B12XHT_4-1152x1536.jpg 1152w, https:\/\/moottoripalvelu.fi\/wp-content\/uploads\/2022\/04\/Opel_B12XHT_4-300x400.jpg 300w, https:\/\/moottoripalvelu.fi\/wp-content\/uploads\/2022\/04\/Opel_B12XHT_4-600x800.jpg 600w, https:\/\/moottoripalvelu.fi\/wp-content\/uploads\/2022\/04\/Opel_B12XHT_4.jpg 1200w\" sizes=\"(max-width: 768px) 100vw, 768px\" \/><figcaption>Alkuper\u00e4inen uusi vaihtomoottori on yleens\u00e4 kattavammin varusteltu kuin tehdaskorjattu vaihtomoottori <\/figcaption><\/figure><\/div>\n\n\n\n<p class=\"has-medium-font-size\">Alkuper\u00e4inen, autonvalmistajan moottoritehtaan tuottama uusi moottori on usein kilpailukykyinen vaihtoehto kunnostetulle moottorille. Uusien moottoreiden saatavuus vaihtelee huomattavasti, vaikka auto-\/moottorimalli olisi viel\u00e4 tuotannossa. <\/p>\n\n\n\n<p class=\"has-medium-font-size\">Seuraamme aktiivisesti uusien moottoreiden saatavuutta. Varsinkin eurooppalaisten automerkkien merkkien tuotannosta poistuneiden mallien moottoreita on usein saatavissa jopa yli 10-vuotta tuotannon p\u00e4\u00e4ttymisen j\u00e4lkeen.<\/p>\n\n\n\n<p class=\"has-medium-font-size\">Yleens\u00e4 automallin valmistuksen p\u00e4\u00e4ttytty\u00e4 uusia moottoreita on saatavissa viel\u00e4 useiden vuosien ajan. Ajoittain tarjolle tulee my\u00f6s ns. uutta vanhaa varastoa \u2013 eli alkuper\u00e4isess\u00e4 pakkauksessa olevia uusia moottoreita. Valmistajan suojarasvassa oleva moottori s\u00e4ilyy avaamattomassa pakkauksessa uuden veroisena vuosikymmeni\u00e4. 2000-luvun alun moottoreita on viel\u00e4 ajoittain saatavissa.<\/p>\n\n\n\n<p><strong><a href=\"https:\/\/moottoripalvelu.fi\/index.php\/tarjouspyynto-moottorista\/\" target=\"_blank\" rel=\"noreferrer noopener\">Pyyd\u00e4 tarjous &#8211; klikkaa t\u00e4st\u00e4 ja t\u00e4yt\u00e4 lomake<\/a><\/strong><\/p>\n","protected":false},"excerpt":{"rendered":"<p>Tehdasuusi vaihtomoottori Moottoripalvelu.fi toimittaa uusia vaihtomoottoreita yhteisty\u00f6ss\u00e4 alan johtavien eurooppalaisten tukkuliikkeiden kanssa. Kun teet tarjouspyynn\u00f6n, saat automaattisesti tarjouksen uudesta moottorista, jos niit\u00e4 on saatavissa. Alkuper\u00e4inen, autonvalmistajan moottoritehtaan tuottama uusi moottori on usein kilpailukykyinen vaihtoehto kunnostetulle moottorille. Uusien moottoreiden saatavuus vaihtelee huomattavasti, vaikka auto-\/moottorimalli olisi viel\u00e4 tuotannossa. Seuraamme aktiivisesti uusien moottoreiden saatavuutta. Varsinkin eurooppalaisten automerkkien merkkien &hellip;<\/p>\n","protected":false},"author":2,"featured_media":0,"parent":0,"menu_order":0,"comment_status":"closed","ping_status":"closed","template":"","meta":{"footnotes":""},"class_list":["post-55","page","type-page","status-publish","hentry"],"yoast_head":"<!-- This site is optimized with the Yoast SEO plugin v27.3 - https:\/\/yoast.com\/product\/yoast-seo-wordpress\/ -->\n<title>Tehdasuusi moottori - Moottoripalvelu.fi<\/title>\n<meta name=\"description\" content=\"Tehdasuusi vaihtomoottori on alkuper\u00e4inen, auton valmistajan moottoritehtaan valmistama t\u00e4ysin uusi moottori.\" \/>\n<meta name=\"robots\" content=\"index, follow, max-snippet:-1, max-image-preview:large, max-video-preview:-1\" \/>\n<link rel=\"canonical\" href=\"https:\/\/moottoripalvelu.fi\/index.php\/uusi-moottori\/\" \/>\n<meta property=\"og:locale\" content=\"fi_FI\" \/>\n<meta property=\"og:type\" content=\"article\" \/>\n<meta property=\"og:title\" content=\"Tehdasuusi moottori - Moottoripalvelu.fi\" \/>\n<meta property=\"og:description\" content=\"Tehdasuusi vaihtomoottori on alkuper\u00e4inen, auton valmistajan moottoritehtaan valmistama t\u00e4ysin uusi moottori.\" \/>\n<meta property=\"og:url\" content=\"https:\/\/moottoripalvelu.fi\/index.php\/uusi-moottori\/\" \/>\n<meta property=\"og:site_name\" content=\"Moottoripalvelu.fi\" \/>\n<meta property=\"article:modified_time\" content=\"2022-04-04T18:45:48+00:00\" \/>\n<meta property=\"og:image\" content=\"https:\/\/moottoripalvelu.fi\/wp-content\/uploads\/2022\/04\/Opel_B12XHT_4-768x1024.jpg\" \/>\n<meta name=\"twitter:card\" content=\"summary_large_image\" \/>\n<meta name=\"twitter:label1\" content=\"Arvioitu lukuaika\" \/>\n\t<meta name=\"twitter:data1\" content=\"1 minuutti\" \/>\n<script type=\"application\/ld+json\" class=\"yoast-schema-graph\">{\"@context\":\"https:\\\/\\\/schema.org\",\"@graph\":[{\"@type\":\"WebPage\",\"@id\":\"https:\\\/\\\/moottoripalvelu.fi\\\/index.php\\\/uusi-moottori\\\/\",\"url\":\"https:\\\/\\\/moottoripalvelu.fi\\\/index.php\\\/uusi-moottori\\\/\",\"name\":\"Tehdasuusi moottori - Moottoripalvelu.fi\",\"isPartOf\":{\"@id\":\"https:\\\/\\\/moottoripalvelu.fi\\\/#website\"},\"primaryImageOfPage\":{\"@id\":\"https:\\\/\\\/moottoripalvelu.fi\\\/index.php\\\/uusi-moottori\\\/#primaryimage\"},\"image\":{\"@id\":\"https:\\\/\\\/moottoripalvelu.fi\\\/index.php\\\/uusi-moottori\\\/#primaryimage\"},\"thumbnailUrl\":\"https:\\\/\\\/moottoripalvelu.fi\\\/wp-content\\\/uploads\\\/2022\\\/04\\\/Opel_B12XHT_4-768x1024.jpg\",\"datePublished\":\"2021-04-06T12:32:36+00:00\",\"dateModified\":\"2022-04-04T18:45:48+00:00\",\"description\":\"Tehdasuusi vaihtomoottori on alkuper\u00e4inen, auton valmistajan moottoritehtaan valmistama t\u00e4ysin uusi moottori.\",\"breadcrumb\":{\"@id\":\"https:\\\/\\\/moottoripalvelu.fi\\\/index.php\\\/uusi-moottori\\\/#breadcrumb\"},\"inLanguage\":\"fi\",\"potentialAction\":[{\"@type\":\"ReadAction\",\"target\":[\"https:\\\/\\\/moottoripalvelu.fi\\\/index.php\\\/uusi-moottori\\\/\"]}]},{\"@type\":\"ImageObject\",\"inLanguage\":\"fi\",\"@id\":\"https:\\\/\\\/moottoripalvelu.fi\\\/index.php\\\/uusi-moottori\\\/#primaryimage\",\"url\":\"https:\\\/\\\/moottoripalvelu.fi\\\/wp-content\\\/uploads\\\/2022\\\/04\\\/Opel_B12XHT_4.jpg\",\"contentUrl\":\"https:\\\/\\\/moottoripalvelu.fi\\\/wp-content\\\/uploads\\\/2022\\\/04\\\/Opel_B12XHT_4.jpg\",\"width\":1200,\"height\":1600,\"caption\":\"Alkuper\u00e4inen uusi vaihtomoottori on yleens\u00e4 kattavammin varusteltu kuin tehdaskorjattu vaihtomoottori\"},{\"@type\":\"BreadcrumbList\",\"@id\":\"https:\\\/\\\/moottoripalvelu.fi\\\/index.php\\\/uusi-moottori\\\/#breadcrumb\",\"itemListElement\":[{\"@type\":\"ListItem\",\"position\":1,\"name\":\"Home\",\"item\":\"https:\\\/\\\/moottoripalvelu.fi\\\/\"},{\"@type\":\"ListItem\",\"position\":2,\"name\":\"Tehdasuusi moottori\"}]},{\"@type\":\"WebSite\",\"@id\":\"https:\\\/\\\/moottoripalvelu.fi\\\/#website\",\"url\":\"https:\\\/\\\/moottoripalvelu.fi\\\/\",\"name\":\"Moottoripalvelu.fi\",\"description\":\"Moottorit - vaihteistot - kytkimet\",\"publisher\":{\"@id\":\"https:\\\/\\\/moottoripalvelu.fi\\\/#organization\"},\"potentialAction\":[{\"@type\":\"SearchAction\",\"target\":{\"@type\":\"EntryPoint\",\"urlTemplate\":\"https:\\\/\\\/moottoripalvelu.fi\\\/?s={search_term_string}\"},\"query-input\":{\"@type\":\"PropertyValueSpecification\",\"valueRequired\":true,\"valueName\":\"search_term_string\"}}],\"inLanguage\":\"fi\"},{\"@type\":\"Organization\",\"@id\":\"https:\\\/\\\/moottoripalvelu.fi\\\/#organization\",\"name\":\"Moottoripalvelu.fi\",\"url\":\"https:\\\/\\\/moottoripalvelu.fi\\\/\",\"logo\":{\"@type\":\"ImageObject\",\"inLanguage\":\"fi\",\"@id\":\"https:\\\/\\\/moottoripalvelu.fi\\\/#\\\/schema\\\/logo\\\/image\\\/\",\"url\":\"https:\\\/\\\/moottoripalvelu.fi\\\/wp-content\\\/uploads\\\/2021\\\/07\\\/logo_01_450.png\",\"contentUrl\":\"https:\\\/\\\/moottoripalvelu.fi\\\/wp-content\\\/uploads\\\/2021\\\/07\\\/logo_01_450.png\",\"width\":450,\"height\":73,\"caption\":\"Moottoripalvelu.fi\"},\"image\":{\"@id\":\"https:\\\/\\\/moottoripalvelu.fi\\\/#\\\/schema\\\/logo\\\/image\\\/\"}}]}<\/script>\n<!-- \/ Yoast SEO plugin. -->","yoast_head_json":{"title":"Tehdasuusi moottori - Moottoripalvelu.fi","description":"Tehdasuusi vaihtomoottori on alkuper\u00e4inen, auton valmistajan moottoritehtaan valmistama t\u00e4ysin uusi moottori.","robots":{"index":"index","follow":"follow","max-snippet":"max-snippet:-1","max-image-preview":"max-image-preview:large","max-video-preview":"max-video-preview:-1"},"canonical":"https:\/\/moottoripalvelu.fi\/index.php\/uusi-moottori\/","og_locale":"fi_FI","og_type":"article","og_title":"Tehdasuusi moottori - Moottoripalvelu.fi","og_description":"Tehdasuusi vaihtomoottori on alkuper\u00e4inen, auton valmistajan moottoritehtaan valmistama t\u00e4ysin uusi moottori.","og_url":"https:\/\/moottoripalvelu.fi\/index.php\/uusi-moottori\/","og_site_name":"Moottoripalvelu.fi","article_modified_time":"2022-04-04T18:45:48+00:00","og_image":[{"url":"https:\/\/moottoripalvelu.fi\/wp-content\/uploads\/2022\/04\/Opel_B12XHT_4-768x1024.jpg","type":"","width":"","height":""}],"twitter_card":"summary_large_image","twitter_misc":{"Arvioitu lukuaika":"1 minuutti"},"schema":{"@context":"https:\/\/schema.org","@graph":[{"@type":"WebPage","@id":"https:\/\/moottoripalvelu.fi\/index.php\/uusi-moottori\/","url":"https:\/\/moottoripalvelu.fi\/index.php\/uusi-moottori\/","name":"Tehdasuusi moottori - Moottoripalvelu.fi","isPartOf":{"@id":"https:\/\/moottoripalvelu.fi\/#website"},"primaryImageOfPage":{"@id":"https:\/\/moottoripalvelu.fi\/index.php\/uusi-moottori\/#primaryimage"},"image":{"@id":"https:\/\/moottoripalvelu.fi\/index.php\/uusi-moottori\/#primaryimage"},"thumbnailUrl":"https:\/\/moottoripalvelu.fi\/wp-content\/uploads\/2022\/04\/Opel_B12XHT_4-768x1024.jpg","datePublished":"2021-04-06T12:32:36+00:00","dateModified":"2022-04-04T18:45:48+00:00","description":"Tehdasuusi vaihtomoottori on alkuper\u00e4inen, auton valmistajan moottoritehtaan valmistama t\u00e4ysin uusi moottori.","breadcrumb":{"@id":"https:\/\/moottoripalvelu.fi\/index.php\/uusi-moottori\/#breadcrumb"},"inLanguage":"fi","potentialAction":[{"@type":"ReadAction","target":["https:\/\/moottoripalvelu.fi\/index.php\/uusi-moottori\/"]}]},{"@type":"ImageObject","inLanguage":"fi","@id":"https:\/\/moottoripalvelu.fi\/index.php\/uusi-moottori\/#primaryimage","url":"https:\/\/moottoripalvelu.fi\/wp-content\/uploads\/2022\/04\/Opel_B12XHT_4.jpg","contentUrl":"https:\/\/moottoripalvelu.fi\/wp-content\/uploads\/2022\/04\/Opel_B12XHT_4.jpg","width":1200,"height":1600,"caption":"Alkuper\u00e4inen uusi vaihtomoottori on yleens\u00e4 kattavammin varusteltu kuin tehdaskorjattu vaihtomoottori"},{"@type":"BreadcrumbList","@id":"https:\/\/moottoripalvelu.fi\/index.php\/uusi-moottori\/#breadcrumb","itemListElement":[{"@type":"ListItem","position":1,"name":"Home","item":"https:\/\/moottoripalvelu.fi\/"},{"@type":"ListItem","position":2,"name":"Tehdasuusi moottori"}]},{"@type":"WebSite","@id":"https:\/\/moottoripalvelu.fi\/#website","url":"https:\/\/moottoripalvelu.fi\/","name":"Moottoripalvelu.fi","description":"Moottorit - vaihteistot - kytkimet","publisher":{"@id":"https:\/\/moottoripalvelu.fi\/#organization"},"potentialAction":[{"@type":"SearchAction","target":{"@type":"EntryPoint","urlTemplate":"https:\/\/moottoripalvelu.fi\/?s={search_term_string}"},"query-input":{"@type":"PropertyValueSpecification","valueRequired":true,"valueName":"search_term_string"}}],"inLanguage":"fi"},{"@type":"Organization","@id":"https:\/\/moottoripalvelu.fi\/#organization","name":"Moottoripalvelu.fi","url":"https:\/\/moottoripalvelu.fi\/","logo":{"@type":"ImageObject","inLanguage":"fi","@id":"https:\/\/moottoripalvelu.fi\/#\/schema\/logo\/image\/","url":"https:\/\/moottoripalvelu.fi\/wp-content\/uploads\/2021\/07\/logo_01_450.png","contentUrl":"https:\/\/moottoripalvelu.fi\/wp-content\/uploads\/2021\/07\/logo_01_450.png","width":450,"height":73,"caption":"Moottoripalvelu.fi"},"image":{"@id":"https:\/\/moottoripalvelu.fi\/#\/schema\/logo\/image\/"}}]}},"_links":{"self":[{"href":"https:\/\/moottoripalvelu.fi\/index.php\/wp-json\/wp\/v2\/pages\/55","targetHints":{"allow":["GET"]}}],"collection":[{"href":"https:\/\/moottoripalvelu.fi\/index.php\/wp-json\/wp\/v2\/pages"}],"about":[{"href":"https:\/\/moottoripalvelu.fi\/index.php\/wp-json\/wp\/v2\/types\/page"}],"author":[{"embeddable":true,"href":"https:\/\/moottoripalvelu.fi\/index.php\/wp-json\/wp\/v2\/users\/2"}],"replies":[{"embeddable":true,"href":"https:\/\/moottoripalvelu.fi\/index.php\/wp-json\/wp\/v2\/comments?post=55"}],"version-history":[{"count":16,"href":"https:\/\/moottoripalvelu.fi\/index.php\/wp-json\/wp\/v2\/pages\/55\/revisions"}],"predecessor-version":[{"id":13591,"href":"https:\/\/moottoripalvelu.fi\/index.php\/wp-json\/wp\/v2\/pages\/55\/revisions\/13591"}],"wp:attachment":[{"href":"https:\/\/moottoripalvelu.fi\/index.php\/wp-json\/wp\/v2\/media?parent=55"}],"curies":[{"name":"wp","href":"https:\/\/api.w.org\/{rel}","templated":true}]}}