{"id":57,"date":"2021-04-06T15:32:55","date_gmt":"2021-04-06T12:32:55","guid":{"rendered":"http:\/\/moottoripalvelu.fi\/?page_id=57"},"modified":"2022-04-03T19:35:44","modified_gmt":"2022-04-03T16:35:44","slug":"kaytetty-moottori","status":"publish","type":"page","link":"https:\/\/moottoripalvelu.fi\/index.php\/kaytetty-moottori\/","title":{"rendered":"K\u00e4ytetty moottori"},"content":{"rendered":"\n<h1 class=\"wp-block-heading\"><strong>K\u00e4ytetty moottori on varteenotettava vaihtoehto<\/strong><\/h1>\n\n\n\n<p><strong>Moottoria hankittaessa, k\u00e4ytetty moottori puolustaa paikkaansa monissa tilanteissa. K\u00e4ytetyn moottorin valinta on j\u00e4rkev\u00e4\u00e4 kun:<\/strong><\/p>\n\n\n\n<ul class=\"wp-block-list\"><li>Moottorin lis\u00e4ksi tarvitaan my\u00f6s apulaitteita, kuten suuttimet, korkeapainepumppu, johtosarjat jne.<\/li><li>Kunnostettuja moottoreita ei ole saatavissa<\/li><li>Tarvitaan kustannustehokas ratkaisu <\/li><\/ul>\n\n\n\n<p>Tarjoamme k\u00e4ytetty\u00e4 vaihtoehtoa aina, kun saatavissa on teknisesti ja kustanuksiltaan perusteltavissa olevia voimayksik\u00f6it\u00e4.<\/p>\n\n\n\n<h2 class=\"wp-block-heading\">K\u00e4ytetyn moottorin valinta vaatii huolellisuutta<\/h2>\n\n\n\n<p><strong>Olemme eritt\u00e4in tarkkoja laadusta, ja valikoimme k\u00e4ytetyt moottorit erityisen tarkasti. Kokemukseen perustuen olemme laatineet tiukat reunaehdot k\u00e4ytettyjen moottoreiden valintaan: <\/strong><\/p>\n\n\n\n<ul class=\"wp-block-list\"><li>Moottorit on tarkastettu ennen kuin ne on irroitettu autosta<\/li><li>Ajokilometrit pit\u00e4v\u00e4t paikkansa<\/li><li>Toimittajat ovat alalla tunnettuja, ja luotettavaksi todettuja yrityksi\u00e4<\/li><li>Nokkakolari- ja palovaurioautoista otettuja moottoreita ei toimiteta<\/li><\/ul>\n\n\n\n<p>Laatusyist\u00e4 toimitamme k\u00e4ytettyj\u00e4 moottoreita p\u00e4\u00e4osin Skandinaviasta ja Alankomaista, sek\u00e4 Suomesta. Varsinkin Saksan ja Englannin varastoista hankituissa koneissa on ruuhkaisen liikenteen vuoksi moninkertainen m\u00e4\u00e4r\u00e4 k\u00e4yntitunteja verrattuna esim. Norjasta tuotuun voimayksikk\u00f6\u00f6n. <\/p>\n\n\n\n<h3 class=\"wp-block-heading\">Mist\u00e4 k\u00e4ytetyn moottorin hinta muodostuu?<\/h3>\n\n\n\n<p>Kunnostetun moottorin hinnan perustan muodostaa kunnostuksessa tarvittava ty\u00f6 ja osat. K\u00e4ytetyn moottorin hinta muodostuu t\u00e4hsin erilaisen mekanismin kautta. M\u00e4\u00e4r\u00e4\u00e4vi\u00e4 tekij\u00f6it\u00e4 ovat:<\/p>\n\n\n\n<ul class=\"wp-block-list\"><li>Kysynt\u00e4 markkinoilla -eritt\u00e4in kysyttyjen moottoreiden hinta voi k\u00e4ytettyn\u00e4 olla jopa kunnostettua korkeampi, varsinkin jos uusia tai tehdaskorjattuja moottoreita ei ole saatavissa riitt\u00e4v\u00e4sti.<\/li><li>Ajokilometrit ja moottorin varustelu ts. kalliiden apulaitteiden m\u00e4\u00e4r\u00e4 toimituksessa<\/li><li>Takuun kattavuus ja pituus<\/li><li>Toimittajan luotettavuus<\/li><\/ul>\n\n\n\n<p>K\u00e4ytetyn moottorin hinta ja laatu seuraavat toisiaan melko suorassa suhteessa. P\u00e4\u00e4s\u00e4\u00e4nt\u00f6n\u00e4 voidaan todeta, ett\u00e4 jos kone on poikkeuksellisen halpa, siihen pit\u00e4\u00e4 l\u00f6yty\u00e4 syy.  <\/p>\n\n\n\n<h3 class=\"wp-block-heading\">K\u00e4ytetyn moottorin takuu &#8211; toimiiko se?<\/h3>\n\n\n\n<p>Moottoripalvelu.fi antaa k\u00e4ytetylle moottorille takuun, ja me pid\u00e4mme sen mit\u00e4 lupaamme. Kun tilaat <strong>kotimaiselta toimittajalta, suojana on Kuluttajansuojalaki ja Kauppalaki<\/strong>. <\/p>\n\n\n\n<p>Suosittelemme, ett\u00e4 kalliit ostokset tehd\u00e4\u00e4n luottokortilla, koska korttiyhti\u00f6t antavat asiakkaalle ostoturvan. <\/p>\n\n\n\n<p>Ulkomaiset toimittajat rajaavat usein takuuta kaupan ehtojen avulla. Yleinen tapa on vaatia, ett\u00e4 viallinen tuote pit\u00e4\u00e4 palauttaa l\u00e4hett\u00e4j\u00e4lle tarkastettavaksi. Suomen Kuluttajansuojalaki ei auta jos ulkomaalaiselta toimittajalta hankittu tuote ei ole sit\u00e4 mit\u00e4 luvattiin. <\/p>\n","protected":false},"excerpt":{"rendered":"<p>K\u00e4ytetty moottori on varteenotettava vaihtoehto Moottoria hankittaessa, k\u00e4ytetty moottori puolustaa paikkaansa monissa tilanteissa. K\u00e4ytetyn moottorin valinta on j\u00e4rkev\u00e4\u00e4 kun: Moottorin lis\u00e4ksi tarvitaan my\u00f6s apulaitteita, kuten suuttimet, korkeapainepumppu, johtosarjat jne. Kunnostettuja moottoreita ei ole saatavissa Tarvitaan kustannustehokas ratkaisu Tarjoamme k\u00e4ytetty\u00e4 vaihtoehtoa aina, kun saatavissa on teknisesti ja kustanuksiltaan perusteltavissa olevia voimayksik\u00f6it\u00e4. K\u00e4ytetyn moottorin valinta vaatii huolellisuutta &hellip;<\/p>\n","protected":false},"author":1,"featured_media":0,"parent":0,"menu_order":0,"comment_status":"closed","ping_status":"closed","template":"","meta":{"footnotes":""},"class_list":["post-57","page","type-page","status-publish","hentry"],"yoast_head":"<!-- This site is optimized with the Yoast SEO plugin v26.9 - https:\/\/yoast.com\/product\/yoast-seo-wordpress\/ -->\n<title>K\u00e4ytetty moottori - Moottoripalvelu.fi<\/title>\n<meta name=\"robots\" content=\"index, follow, max-snippet:-1, max-image-preview:large, max-video-preview:-1\" \/>\n<link rel=\"canonical\" href=\"https:\/\/moottoripalvelu.fi\/index.php\/kaytetty-moottori\/\" \/>\n<meta property=\"og:locale\" content=\"fi_FI\" \/>\n<meta property=\"og:type\" content=\"article\" \/>\n<meta property=\"og:title\" content=\"K\u00e4ytetty moottori - Moottoripalvelu.fi\" \/>\n<meta property=\"og:description\" content=\"K\u00e4ytetty moottori on varteenotettava vaihtoehto Moottoria hankittaessa, k\u00e4ytetty moottori puolustaa paikkaansa monissa tilanteissa. K\u00e4ytetyn moottorin valinta on j\u00e4rkev\u00e4\u00e4 kun: Moottorin lis\u00e4ksi tarvitaan my\u00f6s apulaitteita, kuten suuttimet, korkeapainepumppu, johtosarjat jne. Kunnostettuja moottoreita ei ole saatavissa Tarvitaan kustannustehokas ratkaisu Tarjoamme k\u00e4ytetty\u00e4 vaihtoehtoa aina, kun saatavissa on teknisesti ja kustanuksiltaan perusteltavissa olevia voimayksik\u00f6it\u00e4. K\u00e4ytetyn moottorin valinta vaatii huolellisuutta &hellip;\" \/>\n<meta property=\"og:url\" content=\"https:\/\/moottoripalvelu.fi\/index.php\/kaytetty-moottori\/\" \/>\n<meta property=\"og:site_name\" content=\"Moottoripalvelu.fi\" \/>\n<meta property=\"article:modified_time\" content=\"2022-04-03T16:35:44+00:00\" \/>\n<meta name=\"twitter:card\" content=\"summary_large_image\" \/>\n<meta name=\"twitter:label1\" content=\"Arvioitu lukuaika\" \/>\n\t<meta name=\"twitter:data1\" content=\"2 minuuttia\" \/>\n<script type=\"application\/ld+json\" class=\"yoast-schema-graph\">{\"@context\":\"https:\/\/schema.org\",\"@graph\":[{\"@type\":\"WebPage\",\"@id\":\"https:\/\/moottoripalvelu.fi\/index.php\/kaytetty-moottori\/\",\"url\":\"https:\/\/moottoripalvelu.fi\/index.php\/kaytetty-moottori\/\",\"name\":\"K\u00e4ytetty moottori - Moottoripalvelu.fi\",\"isPartOf\":{\"@id\":\"https:\/\/moottoripalvelu.fi\/#website\"},\"datePublished\":\"2021-04-06T12:32:55+00:00\",\"dateModified\":\"2022-04-03T16:35:44+00:00\",\"breadcrumb\":{\"@id\":\"https:\/\/moottoripalvelu.fi\/index.php\/kaytetty-moottori\/#breadcrumb\"},\"inLanguage\":\"fi\",\"potentialAction\":[{\"@type\":\"ReadAction\",\"target\":[\"https:\/\/moottoripalvelu.fi\/index.php\/kaytetty-moottori\/\"]}]},{\"@type\":\"BreadcrumbList\",\"@id\":\"https:\/\/moottoripalvelu.fi\/index.php\/kaytetty-moottori\/#breadcrumb\",\"itemListElement\":[{\"@type\":\"ListItem\",\"position\":1,\"name\":\"Home\",\"item\":\"https:\/\/moottoripalvelu.fi\/\"},{\"@type\":\"ListItem\",\"position\":2,\"name\":\"K\u00e4ytetty moottori\"}]},{\"@type\":\"WebSite\",\"@id\":\"https:\/\/moottoripalvelu.fi\/#website\",\"url\":\"https:\/\/moottoripalvelu.fi\/\",\"name\":\"Moottoripalvelu.fi\",\"description\":\"Moottorit - vaihteistot - kytkimet\",\"publisher\":{\"@id\":\"https:\/\/moottoripalvelu.fi\/#organization\"},\"potentialAction\":[{\"@type\":\"SearchAction\",\"target\":{\"@type\":\"EntryPoint\",\"urlTemplate\":\"https:\/\/moottoripalvelu.fi\/?s={search_term_string}\"},\"query-input\":{\"@type\":\"PropertyValueSpecification\",\"valueRequired\":true,\"valueName\":\"search_term_string\"}}],\"inLanguage\":\"fi\"},{\"@type\":\"Organization\",\"@id\":\"https:\/\/moottoripalvelu.fi\/#organization\",\"name\":\"Moottoripalvelu.fi\",\"url\":\"https:\/\/moottoripalvelu.fi\/\",\"logo\":{\"@type\":\"ImageObject\",\"inLanguage\":\"fi\",\"@id\":\"https:\/\/moottoripalvelu.fi\/#\/schema\/logo\/image\/\",\"url\":\"https:\/\/moottoripalvelu.fi\/wp-content\/uploads\/2021\/07\/logo_01_450.png\",\"contentUrl\":\"https:\/\/moottoripalvelu.fi\/wp-content\/uploads\/2021\/07\/logo_01_450.png\",\"width\":450,\"height\":73,\"caption\":\"Moottoripalvelu.fi\"},\"image\":{\"@id\":\"https:\/\/moottoripalvelu.fi\/#\/schema\/logo\/image\/\"}}]}<\/script>\n<!-- \/ Yoast SEO plugin. -->","yoast_head_json":{"title":"K\u00e4ytetty moottori - Moottoripalvelu.fi","robots":{"index":"index","follow":"follow","max-snippet":"max-snippet:-1","max-image-preview":"max-image-preview:large","max-video-preview":"max-video-preview:-1"},"canonical":"https:\/\/moottoripalvelu.fi\/index.php\/kaytetty-moottori\/","og_locale":"fi_FI","og_type":"article","og_title":"K\u00e4ytetty moottori - Moottoripalvelu.fi","og_description":"K\u00e4ytetty moottori on varteenotettava vaihtoehto Moottoria hankittaessa, k\u00e4ytetty moottori puolustaa paikkaansa monissa tilanteissa. K\u00e4ytetyn moottorin valinta on j\u00e4rkev\u00e4\u00e4 kun: Moottorin lis\u00e4ksi tarvitaan my\u00f6s apulaitteita, kuten suuttimet, korkeapainepumppu, johtosarjat jne. Kunnostettuja moottoreita ei ole saatavissa Tarvitaan kustannustehokas ratkaisu Tarjoamme k\u00e4ytetty\u00e4 vaihtoehtoa aina, kun saatavissa on teknisesti ja kustanuksiltaan perusteltavissa olevia voimayksik\u00f6it\u00e4. K\u00e4ytetyn moottorin valinta vaatii huolellisuutta &hellip;","og_url":"https:\/\/moottoripalvelu.fi\/index.php\/kaytetty-moottori\/","og_site_name":"Moottoripalvelu.fi","article_modified_time":"2022-04-03T16:35:44+00:00","twitter_card":"summary_large_image","twitter_misc":{"Arvioitu lukuaika":"2 minuuttia"},"schema":{"@context":"https:\/\/schema.org","@graph":[{"@type":"WebPage","@id":"https:\/\/moottoripalvelu.fi\/index.php\/kaytetty-moottori\/","url":"https:\/\/moottoripalvelu.fi\/index.php\/kaytetty-moottori\/","name":"K\u00e4ytetty moottori - Moottoripalvelu.fi","isPartOf":{"@id":"https:\/\/moottoripalvelu.fi\/#website"},"datePublished":"2021-04-06T12:32:55+00:00","dateModified":"2022-04-03T16:35:44+00:00","breadcrumb":{"@id":"https:\/\/moottoripalvelu.fi\/index.php\/kaytetty-moottori\/#breadcrumb"},"inLanguage":"fi","potentialAction":[{"@type":"ReadAction","target":["https:\/\/moottoripalvelu.fi\/index.php\/kaytetty-moottori\/"]}]},{"@type":"BreadcrumbList","@id":"https:\/\/moottoripalvelu.fi\/index.php\/kaytetty-moottori\/#breadcrumb","itemListElement":[{"@type":"ListItem","position":1,"name":"Home","item":"https:\/\/moottoripalvelu.fi\/"},{"@type":"ListItem","position":2,"name":"K\u00e4ytetty moottori"}]},{"@type":"WebSite","@id":"https:\/\/moottoripalvelu.fi\/#website","url":"https:\/\/moottoripalvelu.fi\/","name":"Moottoripalvelu.fi","description":"Moottorit - vaihteistot - kytkimet","publisher":{"@id":"https:\/\/moottoripalvelu.fi\/#organization"},"potentialAction":[{"@type":"SearchAction","target":{"@type":"EntryPoint","urlTemplate":"https:\/\/moottoripalvelu.fi\/?s={search_term_string}"},"query-input":{"@type":"PropertyValueSpecification","valueRequired":true,"valueName":"search_term_string"}}],"inLanguage":"fi"},{"@type":"Organization","@id":"https:\/\/moottoripalvelu.fi\/#organization","name":"Moottoripalvelu.fi","url":"https:\/\/moottoripalvelu.fi\/","logo":{"@type":"ImageObject","inLanguage":"fi","@id":"https:\/\/moottoripalvelu.fi\/#\/schema\/logo\/image\/","url":"https:\/\/moottoripalvelu.fi\/wp-content\/uploads\/2021\/07\/logo_01_450.png","contentUrl":"https:\/\/moottoripalvelu.fi\/wp-content\/uploads\/2021\/07\/logo_01_450.png","width":450,"height":73,"caption":"Moottoripalvelu.fi"},"image":{"@id":"https:\/\/moottoripalvelu.fi\/#\/schema\/logo\/image\/"}}]}},"_links":{"self":[{"href":"https:\/\/moottoripalvelu.fi\/index.php\/wp-json\/wp\/v2\/pages\/57","targetHints":{"allow":["GET"]}}],"collection":[{"href":"https:\/\/moottoripalvelu.fi\/index.php\/wp-json\/wp\/v2\/pages"}],"about":[{"href":"https:\/\/moottoripalvelu.fi\/index.php\/wp-json\/wp\/v2\/types\/page"}],"author":[{"embeddable":true,"href":"https:\/\/moottoripalvelu.fi\/index.php\/wp-json\/wp\/v2\/users\/1"}],"replies":[{"embeddable":true,"href":"https:\/\/moottoripalvelu.fi\/index.php\/wp-json\/wp\/v2\/comments?post=57"}],"version-history":[{"count":9,"href":"https:\/\/moottoripalvelu.fi\/index.php\/wp-json\/wp\/v2\/pages\/57\/revisions"}],"predecessor-version":[{"id":13566,"href":"https:\/\/moottoripalvelu.fi\/index.php\/wp-json\/wp\/v2\/pages\/57\/revisions\/13566"}],"wp:attachment":[{"href":"https:\/\/moottoripalvelu.fi\/index.php\/wp-json\/wp\/v2\/media?parent=57"}],"curies":[{"name":"wp","href":"https:\/\/api.w.org\/{rel}","templated":true}]}}