{"id":16241,"date":"2022-07-13T14:16:09","date_gmt":"2022-07-13T11:16:09","guid":{"rendered":"https:\/\/moottoripalvelu.fi\/?post_type=product&#038;p=16241"},"modified":"2022-07-13T14:16:42","modified_gmt":"2022-07-13T11:16:42","slug":"lmb-736_moottori","status":"publish","type":"product","link":"https:\/\/moottoripalvelu.fi\/index.php\/product\/lmb-736_moottori\/","title":{"rendered":"LMB-736_MOOTTORI"},"content":{"rendered":"","protected":false},"excerpt":{"rendered":"<p>S\u00e4hk\u00f6postilla 8.7 annetun tarjouksen mukaisesti toimitamme tehdaskorjatun vaihtomoottorin autoon<\/p>\n<p>MERCEDES-BENZ C-KLASS (W204) 250 CDI | LMB-736 | 26.08.2010 (2011) | 2143 cm3 | Diesel | 150 kW (204 hp) | WDD2042031F557232 | OM651.911<\/p>\n<p><strong>TOIMITUS:<\/strong><\/p>\n<div>MB 651.911 -moottori 4150\u20ac sis.alv (vanha moottori palautetaan vaihto-osana)<\/div>\n<div>Toimituskulu 320\u20ac sis.alv<\/div>\n<div><strong>YHTEENS\u00c4 4470\u20ac sis.alv ja rahti\u00a0<\/strong><\/div>\n<div><\/div>\n<div><\/div>\n<div>Toimituskulu 320\u20ac, sis\u00e4lt\u00e4\u00e4 uuden moottorin toimituksen asiakkaan valitsemaan korjaamoon,\u00a0 ja vanhan kuljetuksen pois. Vanha moottori palautetaan valmistajalle. Laskutamme +1000\u20ac + ALV, mik\u00e4li vanhan moottorin lohkossa on reik\u00e4, haluat pit\u00e4\u00e4 moottorin itsell\u00e4si, tai jos palautus viiv\u00e4styy kohtuuttomasti.<\/div>\n<div><\/div>\n<div><\/div>\n<div>\n<div><strong>Takuu 12 kk ilman km-rajoitusta<\/strong><\/div>\n<div>\n<ul>\n<li>Edellytt\u00e4\u00e4 1000 km sis\u00e4\u00e4najon, jonka j\u00e4lkeen \u00f6ljynvaihto<\/li>\n<li>Moottorin optimointi tai muu viritys mit\u00e4t\u00f6i takuun<\/li>\n<li>\u00d6ljynvaihtov\u00e4li 6 kk \/ 10 000 km<\/li>\n<\/ul>\n<\/div>\n<div><strong>Huomio:\u00a0<\/strong><\/div>\n<div>\u00d6ljynj\u00e4\u00e4hdyttimen kenno ja vesipumppu tulee uusia\u00a0\u00a0asennuksen yhteydess\u00e4, jotta moottorin takuu s\u00e4ilyy. \u00d6ljynsuodattimen jalka tulee pest\u00e4 perusteellisesti.<\/div>\n<\/div>\n<div><\/div>\n<div>Asiakas huolehtii, ett\u00e4 auton moottorinohjauslaitteeseen asennetaan alkuper\u00e4inen MB-moottorinohjauksen ohjelmisto.<\/div>\n","protected":false},"featured_media":0,"template":"","meta":[],"product_brand":[],"product_cat":[9668],"product_tag":[],"class_list":{"0":"post-16241","1":"product","2":"type-product","3":"status-publish","5":"product_cat-yleinen","7":"first","8":"instock","9":"taxable","10":"shipping-taxable","11":"purchasable","12":"product-type-simple"},"yoast_head":"<!-- This site is optimized with the Yoast SEO plugin v27.3 - https:\/\/yoast.com\/product\/yoast-seo-wordpress\/ -->\n<title>LMB-736_MOOTTORI - Moottoripalvelu.fi<\/title>\n<meta name=\"robots\" content=\"index, follow, max-snippet:-1, max-image-preview:large, max-video-preview:-1\" \/>\n<link rel=\"canonical\" href=\"https:\/\/moottoripalvelu.fi\/index.php\/product\/lmb-736_moottori\/\" \/>\n<meta property=\"og:locale\" content=\"fi_FI\" \/>\n<meta property=\"og:type\" content=\"article\" \/>\n<meta property=\"og:title\" content=\"LMB-736_MOOTTORI - Moottoripalvelu.fi\" \/>\n<meta property=\"og:description\" content=\"S\u00e4hk\u00f6postilla 8.7 annetun tarjouksen mukaisesti toimitamme tehdaskorjatun vaihtomoottorin autoon  MERCEDES-BENZ C-KLASS (W204) 250 CDI | LMB-736 | 26.08.2010 (2011) | 2143 cm3 | Diesel | 150 kW (204 hp) | WDD2042031F557232 | OM651.911  TOIMITUS: MB 651.911 -moottori 4150\u20ac sis.alv (vanha moottori palautetaan vaihto-osana) Toimituskulu 320\u20ac sis.alv YHTEENS\u00c4 4470\u20ac sis.alv ja rahti\u00a0   Toimituskulu 320\u20ac, sis\u00e4lt\u00e4\u00e4 uuden moottorin toimituksen asiakkaan valitsemaan korjaamoon,\u00a0 ja vanhan kuljetuksen pois. Vanha moottori palautetaan valmistajalle. Laskutamme +1000\u20ac + ALV, mik\u00e4li vanhan moottorin lohkossa on reik\u00e4, haluat pit\u00e4\u00e4 moottorin itsell\u00e4si, tai jos palautus viiv\u00e4styy kohtuuttomasti.    Takuu 12 kk ilman km-rajoitusta    Edellytt\u00e4\u00e4 1000 km sis\u00e4\u00e4najon, jonka j\u00e4lkeen \u00f6ljynvaihto  Moottorin optimointi tai muu viritys mit\u00e4t\u00f6i takuun  \u00d6ljynvaihtov\u00e4li 6 kk \/ 10 000 km   Huomio:\u00a0 \u00d6ljynj\u00e4\u00e4hdyttimen kenno ja vesipumppu tulee uusia\u00a0\u00a0asennuksen yhteydess\u00e4, jotta moottorin takuu s\u00e4ilyy. \u00d6ljynsuodattimen jalka tulee pest\u00e4 perusteellisesti.   Asiakas huolehtii, ett\u00e4 auton moottorinohjauslaitteeseen asennetaan alkuper\u00e4inen MB-moottorinohjauksen ohjelmisto.\" \/>\n<meta property=\"og:url\" content=\"https:\/\/moottoripalvelu.fi\/index.php\/product\/lmb-736_moottori\/\" \/>\n<meta property=\"og:site_name\" content=\"Moottoripalvelu.fi\" \/>\n<meta property=\"article:modified_time\" content=\"2022-07-13T11:16:42+00:00\" \/>\n<meta name=\"twitter:card\" content=\"summary_large_image\" \/>\n<script type=\"application\/ld+json\" class=\"yoast-schema-graph\">{\"@context\":\"https:\\\/\\\/schema.org\",\"@graph\":[{\"@type\":\"WebPage\",\"@id\":\"https:\\\/\\\/moottoripalvelu.fi\\\/index.php\\\/product\\\/lmb-736_moottori\\\/\",\"url\":\"https:\\\/\\\/moottoripalvelu.fi\\\/index.php\\\/product\\\/lmb-736_moottori\\\/\",\"name\":\"LMB-736_MOOTTORI - Moottoripalvelu.fi\",\"isPartOf\":{\"@id\":\"https:\\\/\\\/moottoripalvelu.fi\\\/#website\"},\"datePublished\":\"2022-07-13T11:16:09+00:00\",\"dateModified\":\"2022-07-13T11:16:42+00:00\",\"breadcrumb\":{\"@id\":\"https:\\\/\\\/moottoripalvelu.fi\\\/index.php\\\/product\\\/lmb-736_moottori\\\/#breadcrumb\"},\"inLanguage\":\"fi\",\"potentialAction\":[{\"@type\":\"ReadAction\",\"target\":[\"https:\\\/\\\/moottoripalvelu.fi\\\/index.php\\\/product\\\/lmb-736_moottori\\\/\"]}]},{\"@type\":\"BreadcrumbList\",\"@id\":\"https:\\\/\\\/moottoripalvelu.fi\\\/index.php\\\/product\\\/lmb-736_moottori\\\/#breadcrumb\",\"itemListElement\":[{\"@type\":\"ListItem\",\"position\":1,\"name\":\"Home\",\"item\":\"https:\\\/\\\/moottoripalvelu.fi\\\/\"},{\"@type\":\"ListItem\",\"position\":2,\"name\":\"Antti Testaa\",\"item\":\"https:\\\/\\\/moottoripalvelu.fi\\\/index.php\\\/antti-testaa\\\/\"},{\"@type\":\"ListItem\",\"position\":3,\"name\":\"LMB-736_MOOTTORI\"}]},{\"@type\":\"WebSite\",\"@id\":\"https:\\\/\\\/moottoripalvelu.fi\\\/#website\",\"url\":\"https:\\\/\\\/moottoripalvelu.fi\\\/\",\"name\":\"Moottoripalvelu.fi\",\"description\":\"Moottorit - vaihteistot - kytkimet\",\"publisher\":{\"@id\":\"https:\\\/\\\/moottoripalvelu.fi\\\/#organization\"},\"potentialAction\":[{\"@type\":\"SearchAction\",\"target\":{\"@type\":\"EntryPoint\",\"urlTemplate\":\"https:\\\/\\\/moottoripalvelu.fi\\\/?s={search_term_string}\"},\"query-input\":{\"@type\":\"PropertyValueSpecification\",\"valueRequired\":true,\"valueName\":\"search_term_string\"}}],\"inLanguage\":\"fi\"},{\"@type\":\"Organization\",\"@id\":\"https:\\\/\\\/moottoripalvelu.fi\\\/#organization\",\"name\":\"Moottoripalvelu.fi\",\"url\":\"https:\\\/\\\/moottoripalvelu.fi\\\/\",\"logo\":{\"@type\":\"ImageObject\",\"inLanguage\":\"fi\",\"@id\":\"https:\\\/\\\/moottoripalvelu.fi\\\/#\\\/schema\\\/logo\\\/image\\\/\",\"url\":\"https:\\\/\\\/moottoripalvelu.fi\\\/wp-content\\\/uploads\\\/2021\\\/07\\\/logo_01_450.png\",\"contentUrl\":\"https:\\\/\\\/moottoripalvelu.fi\\\/wp-content\\\/uploads\\\/2021\\\/07\\\/logo_01_450.png\",\"width\":450,\"height\":73,\"caption\":\"Moottoripalvelu.fi\"},\"image\":{\"@id\":\"https:\\\/\\\/moottoripalvelu.fi\\\/#\\\/schema\\\/logo\\\/image\\\/\"}}]}<\/script>\n<!-- \/ Yoast SEO plugin. -->","yoast_head_json":{"title":"LMB-736_MOOTTORI - Moottoripalvelu.fi","robots":{"index":"index","follow":"follow","max-snippet":"max-snippet:-1","max-image-preview":"max-image-preview:large","max-video-preview":"max-video-preview:-1"},"canonical":"https:\/\/moottoripalvelu.fi\/index.php\/product\/lmb-736_moottori\/","og_locale":"fi_FI","og_type":"article","og_title":"LMB-736_MOOTTORI - Moottoripalvelu.fi","og_description":"S\u00e4hk\u00f6postilla 8.7 annetun tarjouksen mukaisesti toimitamme tehdaskorjatun vaihtomoottorin autoon  MERCEDES-BENZ C-KLASS (W204) 250 CDI | LMB-736 | 26.08.2010 (2011) | 2143 cm3 | Diesel | 150 kW (204 hp) | WDD2042031F557232 | OM651.911  TOIMITUS: MB 651.911 -moottori 4150\u20ac sis.alv (vanha moottori palautetaan vaihto-osana) Toimituskulu 320\u20ac sis.alv YHTEENS\u00c4 4470\u20ac sis.alv ja rahti\u00a0   Toimituskulu 320\u20ac, sis\u00e4lt\u00e4\u00e4 uuden moottorin toimituksen asiakkaan valitsemaan korjaamoon,\u00a0 ja vanhan kuljetuksen pois. Vanha moottori palautetaan valmistajalle. Laskutamme +1000\u20ac + ALV, mik\u00e4li vanhan moottorin lohkossa on reik\u00e4, haluat pit\u00e4\u00e4 moottorin itsell\u00e4si, tai jos palautus viiv\u00e4styy kohtuuttomasti.    Takuu 12 kk ilman km-rajoitusta    Edellytt\u00e4\u00e4 1000 km sis\u00e4\u00e4najon, jonka j\u00e4lkeen \u00f6ljynvaihto  Moottorin optimointi tai muu viritys mit\u00e4t\u00f6i takuun  \u00d6ljynvaihtov\u00e4li 6 kk \/ 10 000 km   Huomio:\u00a0 \u00d6ljynj\u00e4\u00e4hdyttimen kenno ja vesipumppu tulee uusia\u00a0\u00a0asennuksen yhteydess\u00e4, jotta moottorin takuu s\u00e4ilyy. \u00d6ljynsuodattimen jalka tulee pest\u00e4 perusteellisesti.   Asiakas huolehtii, ett\u00e4 auton moottorinohjauslaitteeseen asennetaan alkuper\u00e4inen MB-moottorinohjauksen ohjelmisto.","og_url":"https:\/\/moottoripalvelu.fi\/index.php\/product\/lmb-736_moottori\/","og_site_name":"Moottoripalvelu.fi","article_modified_time":"2022-07-13T11:16:42+00:00","twitter_card":"summary_large_image","schema":{"@context":"https:\/\/schema.org","@graph":[{"@type":"WebPage","@id":"https:\/\/moottoripalvelu.fi\/index.php\/product\/lmb-736_moottori\/","url":"https:\/\/moottoripalvelu.fi\/index.php\/product\/lmb-736_moottori\/","name":"LMB-736_MOOTTORI - Moottoripalvelu.fi","isPartOf":{"@id":"https:\/\/moottoripalvelu.fi\/#website"},"datePublished":"2022-07-13T11:16:09+00:00","dateModified":"2022-07-13T11:16:42+00:00","breadcrumb":{"@id":"https:\/\/moottoripalvelu.fi\/index.php\/product\/lmb-736_moottori\/#breadcrumb"},"inLanguage":"fi","potentialAction":[{"@type":"ReadAction","target":["https:\/\/moottoripalvelu.fi\/index.php\/product\/lmb-736_moottori\/"]}]},{"@type":"BreadcrumbList","@id":"https:\/\/moottoripalvelu.fi\/index.php\/product\/lmb-736_moottori\/#breadcrumb","itemListElement":[{"@type":"ListItem","position":1,"name":"Home","item":"https:\/\/moottoripalvelu.fi\/"},{"@type":"ListItem","position":2,"name":"Antti Testaa","item":"https:\/\/moottoripalvelu.fi\/index.php\/antti-testaa\/"},{"@type":"ListItem","position":3,"name":"LMB-736_MOOTTORI"}]},{"@type":"WebSite","@id":"https:\/\/moottoripalvelu.fi\/#website","url":"https:\/\/moottoripalvelu.fi\/","name":"Moottoripalvelu.fi","description":"Moottorit - vaihteistot - kytkimet","publisher":{"@id":"https:\/\/moottoripalvelu.fi\/#organization"},"potentialAction":[{"@type":"SearchAction","target":{"@type":"EntryPoint","urlTemplate":"https:\/\/moottoripalvelu.fi\/?s={search_term_string}"},"query-input":{"@type":"PropertyValueSpecification","valueRequired":true,"valueName":"search_term_string"}}],"inLanguage":"fi"},{"@type":"Organization","@id":"https:\/\/moottoripalvelu.fi\/#organization","name":"Moottoripalvelu.fi","url":"https:\/\/moottoripalvelu.fi\/","logo":{"@type":"ImageObject","inLanguage":"fi","@id":"https:\/\/moottoripalvelu.fi\/#\/schema\/logo\/image\/","url":"https:\/\/moottoripalvelu.fi\/wp-content\/uploads\/2021\/07\/logo_01_450.png","contentUrl":"https:\/\/moottoripalvelu.fi\/wp-content\/uploads\/2021\/07\/logo_01_450.png","width":450,"height":73,"caption":"Moottoripalvelu.fi"},"image":{"@id":"https:\/\/moottoripalvelu.fi\/#\/schema\/logo\/image\/"}}]}},"_links":{"self":[{"href":"https:\/\/moottoripalvelu.fi\/index.php\/wp-json\/wp\/v2\/product\/16241","targetHints":{"allow":["GET"]}}],"collection":[{"href":"https:\/\/moottoripalvelu.fi\/index.php\/wp-json\/wp\/v2\/product"}],"about":[{"href":"https:\/\/moottoripalvelu.fi\/index.php\/wp-json\/wp\/v2\/types\/product"}],"wp:attachment":[{"href":"https:\/\/moottoripalvelu.fi\/index.php\/wp-json\/wp\/v2\/media?parent=16241"}],"wp:term":[{"taxonomy":"product_brand","embeddable":true,"href":"https:\/\/moottoripalvelu.fi\/index.php\/wp-json\/wp\/v2\/product_brand?post=16241"},{"taxonomy":"product_cat","embeddable":true,"href":"https:\/\/moottoripalvelu.fi\/index.php\/wp-json\/wp\/v2\/product_cat?post=16241"},{"taxonomy":"product_tag","embeddable":true,"href":"https:\/\/moottoripalvelu.fi\/index.php\/wp-json\/wp\/v2\/product_tag?post=16241"}],"curies":[{"name":"wp","href":"https:\/\/api.w.org\/{rel}","templated":true}]}}