{"id":16362,"date":"2022-09-01T17:30:57","date_gmt":"2022-09-01T14:30:57","guid":{"rendered":"https:\/\/moottoripalvelu.fi\/?post_type=product&#038;p=16362"},"modified":"2022-09-01T17:30:57","modified_gmt":"2022-09-01T14:30:57","slug":"knk-186_moottori","status":"publish","type":"product","link":"https:\/\/moottoripalvelu.fi\/index.php\/product\/knk-186_moottori\/","title":{"rendered":"KNK-186_MOOTTORI"},"content":{"rendered":"","protected":false},"excerpt":{"rendered":"<p>S\u00e4hk\u00f6postilla 15.8.2022 annetun tarjouksen mukaisesti toimitamme tehdasuuden BMW-vaihtomoottorin seuraavaan autoon:<\/p>\n<p>BMW X5 (F15) XDRIVE 40E | KNK-186 | 31.03.2016 (2016) | 1997 cm3 | Bensiini\/s\u00e4hk\u00f6hybridi | 180 kW (245 hp) | WBAKT0104G0S42232 | N20-B20A<\/p>\n<div><b>TOIMITUS<\/b><br \/>\nMoottori 6495\u20ac sis.alv<\/div>\n<div>Toimituskulu 295\u20ac sis.alv<\/div>\n<div><strong>YHTEENS\u00c4 6790\u20ac sis.alv ja rahti\u00a0<\/strong><\/div>\n<div><\/div>\n<div>Toimituskulu sis\u00e4lt\u00e4\u00e4 uuden moottorin toimituksen ja vanhan kuljetuksen pois. Vanha moottori palautetaan valmistajalle. Laskutamme j\u00e4lkik\u00e4teen 900\u20ac+ALV, mik\u00e4li vanhan moottorin lohkossa on reik\u00e4, haluat pit\u00e4\u00e4 moottorin itsell\u00e4si, tai jos palautus viiv\u00e4styy kohtuuttomasti.<\/div>\n<div><\/div>\n<div><b>Takuu<\/b><\/div>\n<div>12 kuukautta ilman km-rajoitusta<\/div>\n<div>\n<ul>\n<li>Edellytt\u00e4\u00e4 1000 km sis\u00e4\u00e4najon, jonka j\u00e4lkeen \u00f6ljynvaihto<\/li>\n<li>\u00d6ljynvaihtov\u00e4li enint\u00e4\u00e4n 6 kk\/10 000 km<\/li>\n<li>Moottorin optimointi tai muu viritys mit\u00e4t\u00f6i takuun<\/li>\n<\/ul>\n<p><strong>APULAITTEET JA \u00d6LJYPOHJA\u00a0<\/strong><\/p>\n<p>Uusi vaihtomoottori\u00a0\u00a0toimitetaan ilman polttoaine- ja apulaitteita, jotka siirret\u00e4\u00e4n vanhasta moottorista. Siirrett\u00e4vi\u00e4 osia ovat esim. polttoaineen suuttimet ja -pumput, startti, turboahdin, anturit jne.<\/p>\n<p>\u00d6ljypohja ja \u00f6ljyn imuputki siirret\u00e4\u00e4n vanhasta moottorista. Osat on pest\u00e4v\u00e4 ennen asennusta uuteen moottoriin.<\/p>\n<\/div>\n","protected":false},"featured_media":0,"template":"","meta":[],"product_brand":[],"product_cat":[9668],"product_tag":[],"class_list":{"0":"post-16362","1":"product","2":"type-product","3":"status-publish","5":"product_cat-yleinen","7":"first","8":"instock","9":"taxable","10":"shipping-taxable","11":"purchasable","12":"product-type-simple"},"yoast_head":"<!-- This site is optimized with the Yoast SEO plugin v27.3 - https:\/\/yoast.com\/product\/yoast-seo-wordpress\/ -->\n<title>KNK-186_MOOTTORI - Moottoripalvelu.fi<\/title>\n<meta name=\"robots\" content=\"index, follow, max-snippet:-1, max-image-preview:large, max-video-preview:-1\" \/>\n<link rel=\"canonical\" href=\"https:\/\/moottoripalvelu.fi\/index.php\/product\/knk-186_moottori\/\" \/>\n<meta property=\"og:locale\" content=\"fi_FI\" \/>\n<meta property=\"og:type\" content=\"article\" \/>\n<meta property=\"og:title\" content=\"KNK-186_MOOTTORI - Moottoripalvelu.fi\" \/>\n<meta property=\"og:description\" content=\"S\u00e4hk\u00f6postilla 15.8.2022 annetun tarjouksen mukaisesti toimitamme tehdasuuden BMW-vaihtomoottorin seuraavaan autoon:  BMW X5 (F15) XDRIVE 40E | KNK-186 | 31.03.2016 (2016) | 1997 cm3 | Bensiini\/s\u00e4hk\u00f6hybridi | 180 kW (245 hp) | WBAKT0104G0S42232 | N20-B20A TOIMITUS Moottori 6495\u20ac sis.alv Toimituskulu 295\u20ac sis.alv YHTEENS\u00c4 6790\u20ac sis.alv ja rahti\u00a0  Toimituskulu sis\u00e4lt\u00e4\u00e4 uuden moottorin toimituksen ja vanhan kuljetuksen pois. Vanha moottori palautetaan valmistajalle. Laskutamme j\u00e4lkik\u00e4teen 900\u20ac+ALV, mik\u00e4li vanhan moottorin lohkossa on reik\u00e4, haluat pit\u00e4\u00e4 moottorin itsell\u00e4si, tai jos palautus viiv\u00e4styy kohtuuttomasti.  Takuu 12 kuukautta ilman km-rajoitusta    Edellytt\u00e4\u00e4 1000 km sis\u00e4\u00e4najon, jonka j\u00e4lkeen \u00f6ljynvaihto  \u00d6ljynvaihtov\u00e4li enint\u00e4\u00e4n 6 kk\/10 000 km  Moottorin optimointi tai muu viritys mit\u00e4t\u00f6i takuun  APULAITTEET JA \u00d6LJYPOHJA\u00a0  Uusi vaihtomoottori\u00a0\u00a0toimitetaan ilman polttoaine- ja apulaitteita, jotka siirret\u00e4\u00e4n vanhasta moottorista. Siirrett\u00e4vi\u00e4 osia ovat esim. polttoaineen suuttimet ja -pumput, startti, turboahdin, anturit jne.  \u00d6ljypohja ja \u00f6ljyn imuputki siirret\u00e4\u00e4n vanhasta moottorista. Osat on pest\u00e4v\u00e4 ennen asennusta uuteen moottoriin.\" \/>\n<meta property=\"og:url\" content=\"https:\/\/moottoripalvelu.fi\/index.php\/product\/knk-186_moottori\/\" \/>\n<meta property=\"og:site_name\" content=\"Moottoripalvelu.fi\" \/>\n<meta name=\"twitter:card\" content=\"summary_large_image\" \/>\n<script type=\"application\/ld+json\" class=\"yoast-schema-graph\">{\"@context\":\"https:\\\/\\\/schema.org\",\"@graph\":[{\"@type\":\"WebPage\",\"@id\":\"https:\\\/\\\/moottoripalvelu.fi\\\/index.php\\\/product\\\/knk-186_moottori\\\/\",\"url\":\"https:\\\/\\\/moottoripalvelu.fi\\\/index.php\\\/product\\\/knk-186_moottori\\\/\",\"name\":\"KNK-186_MOOTTORI - Moottoripalvelu.fi\",\"isPartOf\":{\"@id\":\"https:\\\/\\\/moottoripalvelu.fi\\\/#website\"},\"datePublished\":\"2022-09-01T14:30:57+00:00\",\"breadcrumb\":{\"@id\":\"https:\\\/\\\/moottoripalvelu.fi\\\/index.php\\\/product\\\/knk-186_moottori\\\/#breadcrumb\"},\"inLanguage\":\"fi\",\"potentialAction\":[{\"@type\":\"ReadAction\",\"target\":[\"https:\\\/\\\/moottoripalvelu.fi\\\/index.php\\\/product\\\/knk-186_moottori\\\/\"]}]},{\"@type\":\"BreadcrumbList\",\"@id\":\"https:\\\/\\\/moottoripalvelu.fi\\\/index.php\\\/product\\\/knk-186_moottori\\\/#breadcrumb\",\"itemListElement\":[{\"@type\":\"ListItem\",\"position\":1,\"name\":\"Home\",\"item\":\"https:\\\/\\\/moottoripalvelu.fi\\\/\"},{\"@type\":\"ListItem\",\"position\":2,\"name\":\"Antti Testaa\",\"item\":\"https:\\\/\\\/moottoripalvelu.fi\\\/index.php\\\/antti-testaa\\\/\"},{\"@type\":\"ListItem\",\"position\":3,\"name\":\"KNK-186_MOOTTORI\"}]},{\"@type\":\"WebSite\",\"@id\":\"https:\\\/\\\/moottoripalvelu.fi\\\/#website\",\"url\":\"https:\\\/\\\/moottoripalvelu.fi\\\/\",\"name\":\"Moottoripalvelu.fi\",\"description\":\"Moottorit - vaihteistot - kytkimet\",\"publisher\":{\"@id\":\"https:\\\/\\\/moottoripalvelu.fi\\\/#organization\"},\"potentialAction\":[{\"@type\":\"SearchAction\",\"target\":{\"@type\":\"EntryPoint\",\"urlTemplate\":\"https:\\\/\\\/moottoripalvelu.fi\\\/?s={search_term_string}\"},\"query-input\":{\"@type\":\"PropertyValueSpecification\",\"valueRequired\":true,\"valueName\":\"search_term_string\"}}],\"inLanguage\":\"fi\"},{\"@type\":\"Organization\",\"@id\":\"https:\\\/\\\/moottoripalvelu.fi\\\/#organization\",\"name\":\"Moottoripalvelu.fi\",\"url\":\"https:\\\/\\\/moottoripalvelu.fi\\\/\",\"logo\":{\"@type\":\"ImageObject\",\"inLanguage\":\"fi\",\"@id\":\"https:\\\/\\\/moottoripalvelu.fi\\\/#\\\/schema\\\/logo\\\/image\\\/\",\"url\":\"https:\\\/\\\/moottoripalvelu.fi\\\/wp-content\\\/uploads\\\/2021\\\/07\\\/logo_01_450.png\",\"contentUrl\":\"https:\\\/\\\/moottoripalvelu.fi\\\/wp-content\\\/uploads\\\/2021\\\/07\\\/logo_01_450.png\",\"width\":450,\"height\":73,\"caption\":\"Moottoripalvelu.fi\"},\"image\":{\"@id\":\"https:\\\/\\\/moottoripalvelu.fi\\\/#\\\/schema\\\/logo\\\/image\\\/\"}}]}<\/script>\n<!-- \/ Yoast SEO plugin. -->","yoast_head_json":{"title":"KNK-186_MOOTTORI - Moottoripalvelu.fi","robots":{"index":"index","follow":"follow","max-snippet":"max-snippet:-1","max-image-preview":"max-image-preview:large","max-video-preview":"max-video-preview:-1"},"canonical":"https:\/\/moottoripalvelu.fi\/index.php\/product\/knk-186_moottori\/","og_locale":"fi_FI","og_type":"article","og_title":"KNK-186_MOOTTORI - Moottoripalvelu.fi","og_description":"S\u00e4hk\u00f6postilla 15.8.2022 annetun tarjouksen mukaisesti toimitamme tehdasuuden BMW-vaihtomoottorin seuraavaan autoon:  BMW X5 (F15) XDRIVE 40E | KNK-186 | 31.03.2016 (2016) | 1997 cm3 | Bensiini\/s\u00e4hk\u00f6hybridi | 180 kW (245 hp) | WBAKT0104G0S42232 | N20-B20A TOIMITUS Moottori 6495\u20ac sis.alv Toimituskulu 295\u20ac sis.alv YHTEENS\u00c4 6790\u20ac sis.alv ja rahti\u00a0  Toimituskulu sis\u00e4lt\u00e4\u00e4 uuden moottorin toimituksen ja vanhan kuljetuksen pois. Vanha moottori palautetaan valmistajalle. Laskutamme j\u00e4lkik\u00e4teen 900\u20ac+ALV, mik\u00e4li vanhan moottorin lohkossa on reik\u00e4, haluat pit\u00e4\u00e4 moottorin itsell\u00e4si, tai jos palautus viiv\u00e4styy kohtuuttomasti.  Takuu 12 kuukautta ilman km-rajoitusta    Edellytt\u00e4\u00e4 1000 km sis\u00e4\u00e4najon, jonka j\u00e4lkeen \u00f6ljynvaihto  \u00d6ljynvaihtov\u00e4li enint\u00e4\u00e4n 6 kk\/10 000 km  Moottorin optimointi tai muu viritys mit\u00e4t\u00f6i takuun  APULAITTEET JA \u00d6LJYPOHJA\u00a0  Uusi vaihtomoottori\u00a0\u00a0toimitetaan ilman polttoaine- ja apulaitteita, jotka siirret\u00e4\u00e4n vanhasta moottorista. Siirrett\u00e4vi\u00e4 osia ovat esim. polttoaineen suuttimet ja -pumput, startti, turboahdin, anturit jne.  \u00d6ljypohja ja \u00f6ljyn imuputki siirret\u00e4\u00e4n vanhasta moottorista. Osat on pest\u00e4v\u00e4 ennen asennusta uuteen moottoriin.","og_url":"https:\/\/moottoripalvelu.fi\/index.php\/product\/knk-186_moottori\/","og_site_name":"Moottoripalvelu.fi","twitter_card":"summary_large_image","schema":{"@context":"https:\/\/schema.org","@graph":[{"@type":"WebPage","@id":"https:\/\/moottoripalvelu.fi\/index.php\/product\/knk-186_moottori\/","url":"https:\/\/moottoripalvelu.fi\/index.php\/product\/knk-186_moottori\/","name":"KNK-186_MOOTTORI - Moottoripalvelu.fi","isPartOf":{"@id":"https:\/\/moottoripalvelu.fi\/#website"},"datePublished":"2022-09-01T14:30:57+00:00","breadcrumb":{"@id":"https:\/\/moottoripalvelu.fi\/index.php\/product\/knk-186_moottori\/#breadcrumb"},"inLanguage":"fi","potentialAction":[{"@type":"ReadAction","target":["https:\/\/moottoripalvelu.fi\/index.php\/product\/knk-186_moottori\/"]}]},{"@type":"BreadcrumbList","@id":"https:\/\/moottoripalvelu.fi\/index.php\/product\/knk-186_moottori\/#breadcrumb","itemListElement":[{"@type":"ListItem","position":1,"name":"Home","item":"https:\/\/moottoripalvelu.fi\/"},{"@type":"ListItem","position":2,"name":"Antti Testaa","item":"https:\/\/moottoripalvelu.fi\/index.php\/antti-testaa\/"},{"@type":"ListItem","position":3,"name":"KNK-186_MOOTTORI"}]},{"@type":"WebSite","@id":"https:\/\/moottoripalvelu.fi\/#website","url":"https:\/\/moottoripalvelu.fi\/","name":"Moottoripalvelu.fi","description":"Moottorit - vaihteistot - kytkimet","publisher":{"@id":"https:\/\/moottoripalvelu.fi\/#organization"},"potentialAction":[{"@type":"SearchAction","target":{"@type":"EntryPoint","urlTemplate":"https:\/\/moottoripalvelu.fi\/?s={search_term_string}"},"query-input":{"@type":"PropertyValueSpecification","valueRequired":true,"valueName":"search_term_string"}}],"inLanguage":"fi"},{"@type":"Organization","@id":"https:\/\/moottoripalvelu.fi\/#organization","name":"Moottoripalvelu.fi","url":"https:\/\/moottoripalvelu.fi\/","logo":{"@type":"ImageObject","inLanguage":"fi","@id":"https:\/\/moottoripalvelu.fi\/#\/schema\/logo\/image\/","url":"https:\/\/moottoripalvelu.fi\/wp-content\/uploads\/2021\/07\/logo_01_450.png","contentUrl":"https:\/\/moottoripalvelu.fi\/wp-content\/uploads\/2021\/07\/logo_01_450.png","width":450,"height":73,"caption":"Moottoripalvelu.fi"},"image":{"@id":"https:\/\/moottoripalvelu.fi\/#\/schema\/logo\/image\/"}}]}},"_links":{"self":[{"href":"https:\/\/moottoripalvelu.fi\/index.php\/wp-json\/wp\/v2\/product\/16362","targetHints":{"allow":["GET"]}}],"collection":[{"href":"https:\/\/moottoripalvelu.fi\/index.php\/wp-json\/wp\/v2\/product"}],"about":[{"href":"https:\/\/moottoripalvelu.fi\/index.php\/wp-json\/wp\/v2\/types\/product"}],"wp:attachment":[{"href":"https:\/\/moottoripalvelu.fi\/index.php\/wp-json\/wp\/v2\/media?parent=16362"}],"wp:term":[{"taxonomy":"product_brand","embeddable":true,"href":"https:\/\/moottoripalvelu.fi\/index.php\/wp-json\/wp\/v2\/product_brand?post=16362"},{"taxonomy":"product_cat","embeddable":true,"href":"https:\/\/moottoripalvelu.fi\/index.php\/wp-json\/wp\/v2\/product_cat?post=16362"},{"taxonomy":"product_tag","embeddable":true,"href":"https:\/\/moottoripalvelu.fi\/index.php\/wp-json\/wp\/v2\/product_tag?post=16362"}],"curies":[{"name":"wp","href":"https:\/\/api.w.org\/{rel}","templated":true}]}}