{"id":16409,"date":"2022-09-20T13:55:20","date_gmt":"2022-09-20T10:55:20","guid":{"rendered":"https:\/\/moottoripalvelu.fi\/?post_type=product&#038;p=16409"},"modified":"2022-09-20T13:55:21","modified_gmt":"2022-09-20T10:55:21","slug":"gkx-224_moottori","status":"publish","type":"product","link":"https:\/\/moottoripalvelu.fi\/index.php\/product\/gkx-224_moottori\/","title":{"rendered":"GKX-224_MOOTTORI"},"content":{"rendered":"","protected":false},"excerpt":{"rendered":"<div dir=\"ltr\">S\u00e4hk\u00f6postilla 16.9.2022 tehdyn tarjouksen mukaisesti toimitetaan uudelleen valmistettu vaihtomoottori autoon<\/div>\n<div dir=\"ltr\">FORD FIESTA (VI) 1.0 ECOBOOST | GKX-224 | 29.11.2013 (2014) | 998 cm3 | Bensiini | 74 kW (101 hp) | WF0DXXGAKDDK20498 | SFJA &#8211; MANUAL<\/div>\n<div dir=\"ltr\"><\/div>\n<div dir=\"ltr\"><strong>TOIMITUS<\/strong><\/div>\n<div dir=\"ltr\"><strong>Ford Focus 1.0 Ecoboost, moottoriversio SFJA<\/strong><\/div>\n<div dir=\"ltr\">Moottori 2795\u20ac sis.alv<\/div>\n<div dir=\"ltr\">Rahti 280\u20ac<\/div>\n<div dir=\"ltr\"><strong>Yhteens\u00e4 3075\u20ac sis.alv <\/strong><\/div>\n<div dir=\"ltr\">\n<p>&nbsp;<\/p>\n<p>Rahtikulu sis\u00e4lt\u00e4\u00e4 uuden moottorin toimituksen ja vanhan kuljetuksen pois. Vanha moottori palautetaan valmistajalle. Laskutamme j\u00e4lkik\u00e4teen 750\u20ac + ALV, mik\u00e4li vanhan moottorin lohkossa on reik\u00e4, haluat pit\u00e4\u00e4 moottorin itsell\u00e4si, tai jos palautus viiv\u00e4styy kohtuuttomasti.<\/p>\n<p>&nbsp;<\/p>\n<p><strong>Toimitus<\/strong><\/p>\n<p>Toimitus noin 2 viikkoa<\/p>\n<p>&nbsp;<\/p>\n<p><strong>Takuu<\/strong><\/p>\n<p>12 kk ilman km-rajoitusta<\/p>\n<p><strong>Takuun erityiset ehdot:\u00a0<\/strong><\/p>\n<ul>\n<li>\u00d6ljynj\u00e4\u00e4hdyttimen kenno\u00a0ja vesipumppu uusittava asennuksen yhteydess\u00e4.<\/li>\n<li>Takuu edellytt\u00e4\u00e4 1000 km sis\u00e4\u00e4najon. Sen j\u00e4lkeen \u00f6ljynvaihto. Takuuaikana \u00f6ljynvaihto enint\u00e4\u00e4n 10 000 km v\u00e4lein. K\u00e4ytett\u00e4v\u00e4 Ford-huolto-ohjeen mukaista\u00a0<a href=\"https:\/\/t.yesware.com\/tt\/18d02d8db8da00efa1273c9425d6df8bc74373f4\/ffd69c3b464436e35d9589df5a392fa9\/703db039f05643eba7008e2f374d85c6\/applications.castrol.com\/oilselector\/fi_fi\/c\/recommendation?data=17b5e8a660f149a201b78a79ab7ed0ab\" data-saferedirecturl=\"https:\/\/www.google.com\/url?q=https:\/\/t.yesware.com\/tt\/18d02d8db8da00efa1273c9425d6df8bc74373f4\/ffd69c3b464436e35d9589df5a392fa9\/703db039f05643eba7008e2f374d85c6\/applications.castrol.com\/oilselector\/fi_fi\/c\/recommendation?data%3D17b5e8a660f149a201b78a79ab7ed0ab&amp;source=gmail&amp;ust=1663744115087000&amp;usg=AOvVaw3yNYq4OD9HqhJxLsYjmMNy\">Castrol Magnatec Stop-Start 5W-20 E<\/a>\u00a0-\u00f6ljy\u00e4.<\/li>\n<\/ul>\n<\/div>\n<p>&nbsp;<\/p>\n<p><strong>MOOTTORINVAIHDOSSA HUOMIOITAVIA ASIOITA<\/strong><\/p>\n<ul>\n<li>1.0 Ecoboost -moottoreissa esiintyy suutinvikoja.\u00a0 Suosittelemme suuttimien uusimista.\u00a0 Suuttimet olisi syyt\u00e4 v\u00e4hint\u00e4\u00e4n testattavana <a href=\"https:\/\/www.finjector.com\/fin\/sivu\/suutinhuollot_ja_testit\" target=\"_blank\" rel=\"noopener\" data-saferedirecturl=\"https:\/\/www.google.com\/url?q=https:\/\/www.finjector.com\/fin\/sivu\/suutinhuollot_ja_testit&amp;source=gmail&amp;ust=1663744115088000&amp;usg=AOvVaw29LdpxwC4atZG7Y4cIRK0f\">Finjector.com<\/a><b>\u00a0\u00b4<\/b>lla\u00a0 ennen asennusta uuteen moottoriin.<\/li>\n<\/ul>\n<ul>\n<li>Turbo kannattaa tarkastaa, ja tarvittaessa huoltaa tai uusia. Esim.\u00a0<a href=\"http:\/\/turbotohtori.fi\/\" target=\"_blank\" rel=\"noopener\" data-saferedirecturl=\"https:\/\/www.google.com\/url?q=http:\/\/turbotohtori.fi\/&amp;source=gmail&amp;ust=1663744115088000&amp;usg=AOvVaw0zWv2PBqj7KBae7zXO7c7g\">Turbotohtori.fi<\/a> Akaassa huoltaa ja kunnostaa Ecoboost-ahtimia.<\/li>\n<\/ul>\n<ul>\n<li>Kytkin ja kaksoismassavauhtipy\u00f6r\u00e4 kannattaa tarkastaa, ja tarvittaessa uusia.<\/li>\n<\/ul>\n<p>&nbsp;<\/p>\n<p><strong>VANHAN MOOTTORIN PALAUTUS\u00a0<\/strong><\/p>\n<p>Rahtikulu sis\u00e4lt\u00e4\u00e4 uuden moottorin toimituksen, ja vanhan moottorin viemisen pois.\u00a0Palautus tulee k\u00e4ynnist\u00e4\u00e4 30 vrk kuluessa vaihtomoottorin saapumisesta. Ota yhteytt\u00e4 jos palautus ei onnistu ajoissa.<\/p>\n<p>Ennen kuljetusta, vanhasta moottorista lasketaan \u00f6ljyt ja nesteet pois. T\u00e4m\u00e4n j\u00e4lkeen moottori pultataan vaihtomoottorin kuljetush\u00e4kkiin. \u00d6ljyvahinkojen est\u00e4miseksi suosittelemme palautettavan moottorin k\u00e4\u00e4rimist\u00e4 esim. kiristekalvoon tai j\u00e4tes\u00e4kkeihin tms.\u00a0Kun moottori on pakattu, ota yhteys asiakaspalveluun:\u00a0tilaamme noudon puolestasi.<\/p>\n<div dir=\"ltr\"><\/div>\n","protected":false},"featured_media":0,"template":"","meta":[],"product_brand":[],"product_cat":[9668],"product_tag":[],"class_list":{"0":"post-16409","1":"product","2":"type-product","3":"status-publish","5":"product_cat-yleinen","7":"first","8":"instock","9":"taxable","10":"shipping-taxable","11":"purchasable","12":"product-type-simple"},"yoast_head":"<!-- This site is optimized with the Yoast SEO plugin v27.3 - https:\/\/yoast.com\/product\/yoast-seo-wordpress\/ -->\n<title>GKX-224_MOOTTORI - Moottoripalvelu.fi<\/title>\n<meta name=\"robots\" content=\"index, follow, max-snippet:-1, max-image-preview:large, max-video-preview:-1\" \/>\n<link rel=\"canonical\" href=\"https:\/\/moottoripalvelu.fi\/index.php\/product\/gkx-224_moottori\/\" \/>\n<meta property=\"og:locale\" content=\"fi_FI\" \/>\n<meta property=\"og:type\" content=\"article\" \/>\n<meta property=\"og:title\" content=\"GKX-224_MOOTTORI - Moottoripalvelu.fi\" \/>\n<meta property=\"og:description\" content=\"S\u00e4hk\u00f6postilla 16.9.2022 tehdyn tarjouksen mukaisesti toimitetaan uudelleen valmistettu vaihtomoottori autoon FORD FIESTA (VI) 1.0 ECOBOOST | GKX-224 | 29.11.2013 (2014) | 998 cm3 | Bensiini | 74 kW (101 hp) | WF0DXXGAKDDK20498 | SFJA - MANUAL  TOIMITUS Ford Focus 1.0 Ecoboost, moottoriversio SFJA Moottori 2795\u20ac sis.alv Rahti 280\u20ac Yhteens\u00e4 3075\u20ac sis.alv    &nbsp;  Rahtikulu sis\u00e4lt\u00e4\u00e4 uuden moottorin toimituksen ja vanhan kuljetuksen pois. Vanha moottori palautetaan valmistajalle. Laskutamme j\u00e4lkik\u00e4teen 750\u20ac + ALV, mik\u00e4li vanhan moottorin lohkossa on reik\u00e4, haluat pit\u00e4\u00e4 moottorin itsell\u00e4si, tai jos palautus viiv\u00e4styy kohtuuttomasti.  &nbsp;  Toimitus  Toimitus noin 2 viikkoa  &nbsp;  Takuu  12 kk ilman km-rajoitusta  Takuun erityiset ehdot:\u00a0   \u00d6ljynj\u00e4\u00e4hdyttimen kenno\u00a0ja vesipumppu uusittava asennuksen yhteydess\u00e4.  Takuu edellytt\u00e4\u00e4 1000 km sis\u00e4\u00e4najon. Sen j\u00e4lkeen \u00f6ljynvaihto. Takuuaikana \u00f6ljynvaihto enint\u00e4\u00e4n 10 000 km v\u00e4lein. K\u00e4ytett\u00e4v\u00e4 Ford-huolto-ohjeen mukaista\u00a0Castrol Magnatec Stop-Start 5W-20 E\u00a0-\u00f6ljy\u00e4.   &nbsp;  MOOTTORINVAIHDOSSA HUOMIOITAVIA ASIOITA   1.0 Ecoboost -moottoreissa esiintyy suutinvikoja.\u00a0 Suosittelemme suuttimien uusimista.\u00a0 Suuttimet olisi syyt\u00e4 v\u00e4hint\u00e4\u00e4n testattavana Finjector.com\u00a0\u00b4lla\u00a0 ennen asennusta uuteen moottoriin.    Turbo kannattaa tarkastaa, ja tarvittaessa huoltaa tai uusia. Esim.\u00a0Turbotohtori.fi Akaassa huoltaa ja kunnostaa Ecoboost-ahtimia.    Kytkin ja kaksoismassavauhtipy\u00f6r\u00e4 kannattaa tarkastaa, ja tarvittaessa uusia.  &nbsp;  VANHAN MOOTTORIN PALAUTUS\u00a0  Rahtikulu sis\u00e4lt\u00e4\u00e4 uuden moottorin toimituksen, ja vanhan moottorin viemisen pois.\u00a0Palautus tulee k\u00e4ynnist\u00e4\u00e4 30 vrk kuluessa vaihtomoottorin saapumisesta. Ota yhteytt\u00e4 jos palautus ei onnistu ajoissa.  Ennen kuljetusta, vanhasta moottorista lasketaan \u00f6ljyt ja nesteet pois. T\u00e4m\u00e4n j\u00e4lkeen moottori pultataan vaihtomoottorin kuljetush\u00e4kkiin. \u00d6ljyvahinkojen est\u00e4miseksi suosittelemme palautettavan moottorin k\u00e4\u00e4rimist\u00e4 esim. kiristekalvoon tai j\u00e4tes\u00e4kkeihin tms.\u00a0Kun moottori on pakattu, ota yhteys asiakaspalveluun:\u00a0tilaamme noudon puolestasi.\" \/>\n<meta property=\"og:url\" content=\"https:\/\/moottoripalvelu.fi\/index.php\/product\/gkx-224_moottori\/\" \/>\n<meta property=\"og:site_name\" content=\"Moottoripalvelu.fi\" \/>\n<meta property=\"article:modified_time\" content=\"2022-09-20T10:55:21+00:00\" \/>\n<meta name=\"twitter:card\" content=\"summary_large_image\" \/>\n<script type=\"application\/ld+json\" class=\"yoast-schema-graph\">{\"@context\":\"https:\\\/\\\/schema.org\",\"@graph\":[{\"@type\":\"WebPage\",\"@id\":\"https:\\\/\\\/moottoripalvelu.fi\\\/index.php\\\/product\\\/gkx-224_moottori\\\/\",\"url\":\"https:\\\/\\\/moottoripalvelu.fi\\\/index.php\\\/product\\\/gkx-224_moottori\\\/\",\"name\":\"GKX-224_MOOTTORI - Moottoripalvelu.fi\",\"isPartOf\":{\"@id\":\"https:\\\/\\\/moottoripalvelu.fi\\\/#website\"},\"datePublished\":\"2022-09-20T10:55:20+00:00\",\"dateModified\":\"2022-09-20T10:55:21+00:00\",\"breadcrumb\":{\"@id\":\"https:\\\/\\\/moottoripalvelu.fi\\\/index.php\\\/product\\\/gkx-224_moottori\\\/#breadcrumb\"},\"inLanguage\":\"fi\",\"potentialAction\":[{\"@type\":\"ReadAction\",\"target\":[\"https:\\\/\\\/moottoripalvelu.fi\\\/index.php\\\/product\\\/gkx-224_moottori\\\/\"]}]},{\"@type\":\"BreadcrumbList\",\"@id\":\"https:\\\/\\\/moottoripalvelu.fi\\\/index.php\\\/product\\\/gkx-224_moottori\\\/#breadcrumb\",\"itemListElement\":[{\"@type\":\"ListItem\",\"position\":1,\"name\":\"Home\",\"item\":\"https:\\\/\\\/moottoripalvelu.fi\\\/\"},{\"@type\":\"ListItem\",\"position\":2,\"name\":\"Antti Testaa\",\"item\":\"https:\\\/\\\/moottoripalvelu.fi\\\/index.php\\\/antti-testaa\\\/\"},{\"@type\":\"ListItem\",\"position\":3,\"name\":\"GKX-224_MOOTTORI\"}]},{\"@type\":\"WebSite\",\"@id\":\"https:\\\/\\\/moottoripalvelu.fi\\\/#website\",\"url\":\"https:\\\/\\\/moottoripalvelu.fi\\\/\",\"name\":\"Moottoripalvelu.fi\",\"description\":\"Moottorit - vaihteistot - kytkimet\",\"publisher\":{\"@id\":\"https:\\\/\\\/moottoripalvelu.fi\\\/#organization\"},\"potentialAction\":[{\"@type\":\"SearchAction\",\"target\":{\"@type\":\"EntryPoint\",\"urlTemplate\":\"https:\\\/\\\/moottoripalvelu.fi\\\/?s={search_term_string}\"},\"query-input\":{\"@type\":\"PropertyValueSpecification\",\"valueRequired\":true,\"valueName\":\"search_term_string\"}}],\"inLanguage\":\"fi\"},{\"@type\":\"Organization\",\"@id\":\"https:\\\/\\\/moottoripalvelu.fi\\\/#organization\",\"name\":\"Moottoripalvelu.fi\",\"url\":\"https:\\\/\\\/moottoripalvelu.fi\\\/\",\"logo\":{\"@type\":\"ImageObject\",\"inLanguage\":\"fi\",\"@id\":\"https:\\\/\\\/moottoripalvelu.fi\\\/#\\\/schema\\\/logo\\\/image\\\/\",\"url\":\"https:\\\/\\\/moottoripalvelu.fi\\\/wp-content\\\/uploads\\\/2021\\\/07\\\/logo_01_450.png\",\"contentUrl\":\"https:\\\/\\\/moottoripalvelu.fi\\\/wp-content\\\/uploads\\\/2021\\\/07\\\/logo_01_450.png\",\"width\":450,\"height\":73,\"caption\":\"Moottoripalvelu.fi\"},\"image\":{\"@id\":\"https:\\\/\\\/moottoripalvelu.fi\\\/#\\\/schema\\\/logo\\\/image\\\/\"}}]}<\/script>\n<!-- \/ Yoast SEO plugin. -->","yoast_head_json":{"title":"GKX-224_MOOTTORI - Moottoripalvelu.fi","robots":{"index":"index","follow":"follow","max-snippet":"max-snippet:-1","max-image-preview":"max-image-preview:large","max-video-preview":"max-video-preview:-1"},"canonical":"https:\/\/moottoripalvelu.fi\/index.php\/product\/gkx-224_moottori\/","og_locale":"fi_FI","og_type":"article","og_title":"GKX-224_MOOTTORI - Moottoripalvelu.fi","og_description":"S\u00e4hk\u00f6postilla 16.9.2022 tehdyn tarjouksen mukaisesti toimitetaan uudelleen valmistettu vaihtomoottori autoon FORD FIESTA (VI) 1.0 ECOBOOST | GKX-224 | 29.11.2013 (2014) | 998 cm3 | Bensiini | 74 kW (101 hp) | WF0DXXGAKDDK20498 | SFJA - MANUAL  TOIMITUS Ford Focus 1.0 Ecoboost, moottoriversio SFJA Moottori 2795\u20ac sis.alv Rahti 280\u20ac Yhteens\u00e4 3075\u20ac sis.alv    &nbsp;  Rahtikulu sis\u00e4lt\u00e4\u00e4 uuden moottorin toimituksen ja vanhan kuljetuksen pois. Vanha moottori palautetaan valmistajalle. Laskutamme j\u00e4lkik\u00e4teen 750\u20ac + ALV, mik\u00e4li vanhan moottorin lohkossa on reik\u00e4, haluat pit\u00e4\u00e4 moottorin itsell\u00e4si, tai jos palautus viiv\u00e4styy kohtuuttomasti.  &nbsp;  Toimitus  Toimitus noin 2 viikkoa  &nbsp;  Takuu  12 kk ilman km-rajoitusta  Takuun erityiset ehdot:\u00a0   \u00d6ljynj\u00e4\u00e4hdyttimen kenno\u00a0ja vesipumppu uusittava asennuksen yhteydess\u00e4.  Takuu edellytt\u00e4\u00e4 1000 km sis\u00e4\u00e4najon. Sen j\u00e4lkeen \u00f6ljynvaihto. Takuuaikana \u00f6ljynvaihto enint\u00e4\u00e4n 10 000 km v\u00e4lein. K\u00e4ytett\u00e4v\u00e4 Ford-huolto-ohjeen mukaista\u00a0Castrol Magnatec Stop-Start 5W-20 E\u00a0-\u00f6ljy\u00e4.   &nbsp;  MOOTTORINVAIHDOSSA HUOMIOITAVIA ASIOITA   1.0 Ecoboost -moottoreissa esiintyy suutinvikoja.\u00a0 Suosittelemme suuttimien uusimista.\u00a0 Suuttimet olisi syyt\u00e4 v\u00e4hint\u00e4\u00e4n testattavana Finjector.com\u00a0\u00b4lla\u00a0 ennen asennusta uuteen moottoriin.    Turbo kannattaa tarkastaa, ja tarvittaessa huoltaa tai uusia. Esim.\u00a0Turbotohtori.fi Akaassa huoltaa ja kunnostaa Ecoboost-ahtimia.    Kytkin ja kaksoismassavauhtipy\u00f6r\u00e4 kannattaa tarkastaa, ja tarvittaessa uusia.  &nbsp;  VANHAN MOOTTORIN PALAUTUS\u00a0  Rahtikulu sis\u00e4lt\u00e4\u00e4 uuden moottorin toimituksen, ja vanhan moottorin viemisen pois.\u00a0Palautus tulee k\u00e4ynnist\u00e4\u00e4 30 vrk kuluessa vaihtomoottorin saapumisesta. Ota yhteytt\u00e4 jos palautus ei onnistu ajoissa.  Ennen kuljetusta, vanhasta moottorista lasketaan \u00f6ljyt ja nesteet pois. T\u00e4m\u00e4n j\u00e4lkeen moottori pultataan vaihtomoottorin kuljetush\u00e4kkiin. \u00d6ljyvahinkojen est\u00e4miseksi suosittelemme palautettavan moottorin k\u00e4\u00e4rimist\u00e4 esim. kiristekalvoon tai j\u00e4tes\u00e4kkeihin tms.\u00a0Kun moottori on pakattu, ota yhteys asiakaspalveluun:\u00a0tilaamme noudon puolestasi.","og_url":"https:\/\/moottoripalvelu.fi\/index.php\/product\/gkx-224_moottori\/","og_site_name":"Moottoripalvelu.fi","article_modified_time":"2022-09-20T10:55:21+00:00","twitter_card":"summary_large_image","schema":{"@context":"https:\/\/schema.org","@graph":[{"@type":"WebPage","@id":"https:\/\/moottoripalvelu.fi\/index.php\/product\/gkx-224_moottori\/","url":"https:\/\/moottoripalvelu.fi\/index.php\/product\/gkx-224_moottori\/","name":"GKX-224_MOOTTORI - Moottoripalvelu.fi","isPartOf":{"@id":"https:\/\/moottoripalvelu.fi\/#website"},"datePublished":"2022-09-20T10:55:20+00:00","dateModified":"2022-09-20T10:55:21+00:00","breadcrumb":{"@id":"https:\/\/moottoripalvelu.fi\/index.php\/product\/gkx-224_moottori\/#breadcrumb"},"inLanguage":"fi","potentialAction":[{"@type":"ReadAction","target":["https:\/\/moottoripalvelu.fi\/index.php\/product\/gkx-224_moottori\/"]}]},{"@type":"BreadcrumbList","@id":"https:\/\/moottoripalvelu.fi\/index.php\/product\/gkx-224_moottori\/#breadcrumb","itemListElement":[{"@type":"ListItem","position":1,"name":"Home","item":"https:\/\/moottoripalvelu.fi\/"},{"@type":"ListItem","position":2,"name":"Antti Testaa","item":"https:\/\/moottoripalvelu.fi\/index.php\/antti-testaa\/"},{"@type":"ListItem","position":3,"name":"GKX-224_MOOTTORI"}]},{"@type":"WebSite","@id":"https:\/\/moottoripalvelu.fi\/#website","url":"https:\/\/moottoripalvelu.fi\/","name":"Moottoripalvelu.fi","description":"Moottorit - vaihteistot - kytkimet","publisher":{"@id":"https:\/\/moottoripalvelu.fi\/#organization"},"potentialAction":[{"@type":"SearchAction","target":{"@type":"EntryPoint","urlTemplate":"https:\/\/moottoripalvelu.fi\/?s={search_term_string}"},"query-input":{"@type":"PropertyValueSpecification","valueRequired":true,"valueName":"search_term_string"}}],"inLanguage":"fi"},{"@type":"Organization","@id":"https:\/\/moottoripalvelu.fi\/#organization","name":"Moottoripalvelu.fi","url":"https:\/\/moottoripalvelu.fi\/","logo":{"@type":"ImageObject","inLanguage":"fi","@id":"https:\/\/moottoripalvelu.fi\/#\/schema\/logo\/image\/","url":"https:\/\/moottoripalvelu.fi\/wp-content\/uploads\/2021\/07\/logo_01_450.png","contentUrl":"https:\/\/moottoripalvelu.fi\/wp-content\/uploads\/2021\/07\/logo_01_450.png","width":450,"height":73,"caption":"Moottoripalvelu.fi"},"image":{"@id":"https:\/\/moottoripalvelu.fi\/#\/schema\/logo\/image\/"}}]}},"_links":{"self":[{"href":"https:\/\/moottoripalvelu.fi\/index.php\/wp-json\/wp\/v2\/product\/16409","targetHints":{"allow":["GET"]}}],"collection":[{"href":"https:\/\/moottoripalvelu.fi\/index.php\/wp-json\/wp\/v2\/product"}],"about":[{"href":"https:\/\/moottoripalvelu.fi\/index.php\/wp-json\/wp\/v2\/types\/product"}],"wp:attachment":[{"href":"https:\/\/moottoripalvelu.fi\/index.php\/wp-json\/wp\/v2\/media?parent=16409"}],"wp:term":[{"taxonomy":"product_brand","embeddable":true,"href":"https:\/\/moottoripalvelu.fi\/index.php\/wp-json\/wp\/v2\/product_brand?post=16409"},{"taxonomy":"product_cat","embeddable":true,"href":"https:\/\/moottoripalvelu.fi\/index.php\/wp-json\/wp\/v2\/product_cat?post=16409"},{"taxonomy":"product_tag","embeddable":true,"href":"https:\/\/moottoripalvelu.fi\/index.php\/wp-json\/wp\/v2\/product_tag?post=16409"}],"curies":[{"name":"wp","href":"https:\/\/api.w.org\/{rel}","templated":true}]}}