{"id":16810,"date":"2023-01-23T20:35:33","date_gmt":"2023-01-23T18:35:33","guid":{"rendered":"https:\/\/moottoripalvelu.fi\/?post_type=product&#038;p=16810"},"modified":"2023-01-23T20:38:08","modified_gmt":"2023-01-23T18:38:08","slug":"ouh-211_moottori","status":"publish","type":"product","link":"https:\/\/moottoripalvelu.fi\/index.php\/product\/ouh-211_moottori\/","title":{"rendered":"OUH-211_moottori"},"content":{"rendered":"","protected":false},"excerpt":{"rendered":"<p>18.1.2023 s\u00e4hk\u00f6postilla annetun tarjouksen mukaissesti toimitamme uudelleen valmistetun vaihtomoottorin seuraavaan autoon:<\/p>\n<p>FORD FOCUS (III) 1.0 ECOBOOST MK1 | OUH-211 | 30.01.2014 (2014) | 998 cm3 | Bensiini | 92 kW (126 hp) | WF0LXXGCBLDD20845 | M1DA<\/p>\n<p>&nbsp;<\/p>\n<p><strong>UUDELLEEN VALMISTETTU\u00a0 VAIHTOMOOTTORI<\/strong><strong>\u00a0made in UK<\/strong><\/p>\n<p><strong>Ford Focus 1.0 Ecoboost, moottoriversio\u00a0<\/strong><strong>M1DA<\/strong><br \/>\nMoottori 3100\u20ac sis.alv<br \/>\nToimituskulu 295\u20ac sis.alv<strong><br \/>\nYHTEENS\u00c4 3395\u20ac sis.alv ja rahti <\/strong><\/p>\n<p>Toimituskulu sis\u00e4lt\u00e4\u00e4 uuden moottorin toimituksen ja vanhan kuljetuksen pois. Vanha moottori palautetaan valmistajalle alkuper\u00e4isess\u00e4 kuljetush\u00e4kiss\u00e4. Laskutamme j\u00e4lkik\u00e4teen 800\u20ac + ALV, mik\u00e4li vanhan moottorin lohkossa on reik\u00e4, haluat pit\u00e4\u00e4 moottorin itsell\u00e4si, tai jos palautus viiv\u00e4styy kohtuuttomasti.<\/p>\n<p>&nbsp;<\/p>\n<p><strong>Toimitus<\/strong><\/p>\n<p>TNT Cargo 5-8 arkip\u00e4iv\u00e4\u00e4 tehtaalta UK-FI<\/p>\n<p>&nbsp;<\/p>\n<p><strong>Takuu\u00a012 kk ilman km-rajoitusta<\/strong><\/p>\n<p>Takuun erityiset ehdot:<strong>\u00a0<\/strong><\/p>\n<ul>\n<li>\u00d6ljynj\u00e4\u00e4hdyttimen kenno\u00a0ja vesipumppu uusittava asennuksen yhteydess\u00e4.<\/li>\n<li>Takuu edellytt\u00e4\u00e4 1000 km sis\u00e4\u00e4najon. Sen j\u00e4lkeen \u00f6ljynvaihto + suodatin<\/li>\n<li>\u00d6ljynvaihtov\u00e4li enint\u00e4\u00e4n 6kk\/10 000 km v\u00e4lein.<\/li>\n<li>Ainoa sallittu \u00f6ljy on\u00a0Castrol Magnatec Stop-Start 5W-20 E<\/li>\n<\/ul>\n<p>&nbsp;<\/p>\n<p><strong>Huomiot<\/strong><\/p>\n<p>Katso tarjouksesta asennukseen liittyv\u00e4t vinkit suuttimista ja turbosta. Lis\u00e4ksi pyyd\u00e4mme tutustumaan erityisell\u00e4 huolella erikseen toimitettavaan Takuu- ja Sis\u00e4\u00e4najo-ohjeeseen.<\/p>\n<p>&nbsp;<\/p>\n<p><strong>VANHAN MOOTTORIN PALAUTUS\u00a0<\/strong><\/p>\n<p>Rahtikulu sis\u00e4lt\u00e4\u00e4 uuden moottorin toimituksen, ja vanhan moottorin viemisen pois.\u00a0Palautus tulee k\u00e4ynnist\u00e4\u00e4 30 vrk kuluessa vaihtomoottorin saapumisesta. Ota yhteytt\u00e4 jos palautus ei onnistu ajoissa.<\/p>\n<p>Ennen kuljetusta, vanhasta moottorista lasketaan \u00f6ljyt ja nesteet pois. T\u00e4m\u00e4n j\u00e4lkeen moottori pultataan vaihtomoottorin kuljetush\u00e4kkiin. \u00d6ljyvahinkojen est\u00e4miseksi suosittelemme palautettavan moottorin k\u00e4\u00e4rimist\u00e4 esim. kiristekalvoon tai j\u00e4tes\u00e4kkeihin tms.<\/p>\n<p>Kun moottori on pakattu, ota yhteys asiakaspalveluun:\u00a0tilaamme noudon puolestasi.<\/p>\n<p>&nbsp;<\/p>\n","protected":false},"featured_media":11871,"template":"","meta":[],"product_brand":[],"product_cat":[9668],"product_tag":[],"class_list":{"0":"post-16810","1":"product","2":"type-product","3":"status-publish","4":"has-post-thumbnail","6":"product_cat-yleinen","8":"first","9":"instock","10":"taxable","11":"shipping-taxable","12":"purchasable","13":"product-type-simple"},"yoast_head":"<!-- This site is optimized with the Yoast SEO plugin v27.3 - https:\/\/yoast.com\/product\/yoast-seo-wordpress\/ -->\n<title>OUH-211_moottori - Moottoripalvelu.fi<\/title>\n<meta name=\"robots\" content=\"index, follow, max-snippet:-1, max-image-preview:large, max-video-preview:-1\" \/>\n<link rel=\"canonical\" href=\"https:\/\/moottoripalvelu.fi\/index.php\/product\/ouh-211_moottori\/\" \/>\n<meta property=\"og:locale\" content=\"fi_FI\" \/>\n<meta property=\"og:type\" content=\"article\" \/>\n<meta property=\"og:title\" content=\"OUH-211_moottori - Moottoripalvelu.fi\" \/>\n<meta property=\"og:description\" content=\"18.1.2023 s\u00e4hk\u00f6postilla annetun tarjouksen mukaissesti toimitamme uudelleen valmistetun vaihtomoottorin seuraavaan autoon:  FORD FOCUS (III) 1.0 ECOBOOST MK1 | OUH-211 | 30.01.2014 (2014) | 998 cm3 | Bensiini | 92 kW (126 hp) | WF0LXXGCBLDD20845 | M1DA  &nbsp;  UUDELLEEN VALMISTETTU\u00a0 VAIHTOMOOTTORI\u00a0made in UK  Ford Focus 1.0 Ecoboost, moottoriversio\u00a0M1DA Moottori 3100\u20ac sis.alv Toimituskulu 295\u20ac sis.alv YHTEENS\u00c4 3395\u20ac sis.alv ja rahti   Toimituskulu sis\u00e4lt\u00e4\u00e4 uuden moottorin toimituksen ja vanhan kuljetuksen pois. Vanha moottori palautetaan valmistajalle alkuper\u00e4isess\u00e4 kuljetush\u00e4kiss\u00e4. Laskutamme j\u00e4lkik\u00e4teen 800\u20ac + ALV, mik\u00e4li vanhan moottorin lohkossa on reik\u00e4, haluat pit\u00e4\u00e4 moottorin itsell\u00e4si, tai jos palautus viiv\u00e4styy kohtuuttomasti.  &nbsp;  Toimitus  TNT Cargo 5-8 arkip\u00e4iv\u00e4\u00e4 tehtaalta UK-FI  &nbsp;  Takuu\u00a012 kk ilman km-rajoitusta  Takuun erityiset ehdot:\u00a0   \u00d6ljynj\u00e4\u00e4hdyttimen kenno\u00a0ja vesipumppu uusittava asennuksen yhteydess\u00e4.  Takuu edellytt\u00e4\u00e4 1000 km sis\u00e4\u00e4najon. Sen j\u00e4lkeen \u00f6ljynvaihto + suodatin  \u00d6ljynvaihtov\u00e4li enint\u00e4\u00e4n 6kk\/10 000 km v\u00e4lein.  Ainoa sallittu \u00f6ljy on\u00a0Castrol Magnatec Stop-Start 5W-20 E  &nbsp;  Huomiot  Katso tarjouksesta asennukseen liittyv\u00e4t vinkit suuttimista ja turbosta. Lis\u00e4ksi pyyd\u00e4mme tutustumaan erityisell\u00e4 huolella erikseen toimitettavaan Takuu- ja Sis\u00e4\u00e4najo-ohjeeseen.  &nbsp;  VANHAN MOOTTORIN PALAUTUS\u00a0  Rahtikulu sis\u00e4lt\u00e4\u00e4 uuden moottorin toimituksen, ja vanhan moottorin viemisen pois.\u00a0Palautus tulee k\u00e4ynnist\u00e4\u00e4 30 vrk kuluessa vaihtomoottorin saapumisesta. Ota yhteytt\u00e4 jos palautus ei onnistu ajoissa.  Ennen kuljetusta, vanhasta moottorista lasketaan \u00f6ljyt ja nesteet pois. T\u00e4m\u00e4n j\u00e4lkeen moottori pultataan vaihtomoottorin kuljetush\u00e4kkiin. \u00d6ljyvahinkojen est\u00e4miseksi suosittelemme palautettavan moottorin k\u00e4\u00e4rimist\u00e4 esim. kiristekalvoon tai j\u00e4tes\u00e4kkeihin tms.  Kun moottori on pakattu, ota yhteys asiakaspalveluun:\u00a0tilaamme noudon puolestasi.  &nbsp;\" \/>\n<meta property=\"og:url\" content=\"https:\/\/moottoripalvelu.fi\/index.php\/product\/ouh-211_moottori\/\" \/>\n<meta property=\"og:site_name\" content=\"Moottoripalvelu.fi\" \/>\n<meta property=\"article:modified_time\" content=\"2023-01-23T18:38:08+00:00\" \/>\n<meta property=\"og:image\" content=\"https:\/\/moottoripalvelu.fi\/wp-content\/uploads\/2021\/08\/m1da_400x300.jpg\" \/>\n\t<meta property=\"og:image:width\" content=\"400\" \/>\n\t<meta property=\"og:image:height\" content=\"300\" \/>\n\t<meta property=\"og:image:type\" content=\"image\/jpeg\" \/>\n<meta name=\"twitter:card\" content=\"summary_large_image\" \/>\n<script type=\"application\/ld+json\" class=\"yoast-schema-graph\">{\"@context\":\"https:\\\/\\\/schema.org\",\"@graph\":[{\"@type\":\"WebPage\",\"@id\":\"https:\\\/\\\/moottoripalvelu.fi\\\/index.php\\\/product\\\/ouh-211_moottori\\\/\",\"url\":\"https:\\\/\\\/moottoripalvelu.fi\\\/index.php\\\/product\\\/ouh-211_moottori\\\/\",\"name\":\"OUH-211_moottori - Moottoripalvelu.fi\",\"isPartOf\":{\"@id\":\"https:\\\/\\\/moottoripalvelu.fi\\\/#website\"},\"primaryImageOfPage\":{\"@id\":\"https:\\\/\\\/moottoripalvelu.fi\\\/index.php\\\/product\\\/ouh-211_moottori\\\/#primaryimage\"},\"image\":{\"@id\":\"https:\\\/\\\/moottoripalvelu.fi\\\/index.php\\\/product\\\/ouh-211_moottori\\\/#primaryimage\"},\"thumbnailUrl\":\"https:\\\/\\\/moottoripalvelu.fi\\\/wp-content\\\/uploads\\\/2021\\\/08\\\/m1da_400x300.jpg\",\"datePublished\":\"2023-01-23T18:35:33+00:00\",\"dateModified\":\"2023-01-23T18:38:08+00:00\",\"breadcrumb\":{\"@id\":\"https:\\\/\\\/moottoripalvelu.fi\\\/index.php\\\/product\\\/ouh-211_moottori\\\/#breadcrumb\"},\"inLanguage\":\"fi\",\"potentialAction\":[{\"@type\":\"ReadAction\",\"target\":[\"https:\\\/\\\/moottoripalvelu.fi\\\/index.php\\\/product\\\/ouh-211_moottori\\\/\"]}]},{\"@type\":\"ImageObject\",\"inLanguage\":\"fi\",\"@id\":\"https:\\\/\\\/moottoripalvelu.fi\\\/index.php\\\/product\\\/ouh-211_moottori\\\/#primaryimage\",\"url\":\"https:\\\/\\\/moottoripalvelu.fi\\\/wp-content\\\/uploads\\\/2021\\\/08\\\/m1da_400x300.jpg\",\"contentUrl\":\"https:\\\/\\\/moottoripalvelu.fi\\\/wp-content\\\/uploads\\\/2021\\\/08\\\/m1da_400x300.jpg\",\"width\":400,\"height\":300},{\"@type\":\"BreadcrumbList\",\"@id\":\"https:\\\/\\\/moottoripalvelu.fi\\\/index.php\\\/product\\\/ouh-211_moottori\\\/#breadcrumb\",\"itemListElement\":[{\"@type\":\"ListItem\",\"position\":1,\"name\":\"Home\",\"item\":\"https:\\\/\\\/moottoripalvelu.fi\\\/\"},{\"@type\":\"ListItem\",\"position\":2,\"name\":\"Antti Testaa\",\"item\":\"https:\\\/\\\/moottoripalvelu.fi\\\/index.php\\\/antti-testaa\\\/\"},{\"@type\":\"ListItem\",\"position\":3,\"name\":\"OUH-211_moottori\"}]},{\"@type\":\"WebSite\",\"@id\":\"https:\\\/\\\/moottoripalvelu.fi\\\/#website\",\"url\":\"https:\\\/\\\/moottoripalvelu.fi\\\/\",\"name\":\"Moottoripalvelu.fi\",\"description\":\"Moottorit - vaihteistot - kytkimet\",\"publisher\":{\"@id\":\"https:\\\/\\\/moottoripalvelu.fi\\\/#organization\"},\"potentialAction\":[{\"@type\":\"SearchAction\",\"target\":{\"@type\":\"EntryPoint\",\"urlTemplate\":\"https:\\\/\\\/moottoripalvelu.fi\\\/?s={search_term_string}\"},\"query-input\":{\"@type\":\"PropertyValueSpecification\",\"valueRequired\":true,\"valueName\":\"search_term_string\"}}],\"inLanguage\":\"fi\"},{\"@type\":\"Organization\",\"@id\":\"https:\\\/\\\/moottoripalvelu.fi\\\/#organization\",\"name\":\"Moottoripalvelu.fi\",\"url\":\"https:\\\/\\\/moottoripalvelu.fi\\\/\",\"logo\":{\"@type\":\"ImageObject\",\"inLanguage\":\"fi\",\"@id\":\"https:\\\/\\\/moottoripalvelu.fi\\\/#\\\/schema\\\/logo\\\/image\\\/\",\"url\":\"https:\\\/\\\/moottoripalvelu.fi\\\/wp-content\\\/uploads\\\/2021\\\/07\\\/logo_01_450.png\",\"contentUrl\":\"https:\\\/\\\/moottoripalvelu.fi\\\/wp-content\\\/uploads\\\/2021\\\/07\\\/logo_01_450.png\",\"width\":450,\"height\":73,\"caption\":\"Moottoripalvelu.fi\"},\"image\":{\"@id\":\"https:\\\/\\\/moottoripalvelu.fi\\\/#\\\/schema\\\/logo\\\/image\\\/\"}}]}<\/script>\n<!-- \/ Yoast SEO plugin. -->","yoast_head_json":{"title":"OUH-211_moottori - Moottoripalvelu.fi","robots":{"index":"index","follow":"follow","max-snippet":"max-snippet:-1","max-image-preview":"max-image-preview:large","max-video-preview":"max-video-preview:-1"},"canonical":"https:\/\/moottoripalvelu.fi\/index.php\/product\/ouh-211_moottori\/","og_locale":"fi_FI","og_type":"article","og_title":"OUH-211_moottori - Moottoripalvelu.fi","og_description":"18.1.2023 s\u00e4hk\u00f6postilla annetun tarjouksen mukaissesti toimitamme uudelleen valmistetun vaihtomoottorin seuraavaan autoon:  FORD FOCUS (III) 1.0 ECOBOOST MK1 | OUH-211 | 30.01.2014 (2014) | 998 cm3 | Bensiini | 92 kW (126 hp) | WF0LXXGCBLDD20845 | M1DA  &nbsp;  UUDELLEEN VALMISTETTU\u00a0 VAIHTOMOOTTORI\u00a0made in UK  Ford Focus 1.0 Ecoboost, moottoriversio\u00a0M1DA Moottori 3100\u20ac sis.alv Toimituskulu 295\u20ac sis.alv YHTEENS\u00c4 3395\u20ac sis.alv ja rahti   Toimituskulu sis\u00e4lt\u00e4\u00e4 uuden moottorin toimituksen ja vanhan kuljetuksen pois. Vanha moottori palautetaan valmistajalle alkuper\u00e4isess\u00e4 kuljetush\u00e4kiss\u00e4. Laskutamme j\u00e4lkik\u00e4teen 800\u20ac + ALV, mik\u00e4li vanhan moottorin lohkossa on reik\u00e4, haluat pit\u00e4\u00e4 moottorin itsell\u00e4si, tai jos palautus viiv\u00e4styy kohtuuttomasti.  &nbsp;  Toimitus  TNT Cargo 5-8 arkip\u00e4iv\u00e4\u00e4 tehtaalta UK-FI  &nbsp;  Takuu\u00a012 kk ilman km-rajoitusta  Takuun erityiset ehdot:\u00a0   \u00d6ljynj\u00e4\u00e4hdyttimen kenno\u00a0ja vesipumppu uusittava asennuksen yhteydess\u00e4.  Takuu edellytt\u00e4\u00e4 1000 km sis\u00e4\u00e4najon. Sen j\u00e4lkeen \u00f6ljynvaihto + suodatin  \u00d6ljynvaihtov\u00e4li enint\u00e4\u00e4n 6kk\/10 000 km v\u00e4lein.  Ainoa sallittu \u00f6ljy on\u00a0Castrol Magnatec Stop-Start 5W-20 E  &nbsp;  Huomiot  Katso tarjouksesta asennukseen liittyv\u00e4t vinkit suuttimista ja turbosta. Lis\u00e4ksi pyyd\u00e4mme tutustumaan erityisell\u00e4 huolella erikseen toimitettavaan Takuu- ja Sis\u00e4\u00e4najo-ohjeeseen.  &nbsp;  VANHAN MOOTTORIN PALAUTUS\u00a0  Rahtikulu sis\u00e4lt\u00e4\u00e4 uuden moottorin toimituksen, ja vanhan moottorin viemisen pois.\u00a0Palautus tulee k\u00e4ynnist\u00e4\u00e4 30 vrk kuluessa vaihtomoottorin saapumisesta. Ota yhteytt\u00e4 jos palautus ei onnistu ajoissa.  Ennen kuljetusta, vanhasta moottorista lasketaan \u00f6ljyt ja nesteet pois. T\u00e4m\u00e4n j\u00e4lkeen moottori pultataan vaihtomoottorin kuljetush\u00e4kkiin. \u00d6ljyvahinkojen est\u00e4miseksi suosittelemme palautettavan moottorin k\u00e4\u00e4rimist\u00e4 esim. kiristekalvoon tai j\u00e4tes\u00e4kkeihin tms.  Kun moottori on pakattu, ota yhteys asiakaspalveluun:\u00a0tilaamme noudon puolestasi.  &nbsp;","og_url":"https:\/\/moottoripalvelu.fi\/index.php\/product\/ouh-211_moottori\/","og_site_name":"Moottoripalvelu.fi","article_modified_time":"2023-01-23T18:38:08+00:00","og_image":[{"width":400,"height":300,"url":"https:\/\/moottoripalvelu.fi\/wp-content\/uploads\/2021\/08\/m1da_400x300.jpg","type":"image\/jpeg"}],"twitter_card":"summary_large_image","schema":{"@context":"https:\/\/schema.org","@graph":[{"@type":"WebPage","@id":"https:\/\/moottoripalvelu.fi\/index.php\/product\/ouh-211_moottori\/","url":"https:\/\/moottoripalvelu.fi\/index.php\/product\/ouh-211_moottori\/","name":"OUH-211_moottori - Moottoripalvelu.fi","isPartOf":{"@id":"https:\/\/moottoripalvelu.fi\/#website"},"primaryImageOfPage":{"@id":"https:\/\/moottoripalvelu.fi\/index.php\/product\/ouh-211_moottori\/#primaryimage"},"image":{"@id":"https:\/\/moottoripalvelu.fi\/index.php\/product\/ouh-211_moottori\/#primaryimage"},"thumbnailUrl":"https:\/\/moottoripalvelu.fi\/wp-content\/uploads\/2021\/08\/m1da_400x300.jpg","datePublished":"2023-01-23T18:35:33+00:00","dateModified":"2023-01-23T18:38:08+00:00","breadcrumb":{"@id":"https:\/\/moottoripalvelu.fi\/index.php\/product\/ouh-211_moottori\/#breadcrumb"},"inLanguage":"fi","potentialAction":[{"@type":"ReadAction","target":["https:\/\/moottoripalvelu.fi\/index.php\/product\/ouh-211_moottori\/"]}]},{"@type":"ImageObject","inLanguage":"fi","@id":"https:\/\/moottoripalvelu.fi\/index.php\/product\/ouh-211_moottori\/#primaryimage","url":"https:\/\/moottoripalvelu.fi\/wp-content\/uploads\/2021\/08\/m1da_400x300.jpg","contentUrl":"https:\/\/moottoripalvelu.fi\/wp-content\/uploads\/2021\/08\/m1da_400x300.jpg","width":400,"height":300},{"@type":"BreadcrumbList","@id":"https:\/\/moottoripalvelu.fi\/index.php\/product\/ouh-211_moottori\/#breadcrumb","itemListElement":[{"@type":"ListItem","position":1,"name":"Home","item":"https:\/\/moottoripalvelu.fi\/"},{"@type":"ListItem","position":2,"name":"Antti Testaa","item":"https:\/\/moottoripalvelu.fi\/index.php\/antti-testaa\/"},{"@type":"ListItem","position":3,"name":"OUH-211_moottori"}]},{"@type":"WebSite","@id":"https:\/\/moottoripalvelu.fi\/#website","url":"https:\/\/moottoripalvelu.fi\/","name":"Moottoripalvelu.fi","description":"Moottorit - vaihteistot - kytkimet","publisher":{"@id":"https:\/\/moottoripalvelu.fi\/#organization"},"potentialAction":[{"@type":"SearchAction","target":{"@type":"EntryPoint","urlTemplate":"https:\/\/moottoripalvelu.fi\/?s={search_term_string}"},"query-input":{"@type":"PropertyValueSpecification","valueRequired":true,"valueName":"search_term_string"}}],"inLanguage":"fi"},{"@type":"Organization","@id":"https:\/\/moottoripalvelu.fi\/#organization","name":"Moottoripalvelu.fi","url":"https:\/\/moottoripalvelu.fi\/","logo":{"@type":"ImageObject","inLanguage":"fi","@id":"https:\/\/moottoripalvelu.fi\/#\/schema\/logo\/image\/","url":"https:\/\/moottoripalvelu.fi\/wp-content\/uploads\/2021\/07\/logo_01_450.png","contentUrl":"https:\/\/moottoripalvelu.fi\/wp-content\/uploads\/2021\/07\/logo_01_450.png","width":450,"height":73,"caption":"Moottoripalvelu.fi"},"image":{"@id":"https:\/\/moottoripalvelu.fi\/#\/schema\/logo\/image\/"}}]}},"_links":{"self":[{"href":"https:\/\/moottoripalvelu.fi\/index.php\/wp-json\/wp\/v2\/product\/16810","targetHints":{"allow":["GET"]}}],"collection":[{"href":"https:\/\/moottoripalvelu.fi\/index.php\/wp-json\/wp\/v2\/product"}],"about":[{"href":"https:\/\/moottoripalvelu.fi\/index.php\/wp-json\/wp\/v2\/types\/product"}],"wp:featuredmedia":[{"embeddable":true,"href":"https:\/\/moottoripalvelu.fi\/index.php\/wp-json\/wp\/v2\/media\/11871"}],"wp:attachment":[{"href":"https:\/\/moottoripalvelu.fi\/index.php\/wp-json\/wp\/v2\/media?parent=16810"}],"wp:term":[{"taxonomy":"product_brand","embeddable":true,"href":"https:\/\/moottoripalvelu.fi\/index.php\/wp-json\/wp\/v2\/product_brand?post=16810"},{"taxonomy":"product_cat","embeddable":true,"href":"https:\/\/moottoripalvelu.fi\/index.php\/wp-json\/wp\/v2\/product_cat?post=16810"},{"taxonomy":"product_tag","embeddable":true,"href":"https:\/\/moottoripalvelu.fi\/index.php\/wp-json\/wp\/v2\/product_tag?post=16810"}],"curies":[{"name":"wp","href":"https:\/\/api.w.org\/{rel}","templated":true}]}}