{"id":17200,"date":"2023-04-17T17:27:39","date_gmt":"2023-04-17T14:27:39","guid":{"rendered":"https:\/\/moottoripalvelu.fi\/?post_type=product&#038;p=17200"},"modified":"2023-04-17T17:35:03","modified_gmt":"2023-04-17T14:35:03","slug":"rse-203_moottori","status":"publish","type":"product","link":"https:\/\/moottoripalvelu.fi\/index.php\/product\/rse-203_moottori\/","title":{"rendered":"RSE-203_MOOTTORI"},"content":{"rendered":"<div>\n<p>&nbsp;<\/p>\n<div><\/div>\n<\/div>\n<div id=\"m_-7285620818067085593m_-8879955670137123415gmail-:377\">\n<div id=\"m_-7285620818067085593m_-8879955670137123415gmail-:36c\">\n<div><\/div>\n<div><\/div>\n<\/div>\n<\/div>\n","protected":false},"excerpt":{"rendered":"<p>Toimitamme 17 km ajetun moottorin apulaitteineen seuraavaan autoon:<\/p>\n<p>MITSUBISHI ASX 1.6 DI-D MK2 | RSE-203 | 24.11.2016 (2015) | 1560 cm3 | Diesel | 84 kW (115 hp) | JMBXJGA7WFZD03558 | 9HD\/W495678<\/p>\n<p>&nbsp;<\/p>\n<p><strong>TOIMITUS<\/strong><\/p>\n<div>\n<div><b>Mitsubishi ASX 1.6 DI-D 2wd, moottoriversio 9HD<\/b><\/div>\n<\/div>\n<div><strong>Moottori 4995\u20ac sis.alv\u00a0<\/strong><\/div>\n<div><strong>Toimituskulu 350\u20ac sis.alv<\/strong><\/div>\n<div><strong>YHTEENS\u00c4 5345\u20ac sis.alv ja rahti\u00a0<\/strong><\/div>\n<div><strong>\u00a0<\/strong><\/div>\n<div><\/div>\n<div>\n<div><strong>Toimituskulu 350\u20ac<\/strong>, sis\u00e4lt\u00e4\u00e4 uuden moottorin toimituksen ja vanhan kuljetuksen pois. Vanha moottori palautetaan valmistajalle. Laskutamme 950\u20ac + ALV, mik\u00e4li vanhan moottorin lohkossa on reik\u00e4, haluat pit\u00e4\u00e4 moottorin itsell\u00e4si, tai jos palautus viiv\u00e4styy kohtuuttomasti.<\/div>\n<\/div>\n<div><\/div>\n<div><strong>Toimitusosoite<\/strong><\/div>\n<div>Bosch Car Service Tampereen Autos\u00e4hk\u00f6 Oy, Lemp\u00e4\u00e4l\u00e4ntie 24, 33840 Tampere<\/div>\n<div><\/div>\n<div>\n<div><b>Takuu 6 kuukautta ilman km-rajoitusta<\/b><\/div>\n<div>\n<ul>\n<li>Edellytt\u00e4\u00e4 1000 km sis\u00e4\u00e4najon, jonka j\u00e4lkeen \u00f6ljynvaihto<\/li>\n<li>\u00d6ljynvaihtov\u00e4li 6 kk\/10 000 km<\/li>\n<li>Moottorin optimointi tai muu viritys mit\u00e4t\u00f6i takuun<\/li>\n<\/ul>\n<\/div>\n<div><b>\u00a0<\/b><\/div>\n<div><b>Toimitus<\/b><\/div>\n<div>\u00a0Schenker Cargo -rahti\u00a05-8 arkip\u00e4iv\u00e4\u00e4.<\/div>\n<\/div>\n<div><\/div>\n<div><\/div>\n<div>\n<p><strong>VANHAN MOOTTORIN PALAUTUS\u00a0<\/strong><\/p>\n<p>Rahtikulu sis\u00e4lt\u00e4\u00e4 uuden moottorin toimituksen, ja vanhan moottorin noutamisen pois. Hoidamme palautuvan moottorin pakkaamisen ja palautuksen tehtaalle puolestanne.<\/p>\n<\/div>\n","protected":false},"featured_media":17201,"template":"","meta":[],"product_brand":[],"product_cat":[9668],"product_tag":[],"class_list":{"0":"post-17200","1":"product","2":"type-product","3":"status-publish","4":"has-post-thumbnail","6":"product_cat-yleinen","8":"first","9":"instock","10":"taxable","11":"shipping-taxable","12":"purchasable","13":"product-type-simple"},"yoast_head":"<!-- This site is optimized with the Yoast SEO plugin v27.3 - https:\/\/yoast.com\/product\/yoast-seo-wordpress\/ -->\n<title>RSE-203_MOOTTORI - Moottoripalvelu.fi<\/title>\n<meta name=\"robots\" content=\"index, follow, max-snippet:-1, max-image-preview:large, max-video-preview:-1\" \/>\n<link rel=\"canonical\" href=\"https:\/\/moottoripalvelu.fi\/index.php\/product\/rse-203_moottori\/\" \/>\n<meta property=\"og:locale\" content=\"fi_FI\" \/>\n<meta property=\"og:type\" content=\"article\" \/>\n<meta property=\"og:title\" content=\"RSE-203_MOOTTORI - Moottoripalvelu.fi\" \/>\n<meta property=\"og:description\" content=\"Toimitamme 17 km ajetun moottorin apulaitteineen seuraavaan autoon:  MITSUBISHI ASX 1.6 DI-D MK2 | RSE-203 | 24.11.2016 (2015) | 1560 cm3 | Diesel | 84 kW (115 hp) | JMBXJGA7WFZD03558 | 9HD\/W495678  &nbsp;  TOIMITUS  Mitsubishi ASX 1.6 DI-D 2wd, moottoriversio 9HD  Moottori 4995\u20ac sis.alv\u00a0 Toimituskulu 350\u20ac sis.alv YHTEENS\u00c4 5345\u20ac sis.alv ja rahti\u00a0 \u00a0   Toimituskulu 350\u20ac, sis\u00e4lt\u00e4\u00e4 uuden moottorin toimituksen ja vanhan kuljetuksen pois. Vanha moottori palautetaan valmistajalle. Laskutamme 950\u20ac + ALV, mik\u00e4li vanhan moottorin lohkossa on reik\u00e4, haluat pit\u00e4\u00e4 moottorin itsell\u00e4si, tai jos palautus viiv\u00e4styy kohtuuttomasti.   Toimitusosoite Bosch Car Service Tampereen Autos\u00e4hk\u00f6 Oy, Lemp\u00e4\u00e4l\u00e4ntie 24, 33840 Tampere   Takuu 6 kuukautta ilman km-rajoitusta    Edellytt\u00e4\u00e4 1000 km sis\u00e4\u00e4najon, jonka j\u00e4lkeen \u00f6ljynvaihto  \u00d6ljynvaihtov\u00e4li 6 kk\/10 000 km  Moottorin optimointi tai muu viritys mit\u00e4t\u00f6i takuun   \u00a0 Toimitus \u00a0Schenker Cargo -rahti\u00a05-8 arkip\u00e4iv\u00e4\u00e4.      VANHAN MOOTTORIN PALAUTUS\u00a0  Rahtikulu sis\u00e4lt\u00e4\u00e4 uuden moottorin toimituksen, ja vanhan moottorin noutamisen pois. Hoidamme palautuvan moottorin pakkaamisen ja palautuksen tehtaalle puolestanne.\" \/>\n<meta property=\"og:url\" content=\"https:\/\/moottoripalvelu.fi\/index.php\/product\/rse-203_moottori\/\" \/>\n<meta property=\"og:site_name\" content=\"Moottoripalvelu.fi\" \/>\n<meta property=\"article:modified_time\" content=\"2023-04-17T14:35:03+00:00\" \/>\n<meta property=\"og:image\" content=\"https:\/\/moottoripalvelu.fi\/wp-content\/uploads\/2023\/04\/M1.jpg\" \/>\n\t<meta property=\"og:image:width\" content=\"697\" \/>\n\t<meta property=\"og:image:height\" content=\"431\" \/>\n\t<meta property=\"og:image:type\" content=\"image\/jpeg\" \/>\n<meta name=\"twitter:card\" content=\"summary_large_image\" \/>\n<script type=\"application\/ld+json\" class=\"yoast-schema-graph\">{\"@context\":\"https:\\\/\\\/schema.org\",\"@graph\":[{\"@type\":\"WebPage\",\"@id\":\"https:\\\/\\\/moottoripalvelu.fi\\\/index.php\\\/product\\\/rse-203_moottori\\\/\",\"url\":\"https:\\\/\\\/moottoripalvelu.fi\\\/index.php\\\/product\\\/rse-203_moottori\\\/\",\"name\":\"RSE-203_MOOTTORI - Moottoripalvelu.fi\",\"isPartOf\":{\"@id\":\"https:\\\/\\\/moottoripalvelu.fi\\\/#website\"},\"primaryImageOfPage\":{\"@id\":\"https:\\\/\\\/moottoripalvelu.fi\\\/index.php\\\/product\\\/rse-203_moottori\\\/#primaryimage\"},\"image\":{\"@id\":\"https:\\\/\\\/moottoripalvelu.fi\\\/index.php\\\/product\\\/rse-203_moottori\\\/#primaryimage\"},\"thumbnailUrl\":\"https:\\\/\\\/moottoripalvelu.fi\\\/wp-content\\\/uploads\\\/2023\\\/04\\\/M1.jpg\",\"datePublished\":\"2023-04-17T14:27:39+00:00\",\"dateModified\":\"2023-04-17T14:35:03+00:00\",\"breadcrumb\":{\"@id\":\"https:\\\/\\\/moottoripalvelu.fi\\\/index.php\\\/product\\\/rse-203_moottori\\\/#breadcrumb\"},\"inLanguage\":\"fi\",\"potentialAction\":[{\"@type\":\"ReadAction\",\"target\":[\"https:\\\/\\\/moottoripalvelu.fi\\\/index.php\\\/product\\\/rse-203_moottori\\\/\"]}]},{\"@type\":\"ImageObject\",\"inLanguage\":\"fi\",\"@id\":\"https:\\\/\\\/moottoripalvelu.fi\\\/index.php\\\/product\\\/rse-203_moottori\\\/#primaryimage\",\"url\":\"https:\\\/\\\/moottoripalvelu.fi\\\/wp-content\\\/uploads\\\/2023\\\/04\\\/M1.jpg\",\"contentUrl\":\"https:\\\/\\\/moottoripalvelu.fi\\\/wp-content\\\/uploads\\\/2023\\\/04\\\/M1.jpg\",\"width\":697,\"height\":431},{\"@type\":\"BreadcrumbList\",\"@id\":\"https:\\\/\\\/moottoripalvelu.fi\\\/index.php\\\/product\\\/rse-203_moottori\\\/#breadcrumb\",\"itemListElement\":[{\"@type\":\"ListItem\",\"position\":1,\"name\":\"Home\",\"item\":\"https:\\\/\\\/moottoripalvelu.fi\\\/\"},{\"@type\":\"ListItem\",\"position\":2,\"name\":\"Antti Testaa\",\"item\":\"https:\\\/\\\/moottoripalvelu.fi\\\/index.php\\\/antti-testaa\\\/\"},{\"@type\":\"ListItem\",\"position\":3,\"name\":\"RSE-203_MOOTTORI\"}]},{\"@type\":\"WebSite\",\"@id\":\"https:\\\/\\\/moottoripalvelu.fi\\\/#website\",\"url\":\"https:\\\/\\\/moottoripalvelu.fi\\\/\",\"name\":\"Moottoripalvelu.fi\",\"description\":\"Moottorit - vaihteistot - kytkimet\",\"publisher\":{\"@id\":\"https:\\\/\\\/moottoripalvelu.fi\\\/#organization\"},\"potentialAction\":[{\"@type\":\"SearchAction\",\"target\":{\"@type\":\"EntryPoint\",\"urlTemplate\":\"https:\\\/\\\/moottoripalvelu.fi\\\/?s={search_term_string}\"},\"query-input\":{\"@type\":\"PropertyValueSpecification\",\"valueRequired\":true,\"valueName\":\"search_term_string\"}}],\"inLanguage\":\"fi\"},{\"@type\":\"Organization\",\"@id\":\"https:\\\/\\\/moottoripalvelu.fi\\\/#organization\",\"name\":\"Moottoripalvelu.fi\",\"url\":\"https:\\\/\\\/moottoripalvelu.fi\\\/\",\"logo\":{\"@type\":\"ImageObject\",\"inLanguage\":\"fi\",\"@id\":\"https:\\\/\\\/moottoripalvelu.fi\\\/#\\\/schema\\\/logo\\\/image\\\/\",\"url\":\"https:\\\/\\\/moottoripalvelu.fi\\\/wp-content\\\/uploads\\\/2021\\\/07\\\/logo_01_450.png\",\"contentUrl\":\"https:\\\/\\\/moottoripalvelu.fi\\\/wp-content\\\/uploads\\\/2021\\\/07\\\/logo_01_450.png\",\"width\":450,\"height\":73,\"caption\":\"Moottoripalvelu.fi\"},\"image\":{\"@id\":\"https:\\\/\\\/moottoripalvelu.fi\\\/#\\\/schema\\\/logo\\\/image\\\/\"}}]}<\/script>\n<!-- \/ Yoast SEO plugin. -->","yoast_head_json":{"title":"RSE-203_MOOTTORI - Moottoripalvelu.fi","robots":{"index":"index","follow":"follow","max-snippet":"max-snippet:-1","max-image-preview":"max-image-preview:large","max-video-preview":"max-video-preview:-1"},"canonical":"https:\/\/moottoripalvelu.fi\/index.php\/product\/rse-203_moottori\/","og_locale":"fi_FI","og_type":"article","og_title":"RSE-203_MOOTTORI - Moottoripalvelu.fi","og_description":"Toimitamme 17 km ajetun moottorin apulaitteineen seuraavaan autoon:  MITSUBISHI ASX 1.6 DI-D MK2 | RSE-203 | 24.11.2016 (2015) | 1560 cm3 | Diesel | 84 kW (115 hp) | JMBXJGA7WFZD03558 | 9HD\/W495678  &nbsp;  TOIMITUS  Mitsubishi ASX 1.6 DI-D 2wd, moottoriversio 9HD  Moottori 4995\u20ac sis.alv\u00a0 Toimituskulu 350\u20ac sis.alv YHTEENS\u00c4 5345\u20ac sis.alv ja rahti\u00a0 \u00a0   Toimituskulu 350\u20ac, sis\u00e4lt\u00e4\u00e4 uuden moottorin toimituksen ja vanhan kuljetuksen pois. Vanha moottori palautetaan valmistajalle. Laskutamme 950\u20ac + ALV, mik\u00e4li vanhan moottorin lohkossa on reik\u00e4, haluat pit\u00e4\u00e4 moottorin itsell\u00e4si, tai jos palautus viiv\u00e4styy kohtuuttomasti.   Toimitusosoite Bosch Car Service Tampereen Autos\u00e4hk\u00f6 Oy, Lemp\u00e4\u00e4l\u00e4ntie 24, 33840 Tampere   Takuu 6 kuukautta ilman km-rajoitusta    Edellytt\u00e4\u00e4 1000 km sis\u00e4\u00e4najon, jonka j\u00e4lkeen \u00f6ljynvaihto  \u00d6ljynvaihtov\u00e4li 6 kk\/10 000 km  Moottorin optimointi tai muu viritys mit\u00e4t\u00f6i takuun   \u00a0 Toimitus \u00a0Schenker Cargo -rahti\u00a05-8 arkip\u00e4iv\u00e4\u00e4.      VANHAN MOOTTORIN PALAUTUS\u00a0  Rahtikulu sis\u00e4lt\u00e4\u00e4 uuden moottorin toimituksen, ja vanhan moottorin noutamisen pois. Hoidamme palautuvan moottorin pakkaamisen ja palautuksen tehtaalle puolestanne.","og_url":"https:\/\/moottoripalvelu.fi\/index.php\/product\/rse-203_moottori\/","og_site_name":"Moottoripalvelu.fi","article_modified_time":"2023-04-17T14:35:03+00:00","og_image":[{"width":697,"height":431,"url":"https:\/\/moottoripalvelu.fi\/wp-content\/uploads\/2023\/04\/M1.jpg","type":"image\/jpeg"}],"twitter_card":"summary_large_image","schema":{"@context":"https:\/\/schema.org","@graph":[{"@type":"WebPage","@id":"https:\/\/moottoripalvelu.fi\/index.php\/product\/rse-203_moottori\/","url":"https:\/\/moottoripalvelu.fi\/index.php\/product\/rse-203_moottori\/","name":"RSE-203_MOOTTORI - Moottoripalvelu.fi","isPartOf":{"@id":"https:\/\/moottoripalvelu.fi\/#website"},"primaryImageOfPage":{"@id":"https:\/\/moottoripalvelu.fi\/index.php\/product\/rse-203_moottori\/#primaryimage"},"image":{"@id":"https:\/\/moottoripalvelu.fi\/index.php\/product\/rse-203_moottori\/#primaryimage"},"thumbnailUrl":"https:\/\/moottoripalvelu.fi\/wp-content\/uploads\/2023\/04\/M1.jpg","datePublished":"2023-04-17T14:27:39+00:00","dateModified":"2023-04-17T14:35:03+00:00","breadcrumb":{"@id":"https:\/\/moottoripalvelu.fi\/index.php\/product\/rse-203_moottori\/#breadcrumb"},"inLanguage":"fi","potentialAction":[{"@type":"ReadAction","target":["https:\/\/moottoripalvelu.fi\/index.php\/product\/rse-203_moottori\/"]}]},{"@type":"ImageObject","inLanguage":"fi","@id":"https:\/\/moottoripalvelu.fi\/index.php\/product\/rse-203_moottori\/#primaryimage","url":"https:\/\/moottoripalvelu.fi\/wp-content\/uploads\/2023\/04\/M1.jpg","contentUrl":"https:\/\/moottoripalvelu.fi\/wp-content\/uploads\/2023\/04\/M1.jpg","width":697,"height":431},{"@type":"BreadcrumbList","@id":"https:\/\/moottoripalvelu.fi\/index.php\/product\/rse-203_moottori\/#breadcrumb","itemListElement":[{"@type":"ListItem","position":1,"name":"Home","item":"https:\/\/moottoripalvelu.fi\/"},{"@type":"ListItem","position":2,"name":"Antti Testaa","item":"https:\/\/moottoripalvelu.fi\/index.php\/antti-testaa\/"},{"@type":"ListItem","position":3,"name":"RSE-203_MOOTTORI"}]},{"@type":"WebSite","@id":"https:\/\/moottoripalvelu.fi\/#website","url":"https:\/\/moottoripalvelu.fi\/","name":"Moottoripalvelu.fi","description":"Moottorit - vaihteistot - kytkimet","publisher":{"@id":"https:\/\/moottoripalvelu.fi\/#organization"},"potentialAction":[{"@type":"SearchAction","target":{"@type":"EntryPoint","urlTemplate":"https:\/\/moottoripalvelu.fi\/?s={search_term_string}"},"query-input":{"@type":"PropertyValueSpecification","valueRequired":true,"valueName":"search_term_string"}}],"inLanguage":"fi"},{"@type":"Organization","@id":"https:\/\/moottoripalvelu.fi\/#organization","name":"Moottoripalvelu.fi","url":"https:\/\/moottoripalvelu.fi\/","logo":{"@type":"ImageObject","inLanguage":"fi","@id":"https:\/\/moottoripalvelu.fi\/#\/schema\/logo\/image\/","url":"https:\/\/moottoripalvelu.fi\/wp-content\/uploads\/2021\/07\/logo_01_450.png","contentUrl":"https:\/\/moottoripalvelu.fi\/wp-content\/uploads\/2021\/07\/logo_01_450.png","width":450,"height":73,"caption":"Moottoripalvelu.fi"},"image":{"@id":"https:\/\/moottoripalvelu.fi\/#\/schema\/logo\/image\/"}}]}},"_links":{"self":[{"href":"https:\/\/moottoripalvelu.fi\/index.php\/wp-json\/wp\/v2\/product\/17200","targetHints":{"allow":["GET"]}}],"collection":[{"href":"https:\/\/moottoripalvelu.fi\/index.php\/wp-json\/wp\/v2\/product"}],"about":[{"href":"https:\/\/moottoripalvelu.fi\/index.php\/wp-json\/wp\/v2\/types\/product"}],"wp:featuredmedia":[{"embeddable":true,"href":"https:\/\/moottoripalvelu.fi\/index.php\/wp-json\/wp\/v2\/media\/17201"}],"wp:attachment":[{"href":"https:\/\/moottoripalvelu.fi\/index.php\/wp-json\/wp\/v2\/media?parent=17200"}],"wp:term":[{"taxonomy":"product_brand","embeddable":true,"href":"https:\/\/moottoripalvelu.fi\/index.php\/wp-json\/wp\/v2\/product_brand?post=17200"},{"taxonomy":"product_cat","embeddable":true,"href":"https:\/\/moottoripalvelu.fi\/index.php\/wp-json\/wp\/v2\/product_cat?post=17200"},{"taxonomy":"product_tag","embeddable":true,"href":"https:\/\/moottoripalvelu.fi\/index.php\/wp-json\/wp\/v2\/product_tag?post=17200"}],"curies":[{"name":"wp","href":"https:\/\/api.w.org\/{rel}","templated":true}]}}