{"id":17491,"date":"2023-07-26T15:13:02","date_gmt":"2023-07-26T12:13:02","guid":{"rendered":"https:\/\/moottoripalvelu.fi\/?post_type=product&#038;p=17491"},"modified":"2023-07-26T15:13:50","modified_gmt":"2023-07-26T12:13:50","slug":"gmn-430_vaihtomoottori","status":"publish","type":"product","link":"https:\/\/moottoripalvelu.fi\/index.php\/product\/gmn-430_vaihtomoottori\/","title":{"rendered":"GMN-430_vaihtomoottori"},"content":{"rendered":"","protected":false},"excerpt":{"rendered":"<p>Toimitamme uudelleen valmistetun vaihtomoottorin ilman apulaitteita seuraavaan autoon:<\/p>\n<p>FORD FOCUS (III) 1.0 ECOBOOST MK2 | GMN-430 | 30.06.2017 (2017) | 998 cm3 | Bensiini | 92 kW (126 hp) | WF06XXGCC6HB58641 | M1DD automaatti<\/p>\n<p>&nbsp;<\/p>\n<p><strong>TOIMITUS<\/strong><br \/>\nMoottori 3850\u20ac sis.alv<br \/>\nToimituskulu 350\u20ac sis.alv<br \/>\n<strong>YHTEENS\u00c4 4200\u20ac sis.alv<\/strong><\/p>\n<p>&nbsp;<\/p>\n<p>Toimituskulu sis\u00e4lt\u00e4\u00e4 uuden moottorin toimituksen ja vanhan kuljetuksen pois. Vanha moottori palautetaan valmistajalle alkuper\u00e4isess\u00e4 kuljetush\u00e4kiss\u00e4.<\/p>\n<p>Moottorin runkopanttia ei laskuteta etuk\u00e4teen. Laskutamme j\u00e4lkik\u00e4teen 750\u20ac + ALV \u20ac, mik\u00e4li vanhan moottorin lohkossa on ulosp\u00e4in n\u00e4kyv\u00e4 reik\u00e4, haluat pit\u00e4\u00e4 moottorin itsell\u00e4si, tai jos palautus viiv\u00e4styy kohtuuttomasti.<\/p>\n<p>&nbsp;<\/p>\n<p><strong>Toimitus<\/strong><br \/>\n4-5 arkip\u00e4iv\u00e4\u00e4 Schenker Cargo -maarahti<\/p>\n<p><strong>TAKUU\u00a0<\/strong><strong>12 kk ilman km-rajoitusta<\/strong><\/p>\n<p>Takuun erityiset ehdot:<strong>\u00a0<\/strong><\/p>\n<ul>\n<li>\u00d6ljynj\u00e4\u00e4hdyttimen kenno\u00a0ja vesipumppu uusittava asennuksen yhteydess\u00e4.<\/li>\n<li>Takuu edellytt\u00e4\u00e4 1000 km sis\u00e4\u00e4najon. Sen j\u00e4lkeen \u00f6ljynvaihto + suodatin<\/li>\n<li>\u00d6ljynvaihtov\u00e4li enint\u00e4\u00e4n 6kk\/10 000 km v\u00e4lein.<\/li>\n<li>Ainoa sallittu \u00f6ljy on\u00a0Castrol Magnatec Stop-Start 5W-20 E<\/li>\n<\/ul>\n<p>&nbsp;<\/p>\n<p><strong>UUDELLEEN VALMISTETTU<\/strong><\/p>\n<p><strong><span style=\"font-weight: 400\">Alkuper\u00e4isist\u00e4 osista k\u00e4ytet\u00e4\u00e4n uudelleen lohko, kampiakseli ja kiertokanget sek\u00e4 sylinterikansi. Koneistukset tehd\u00e4\u00e4n CNC-asemilla, joissa laser-mittap\u00e4\u00e4t: Tarkkuus on korkeampi kuin Fordin tehtaassa.\u00a0<\/span><\/strong><strong><span style=\"font-weight: 400\">Tuloksena on huolella uudelleen valmistettu moottori, jonka kokoonpanosta huolehtii alusta loppuun sama teknikko.\u00a0<\/span>\u00a0<\/strong><\/p>\n<p>Valmistajamme on todella paneutunut t\u00e4m\u00e4n moottorin lastentautien parantamiseen. Mm. m\u00e4nn\u00e4nrenkaat, laakeriv\u00e4lykset ja -materiaalit sek\u00e4 \u00f6ljypumpun s\u00e4\u00e4d\u00f6t on mietitty uudestaan.<\/p>\n<p>Tehdas k\u00e4ytt\u00e4\u00e4 suurelta osin Ford OEM-komponentteja tai maailman suurimman OEM-osien valmistajan eli Federal Mogulin tuotteita.<\/p>\n<p><strong>Moottorin alakerta:<\/strong><\/p>\n<ul>\n<li>Kampiakselin ja kiertokankien laakerointi uusitaan<\/li>\n<li>Kampiakselin laakerilinja oikaistaan CNC-linjahoonilla<\/li>\n<li>Kiertokankien alasilm\u00e4t py\u00f6ristet\u00e4\u00e4n CNC-koneella tehdasv\u00e4lykseen<\/li>\n<li>Kiertokankien pituudet tasataan<\/li>\n<li>Sylinterit hoonataan\/porataan CNC-kalustolla<\/li>\n<li>Uudet m\u00e4nn\u00e4t<\/li>\n<\/ul>\n<p><strong>Moottorin yl\u00e4kerta:<\/strong><\/p>\n<ul>\n<li>Sylinterikansi on uusi<\/li>\n<li>Uudet venttiilit ja nostimet<\/li>\n<li>Uusi jakohihna ja \u00f6ljypumpun hihna + kiristimet, asennettuna<\/li>\n<\/ul>\n<p><strong>Toimitus ei sis\u00e4ll\u00e4:<\/strong><\/p>\n<ul>\n<li>\u00d6ljynj\u00e4\u00e4hdyttimen kenno<\/li>\n<li>Vesipumppu<\/li>\n<li>Kenno ja pumppu tulee uusia jotta moottorin valmistajan takuu pysyy voimassa<\/li>\n<\/ul>\n<p>&nbsp;<\/p>\n<p><strong>VAIHTOMOOTTORIN APULAITTEET<\/strong><\/p>\n<p>Ford\u00a01.0\u00a0Ecoboost\u00a0vaihtomoottori toimitetaan ilman polttoaine- ja apulaitteita. Ne siirret\u00e4\u00e4n vanhasta moottorista. Siirrett\u00e4vi\u00e4 osia ovat esim. suuttimet ja korkeapainepumppu, turboahdin, anturit, startti ja laturi jne.\u00a0ja mahdollisesti venttiilikoppa.<\/p>\n<p>Vaihtomoottori saatetaan toimittaa kuljetukseen tarkoitetulla suljetulla venttiilikopalla. N\u00e4m\u00e4 palautetaan vanhan moottorin mukana. Palautettavat osat on merkitty Dummy-tekstill\u00e4.<\/p>\n<p>&nbsp;<\/p>\n<p><strong>MOOTTORINVAIHDOSSA HUOMIOITAVIA ASIOITA<\/strong><\/p>\n<ul>\n<li>1.0\u00a0Ecoboost\u00a0-moottoreissa esiintyy suutinvikoja. Suosittelen uusimista<\/li>\n<\/ul>\n<ul>\n<li>Turbo kannattaa tarkastaa, ja tarvittaessa huoltaa\/korjata suomalaisessa turbokorjaamossa<\/li>\n<\/ul>\n<p>&nbsp;<\/p>\n<p style=\"font-weight: 400\"><strong>VANHAN MOOTTORIN PALAUTUS\u00a0<\/strong><\/p>\n<p style=\"font-weight: 400\">Rahtikulu sis\u00e4lt\u00e4\u00e4 uuden moottorin toimituksen, ja vanhan moottorin viemisen pois.\u00a0Palautus tulee k\u00e4ynnist\u00e4\u00e4 30 vrk kuluessa vaihtomoottorin saapumisesta. Ota yhteytt\u00e4 jos palautus ei onnistu ajoissa.<\/p>\n<p style=\"font-weight: 400\">Ennen kuljetusta, vanhasta moottorista lasketaan \u00f6ljyt ja nesteet pois. T\u00e4m\u00e4n j\u00e4lkeen moottori pultataan vaihtomoottorin kuljetush\u00e4kkiin. \u00d6ljyvahinkojen est\u00e4miseksi suosittelemme palautettavan moottorin k\u00e4\u00e4rimist\u00e4 esim. kiristekalvoon tai j\u00e4tes\u00e4kkeihin tms.<\/p>\n<p style=\"font-weight: 400\">Kun moottori on pakattu, ota yhteys asiakaspalveluun:\u00a0tilaamme noudon puolestasi.<\/p>\n<p>&nbsp;<\/p>\n<div><\/div>\n","protected":false},"featured_media":11871,"template":"","meta":[],"product_brand":[],"product_cat":[9668],"product_tag":[],"class_list":{"0":"post-17491","1":"product","2":"type-product","3":"status-publish","4":"has-post-thumbnail","6":"product_cat-yleinen","8":"first","9":"instock","10":"taxable","11":"shipping-taxable","12":"purchasable","13":"product-type-simple"},"yoast_head":"<!-- This site is optimized with the Yoast SEO plugin v27.3 - https:\/\/yoast.com\/product\/yoast-seo-wordpress\/ -->\n<title>GMN-430_vaihtomoottori - Moottoripalvelu.fi<\/title>\n<meta name=\"robots\" content=\"index, follow, max-snippet:-1, max-image-preview:large, max-video-preview:-1\" \/>\n<link rel=\"canonical\" href=\"https:\/\/moottoripalvelu.fi\/index.php\/product\/gmn-430_vaihtomoottori\/\" \/>\n<meta property=\"og:locale\" content=\"fi_FI\" \/>\n<meta property=\"og:type\" content=\"article\" \/>\n<meta property=\"og:title\" content=\"GMN-430_vaihtomoottori - Moottoripalvelu.fi\" \/>\n<meta property=\"og:description\" content=\"Toimitamme uudelleen valmistetun vaihtomoottorin ilman apulaitteita seuraavaan autoon:  FORD FOCUS (III) 1.0 ECOBOOST MK2 | GMN-430 | 30.06.2017 (2017) | 998 cm3 | Bensiini | 92 kW (126 hp) | WF06XXGCC6HB58641 | M1DD automaatti  &nbsp;  TOIMITUS Moottori 3850\u20ac sis.alv Toimituskulu 350\u20ac sis.alv YHTEENS\u00c4 4200\u20ac sis.alv  &nbsp;  Toimituskulu sis\u00e4lt\u00e4\u00e4 uuden moottorin toimituksen ja vanhan kuljetuksen pois. Vanha moottori palautetaan valmistajalle alkuper\u00e4isess\u00e4 kuljetush\u00e4kiss\u00e4.  Moottorin runkopanttia ei laskuteta etuk\u00e4teen. Laskutamme j\u00e4lkik\u00e4teen 750\u20ac + ALV \u20ac, mik\u00e4li vanhan moottorin lohkossa on ulosp\u00e4in n\u00e4kyv\u00e4 reik\u00e4, haluat pit\u00e4\u00e4 moottorin itsell\u00e4si, tai jos palautus viiv\u00e4styy kohtuuttomasti.  &nbsp;  Toimitus 4-5 arkip\u00e4iv\u00e4\u00e4 Schenker Cargo -maarahti  TAKUU\u00a012 kk ilman km-rajoitusta  Takuun erityiset ehdot:\u00a0   \u00d6ljynj\u00e4\u00e4hdyttimen kenno\u00a0ja vesipumppu uusittava asennuksen yhteydess\u00e4.  Takuu edellytt\u00e4\u00e4 1000 km sis\u00e4\u00e4najon. Sen j\u00e4lkeen \u00f6ljynvaihto + suodatin  \u00d6ljynvaihtov\u00e4li enint\u00e4\u00e4n 6kk\/10 000 km v\u00e4lein.  Ainoa sallittu \u00f6ljy on\u00a0Castrol Magnatec Stop-Start 5W-20 E  &nbsp;  UUDELLEEN VALMISTETTU  Alkuper\u00e4isist\u00e4 osista k\u00e4ytet\u00e4\u00e4n uudelleen lohko, kampiakseli ja kiertokanget sek\u00e4 sylinterikansi. Koneistukset tehd\u00e4\u00e4n CNC-asemilla, joissa laser-mittap\u00e4\u00e4t: Tarkkuus on korkeampi kuin Fordin tehtaassa.\u00a0Tuloksena on huolella uudelleen valmistettu moottori, jonka kokoonpanosta huolehtii alusta loppuun sama teknikko.\u00a0\u00a0  Valmistajamme on todella paneutunut t\u00e4m\u00e4n moottorin lastentautien parantamiseen. Mm. m\u00e4nn\u00e4nrenkaat, laakeriv\u00e4lykset ja -materiaalit sek\u00e4 \u00f6ljypumpun s\u00e4\u00e4d\u00f6t on mietitty uudestaan.  Tehdas k\u00e4ytt\u00e4\u00e4 suurelta osin Ford OEM-komponentteja tai maailman suurimman OEM-osien valmistajan eli Federal Mogulin tuotteita.  Moottorin alakerta:   Kampiakselin ja kiertokankien laakerointi uusitaan  Kampiakselin laakerilinja oikaistaan CNC-linjahoonilla  Kiertokankien alasilm\u00e4t py\u00f6ristet\u00e4\u00e4n CNC-koneella tehdasv\u00e4lykseen  Kiertokankien pituudet tasataan  Sylinterit hoonataan\/porataan CNC-kalustolla  Uudet m\u00e4nn\u00e4t  Moottorin yl\u00e4kerta:   Sylinterikansi on uusi  Uudet venttiilit ja nostimet  Uusi jakohihna ja \u00f6ljypumpun hihna + kiristimet, asennettuna  Toimitus ei sis\u00e4ll\u00e4:   \u00d6ljynj\u00e4\u00e4hdyttimen kenno  Vesipumppu  Kenno ja pumppu tulee uusia jotta moottorin valmistajan takuu pysyy voimassa  &nbsp;  VAIHTOMOOTTORIN APULAITTEET  Ford\u00a01.0\u00a0Ecoboost\u00a0vaihtomoottori toimitetaan ilman polttoaine- ja apulaitteita. Ne siirret\u00e4\u00e4n vanhasta moottorista. Siirrett\u00e4vi\u00e4 osia ovat esim. suuttimet ja korkeapainepumppu, turboahdin, anturit, startti ja laturi jne.\u00a0ja mahdollisesti venttiilikoppa.  Vaihtomoottori saatetaan toimittaa kuljetukseen tarkoitetulla suljetulla venttiilikopalla. N\u00e4m\u00e4 palautetaan vanhan moottorin mukana. Palautettavat osat on merkitty Dummy-tekstill\u00e4.  &nbsp;  MOOTTORINVAIHDOSSA HUOMIOITAVIA ASIOITA   1.0\u00a0Ecoboost\u00a0-moottoreissa esiintyy suutinvikoja. Suosittelen uusimista    Turbo kannattaa tarkastaa, ja tarvittaessa huoltaa\/korjata suomalaisessa turbokorjaamossa  &nbsp; VANHAN MOOTTORIN PALAUTUS\u00a0 Rahtikulu sis\u00e4lt\u00e4\u00e4 uuden moottorin toimituksen, ja vanhan moottorin viemisen pois.\u00a0Palautus tulee k\u00e4ynnist\u00e4\u00e4 30 vrk kuluessa vaihtomoottorin saapumisesta. Ota yhteytt\u00e4 jos palautus ei onnistu ajoissa. Ennen kuljetusta, vanhasta moottorista lasketaan \u00f6ljyt ja nesteet pois. T\u00e4m\u00e4n j\u00e4lkeen moottori pultataan vaihtomoottorin kuljetush\u00e4kkiin. \u00d6ljyvahinkojen est\u00e4miseksi suosittelemme palautettavan moottorin k\u00e4\u00e4rimist\u00e4 esim. kiristekalvoon tai j\u00e4tes\u00e4kkeihin tms. Kun moottori on pakattu, ota yhteys asiakaspalveluun:\u00a0tilaamme noudon puolestasi. &nbsp;\" \/>\n<meta property=\"og:url\" content=\"https:\/\/moottoripalvelu.fi\/index.php\/product\/gmn-430_vaihtomoottori\/\" \/>\n<meta property=\"og:site_name\" content=\"Moottoripalvelu.fi\" \/>\n<meta property=\"article:modified_time\" content=\"2023-07-26T12:13:50+00:00\" \/>\n<meta property=\"og:image\" content=\"https:\/\/moottoripalvelu.fi\/wp-content\/uploads\/2021\/08\/m1da_400x300.jpg\" \/>\n\t<meta property=\"og:image:width\" content=\"400\" \/>\n\t<meta property=\"og:image:height\" content=\"300\" \/>\n\t<meta property=\"og:image:type\" content=\"image\/jpeg\" \/>\n<meta name=\"twitter:card\" content=\"summary_large_image\" \/>\n<script type=\"application\/ld+json\" class=\"yoast-schema-graph\">{\"@context\":\"https:\\\/\\\/schema.org\",\"@graph\":[{\"@type\":\"WebPage\",\"@id\":\"https:\\\/\\\/moottoripalvelu.fi\\\/index.php\\\/product\\\/gmn-430_vaihtomoottori\\\/\",\"url\":\"https:\\\/\\\/moottoripalvelu.fi\\\/index.php\\\/product\\\/gmn-430_vaihtomoottori\\\/\",\"name\":\"GMN-430_vaihtomoottori - Moottoripalvelu.fi\",\"isPartOf\":{\"@id\":\"https:\\\/\\\/moottoripalvelu.fi\\\/#website\"},\"primaryImageOfPage\":{\"@id\":\"https:\\\/\\\/moottoripalvelu.fi\\\/index.php\\\/product\\\/gmn-430_vaihtomoottori\\\/#primaryimage\"},\"image\":{\"@id\":\"https:\\\/\\\/moottoripalvelu.fi\\\/index.php\\\/product\\\/gmn-430_vaihtomoottori\\\/#primaryimage\"},\"thumbnailUrl\":\"https:\\\/\\\/moottoripalvelu.fi\\\/wp-content\\\/uploads\\\/2021\\\/08\\\/m1da_400x300.jpg\",\"datePublished\":\"2023-07-26T12:13:02+00:00\",\"dateModified\":\"2023-07-26T12:13:50+00:00\",\"breadcrumb\":{\"@id\":\"https:\\\/\\\/moottoripalvelu.fi\\\/index.php\\\/product\\\/gmn-430_vaihtomoottori\\\/#breadcrumb\"},\"inLanguage\":\"fi\",\"potentialAction\":[{\"@type\":\"ReadAction\",\"target\":[\"https:\\\/\\\/moottoripalvelu.fi\\\/index.php\\\/product\\\/gmn-430_vaihtomoottori\\\/\"]}]},{\"@type\":\"ImageObject\",\"inLanguage\":\"fi\",\"@id\":\"https:\\\/\\\/moottoripalvelu.fi\\\/index.php\\\/product\\\/gmn-430_vaihtomoottori\\\/#primaryimage\",\"url\":\"https:\\\/\\\/moottoripalvelu.fi\\\/wp-content\\\/uploads\\\/2021\\\/08\\\/m1da_400x300.jpg\",\"contentUrl\":\"https:\\\/\\\/moottoripalvelu.fi\\\/wp-content\\\/uploads\\\/2021\\\/08\\\/m1da_400x300.jpg\",\"width\":400,\"height\":300},{\"@type\":\"BreadcrumbList\",\"@id\":\"https:\\\/\\\/moottoripalvelu.fi\\\/index.php\\\/product\\\/gmn-430_vaihtomoottori\\\/#breadcrumb\",\"itemListElement\":[{\"@type\":\"ListItem\",\"position\":1,\"name\":\"Home\",\"item\":\"https:\\\/\\\/moottoripalvelu.fi\\\/\"},{\"@type\":\"ListItem\",\"position\":2,\"name\":\"Antti Testaa\",\"item\":\"https:\\\/\\\/moottoripalvelu.fi\\\/index.php\\\/antti-testaa\\\/\"},{\"@type\":\"ListItem\",\"position\":3,\"name\":\"GMN-430_vaihtomoottori\"}]},{\"@type\":\"WebSite\",\"@id\":\"https:\\\/\\\/moottoripalvelu.fi\\\/#website\",\"url\":\"https:\\\/\\\/moottoripalvelu.fi\\\/\",\"name\":\"Moottoripalvelu.fi\",\"description\":\"Moottorit - vaihteistot - kytkimet\",\"publisher\":{\"@id\":\"https:\\\/\\\/moottoripalvelu.fi\\\/#organization\"},\"potentialAction\":[{\"@type\":\"SearchAction\",\"target\":{\"@type\":\"EntryPoint\",\"urlTemplate\":\"https:\\\/\\\/moottoripalvelu.fi\\\/?s={search_term_string}\"},\"query-input\":{\"@type\":\"PropertyValueSpecification\",\"valueRequired\":true,\"valueName\":\"search_term_string\"}}],\"inLanguage\":\"fi\"},{\"@type\":\"Organization\",\"@id\":\"https:\\\/\\\/moottoripalvelu.fi\\\/#organization\",\"name\":\"Moottoripalvelu.fi\",\"url\":\"https:\\\/\\\/moottoripalvelu.fi\\\/\",\"logo\":{\"@type\":\"ImageObject\",\"inLanguage\":\"fi\",\"@id\":\"https:\\\/\\\/moottoripalvelu.fi\\\/#\\\/schema\\\/logo\\\/image\\\/\",\"url\":\"https:\\\/\\\/moottoripalvelu.fi\\\/wp-content\\\/uploads\\\/2021\\\/07\\\/logo_01_450.png\",\"contentUrl\":\"https:\\\/\\\/moottoripalvelu.fi\\\/wp-content\\\/uploads\\\/2021\\\/07\\\/logo_01_450.png\",\"width\":450,\"height\":73,\"caption\":\"Moottoripalvelu.fi\"},\"image\":{\"@id\":\"https:\\\/\\\/moottoripalvelu.fi\\\/#\\\/schema\\\/logo\\\/image\\\/\"}}]}<\/script>\n<!-- \/ Yoast SEO plugin. -->","yoast_head_json":{"title":"GMN-430_vaihtomoottori - Moottoripalvelu.fi","robots":{"index":"index","follow":"follow","max-snippet":"max-snippet:-1","max-image-preview":"max-image-preview:large","max-video-preview":"max-video-preview:-1"},"canonical":"https:\/\/moottoripalvelu.fi\/index.php\/product\/gmn-430_vaihtomoottori\/","og_locale":"fi_FI","og_type":"article","og_title":"GMN-430_vaihtomoottori - Moottoripalvelu.fi","og_description":"Toimitamme uudelleen valmistetun vaihtomoottorin ilman apulaitteita seuraavaan autoon:  FORD FOCUS (III) 1.0 ECOBOOST MK2 | GMN-430 | 30.06.2017 (2017) | 998 cm3 | Bensiini | 92 kW (126 hp) | WF06XXGCC6HB58641 | M1DD automaatti  &nbsp;  TOIMITUS Moottori 3850\u20ac sis.alv Toimituskulu 350\u20ac sis.alv YHTEENS\u00c4 4200\u20ac sis.alv  &nbsp;  Toimituskulu sis\u00e4lt\u00e4\u00e4 uuden moottorin toimituksen ja vanhan kuljetuksen pois. Vanha moottori palautetaan valmistajalle alkuper\u00e4isess\u00e4 kuljetush\u00e4kiss\u00e4.  Moottorin runkopanttia ei laskuteta etuk\u00e4teen. Laskutamme j\u00e4lkik\u00e4teen 750\u20ac + ALV \u20ac, mik\u00e4li vanhan moottorin lohkossa on ulosp\u00e4in n\u00e4kyv\u00e4 reik\u00e4, haluat pit\u00e4\u00e4 moottorin itsell\u00e4si, tai jos palautus viiv\u00e4styy kohtuuttomasti.  &nbsp;  Toimitus 4-5 arkip\u00e4iv\u00e4\u00e4 Schenker Cargo -maarahti  TAKUU\u00a012 kk ilman km-rajoitusta  Takuun erityiset ehdot:\u00a0   \u00d6ljynj\u00e4\u00e4hdyttimen kenno\u00a0ja vesipumppu uusittava asennuksen yhteydess\u00e4.  Takuu edellytt\u00e4\u00e4 1000 km sis\u00e4\u00e4najon. Sen j\u00e4lkeen \u00f6ljynvaihto + suodatin  \u00d6ljynvaihtov\u00e4li enint\u00e4\u00e4n 6kk\/10 000 km v\u00e4lein.  Ainoa sallittu \u00f6ljy on\u00a0Castrol Magnatec Stop-Start 5W-20 E  &nbsp;  UUDELLEEN VALMISTETTU  Alkuper\u00e4isist\u00e4 osista k\u00e4ytet\u00e4\u00e4n uudelleen lohko, kampiakseli ja kiertokanget sek\u00e4 sylinterikansi. Koneistukset tehd\u00e4\u00e4n CNC-asemilla, joissa laser-mittap\u00e4\u00e4t: Tarkkuus on korkeampi kuin Fordin tehtaassa.\u00a0Tuloksena on huolella uudelleen valmistettu moottori, jonka kokoonpanosta huolehtii alusta loppuun sama teknikko.\u00a0\u00a0  Valmistajamme on todella paneutunut t\u00e4m\u00e4n moottorin lastentautien parantamiseen. Mm. m\u00e4nn\u00e4nrenkaat, laakeriv\u00e4lykset ja -materiaalit sek\u00e4 \u00f6ljypumpun s\u00e4\u00e4d\u00f6t on mietitty uudestaan.  Tehdas k\u00e4ytt\u00e4\u00e4 suurelta osin Ford OEM-komponentteja tai maailman suurimman OEM-osien valmistajan eli Federal Mogulin tuotteita.  Moottorin alakerta:   Kampiakselin ja kiertokankien laakerointi uusitaan  Kampiakselin laakerilinja oikaistaan CNC-linjahoonilla  Kiertokankien alasilm\u00e4t py\u00f6ristet\u00e4\u00e4n CNC-koneella tehdasv\u00e4lykseen  Kiertokankien pituudet tasataan  Sylinterit hoonataan\/porataan CNC-kalustolla  Uudet m\u00e4nn\u00e4t  Moottorin yl\u00e4kerta:   Sylinterikansi on uusi  Uudet venttiilit ja nostimet  Uusi jakohihna ja \u00f6ljypumpun hihna + kiristimet, asennettuna  Toimitus ei sis\u00e4ll\u00e4:   \u00d6ljynj\u00e4\u00e4hdyttimen kenno  Vesipumppu  Kenno ja pumppu tulee uusia jotta moottorin valmistajan takuu pysyy voimassa  &nbsp;  VAIHTOMOOTTORIN APULAITTEET  Ford\u00a01.0\u00a0Ecoboost\u00a0vaihtomoottori toimitetaan ilman polttoaine- ja apulaitteita. Ne siirret\u00e4\u00e4n vanhasta moottorista. Siirrett\u00e4vi\u00e4 osia ovat esim. suuttimet ja korkeapainepumppu, turboahdin, anturit, startti ja laturi jne.\u00a0ja mahdollisesti venttiilikoppa.  Vaihtomoottori saatetaan toimittaa kuljetukseen tarkoitetulla suljetulla venttiilikopalla. N\u00e4m\u00e4 palautetaan vanhan moottorin mukana. Palautettavat osat on merkitty Dummy-tekstill\u00e4.  &nbsp;  MOOTTORINVAIHDOSSA HUOMIOITAVIA ASIOITA   1.0\u00a0Ecoboost\u00a0-moottoreissa esiintyy suutinvikoja. Suosittelen uusimista    Turbo kannattaa tarkastaa, ja tarvittaessa huoltaa\/korjata suomalaisessa turbokorjaamossa  &nbsp; VANHAN MOOTTORIN PALAUTUS\u00a0 Rahtikulu sis\u00e4lt\u00e4\u00e4 uuden moottorin toimituksen, ja vanhan moottorin viemisen pois.\u00a0Palautus tulee k\u00e4ynnist\u00e4\u00e4 30 vrk kuluessa vaihtomoottorin saapumisesta. Ota yhteytt\u00e4 jos palautus ei onnistu ajoissa. Ennen kuljetusta, vanhasta moottorista lasketaan \u00f6ljyt ja nesteet pois. T\u00e4m\u00e4n j\u00e4lkeen moottori pultataan vaihtomoottorin kuljetush\u00e4kkiin. \u00d6ljyvahinkojen est\u00e4miseksi suosittelemme palautettavan moottorin k\u00e4\u00e4rimist\u00e4 esim. kiristekalvoon tai j\u00e4tes\u00e4kkeihin tms. Kun moottori on pakattu, ota yhteys asiakaspalveluun:\u00a0tilaamme noudon puolestasi. &nbsp;","og_url":"https:\/\/moottoripalvelu.fi\/index.php\/product\/gmn-430_vaihtomoottori\/","og_site_name":"Moottoripalvelu.fi","article_modified_time":"2023-07-26T12:13:50+00:00","og_image":[{"width":400,"height":300,"url":"https:\/\/moottoripalvelu.fi\/wp-content\/uploads\/2021\/08\/m1da_400x300.jpg","type":"image\/jpeg"}],"twitter_card":"summary_large_image","schema":{"@context":"https:\/\/schema.org","@graph":[{"@type":"WebPage","@id":"https:\/\/moottoripalvelu.fi\/index.php\/product\/gmn-430_vaihtomoottori\/","url":"https:\/\/moottoripalvelu.fi\/index.php\/product\/gmn-430_vaihtomoottori\/","name":"GMN-430_vaihtomoottori - Moottoripalvelu.fi","isPartOf":{"@id":"https:\/\/moottoripalvelu.fi\/#website"},"primaryImageOfPage":{"@id":"https:\/\/moottoripalvelu.fi\/index.php\/product\/gmn-430_vaihtomoottori\/#primaryimage"},"image":{"@id":"https:\/\/moottoripalvelu.fi\/index.php\/product\/gmn-430_vaihtomoottori\/#primaryimage"},"thumbnailUrl":"https:\/\/moottoripalvelu.fi\/wp-content\/uploads\/2021\/08\/m1da_400x300.jpg","datePublished":"2023-07-26T12:13:02+00:00","dateModified":"2023-07-26T12:13:50+00:00","breadcrumb":{"@id":"https:\/\/moottoripalvelu.fi\/index.php\/product\/gmn-430_vaihtomoottori\/#breadcrumb"},"inLanguage":"fi","potentialAction":[{"@type":"ReadAction","target":["https:\/\/moottoripalvelu.fi\/index.php\/product\/gmn-430_vaihtomoottori\/"]}]},{"@type":"ImageObject","inLanguage":"fi","@id":"https:\/\/moottoripalvelu.fi\/index.php\/product\/gmn-430_vaihtomoottori\/#primaryimage","url":"https:\/\/moottoripalvelu.fi\/wp-content\/uploads\/2021\/08\/m1da_400x300.jpg","contentUrl":"https:\/\/moottoripalvelu.fi\/wp-content\/uploads\/2021\/08\/m1da_400x300.jpg","width":400,"height":300},{"@type":"BreadcrumbList","@id":"https:\/\/moottoripalvelu.fi\/index.php\/product\/gmn-430_vaihtomoottori\/#breadcrumb","itemListElement":[{"@type":"ListItem","position":1,"name":"Home","item":"https:\/\/moottoripalvelu.fi\/"},{"@type":"ListItem","position":2,"name":"Antti Testaa","item":"https:\/\/moottoripalvelu.fi\/index.php\/antti-testaa\/"},{"@type":"ListItem","position":3,"name":"GMN-430_vaihtomoottori"}]},{"@type":"WebSite","@id":"https:\/\/moottoripalvelu.fi\/#website","url":"https:\/\/moottoripalvelu.fi\/","name":"Moottoripalvelu.fi","description":"Moottorit - vaihteistot - kytkimet","publisher":{"@id":"https:\/\/moottoripalvelu.fi\/#organization"},"potentialAction":[{"@type":"SearchAction","target":{"@type":"EntryPoint","urlTemplate":"https:\/\/moottoripalvelu.fi\/?s={search_term_string}"},"query-input":{"@type":"PropertyValueSpecification","valueRequired":true,"valueName":"search_term_string"}}],"inLanguage":"fi"},{"@type":"Organization","@id":"https:\/\/moottoripalvelu.fi\/#organization","name":"Moottoripalvelu.fi","url":"https:\/\/moottoripalvelu.fi\/","logo":{"@type":"ImageObject","inLanguage":"fi","@id":"https:\/\/moottoripalvelu.fi\/#\/schema\/logo\/image\/","url":"https:\/\/moottoripalvelu.fi\/wp-content\/uploads\/2021\/07\/logo_01_450.png","contentUrl":"https:\/\/moottoripalvelu.fi\/wp-content\/uploads\/2021\/07\/logo_01_450.png","width":450,"height":73,"caption":"Moottoripalvelu.fi"},"image":{"@id":"https:\/\/moottoripalvelu.fi\/#\/schema\/logo\/image\/"}}]}},"_links":{"self":[{"href":"https:\/\/moottoripalvelu.fi\/index.php\/wp-json\/wp\/v2\/product\/17491","targetHints":{"allow":["GET"]}}],"collection":[{"href":"https:\/\/moottoripalvelu.fi\/index.php\/wp-json\/wp\/v2\/product"}],"about":[{"href":"https:\/\/moottoripalvelu.fi\/index.php\/wp-json\/wp\/v2\/types\/product"}],"wp:featuredmedia":[{"embeddable":true,"href":"https:\/\/moottoripalvelu.fi\/index.php\/wp-json\/wp\/v2\/media\/11871"}],"wp:attachment":[{"href":"https:\/\/moottoripalvelu.fi\/index.php\/wp-json\/wp\/v2\/media?parent=17491"}],"wp:term":[{"taxonomy":"product_brand","embeddable":true,"href":"https:\/\/moottoripalvelu.fi\/index.php\/wp-json\/wp\/v2\/product_brand?post=17491"},{"taxonomy":"product_cat","embeddable":true,"href":"https:\/\/moottoripalvelu.fi\/index.php\/wp-json\/wp\/v2\/product_cat?post=17491"},{"taxonomy":"product_tag","embeddable":true,"href":"https:\/\/moottoripalvelu.fi\/index.php\/wp-json\/wp\/v2\/product_tag?post=17491"}],"curies":[{"name":"wp","href":"https:\/\/api.w.org\/{rel}","templated":true}]}}