{"id":18115,"date":"2024-01-17T15:27:24","date_gmt":"2024-01-17T13:27:24","guid":{"rendered":"https:\/\/moottoripalvelu.fi\/?post_type=product&#038;p=18115"},"modified":"2024-01-17T15:28:47","modified_gmt":"2024-01-17T13:28:47","slug":"zze-219_moottori","status":"publish","type":"product","link":"https:\/\/moottoripalvelu.fi\/index.php\/product\/zze-219_moottori\/","title":{"rendered":"ZZE-219_moottori"},"content":{"rendered":"","protected":false},"excerpt":{"rendered":"<p>16.1.24 p\u00e4ivitetyn, alunperin s\u00e4hk\u00f6postilla annetun, tarjouksen mukaisesti toimitamme tehdaskorjatun vaihtomoottorin seuraavaan autoon:<\/p>\n<p>FORD S-MAX (I) 1.6 ECOBOOST | ZZE-219 | 19.01.2012 (2012) | 1595 cm3 | Bensiini | 118 kW (161 hp) | WF0SXXGBWSBT55403 | JTWB<\/p>\n<div><\/div>\n<div><strong>TOIMITUS<\/strong><\/div>\n<div>\n<p style=\"font-weight: 400\">Ford Focus 1.6 Ecoboost, moottoriversio JTWB<br \/>\nMoottori 3825\u20ac\u00a0sis.alv<br \/>\nToimituskulu 375\u20ac sis.alv<strong><br \/>\nYHTEENS\u00c4 4200\u20ac sis.alv ja rahti <\/strong><\/p>\n<p style=\"font-weight: 400\">Toimituskulu Sis\u00e4lt\u00e4\u00e4 uuden moottorin toimituksen ja vanhan kuljetuksen pois. Vanha\u00a0moottori\u00a0palautetaan valmistajalle vaihto-osana.<\/p>\n<p><strong>Runkopantti<\/strong><br \/>\nEi perit\u00e4 etuk\u00e4teen. Laskutamme j\u00e4lkik\u00e4teen 750\u20ac + ALV, mik\u00e4li vanhan moottorin lohkossa on\u00a0 ulosp\u00e4in n\u00e4kyv\u00e4 reik\u00e4, haluat pit\u00e4\u00e4 moottorin itsell\u00e4si, tai jos palautus viiv\u00e4styy kohtuuttomasti.<\/p>\n<\/div>\n<p>&nbsp;<\/p>\n<p>Muut ehdot tarjouksen mukaisesti.<\/p>\n","protected":false},"featured_media":0,"template":"","meta":[],"product_brand":[],"product_cat":[9668],"product_tag":[],"class_list":{"0":"post-18115","1":"product","2":"type-product","3":"status-publish","5":"product_cat-yleinen","7":"first","8":"instock","9":"taxable","10":"shipping-taxable","11":"purchasable","12":"product-type-simple"},"yoast_head":"<!-- This site is optimized with the Yoast SEO plugin v27.3 - https:\/\/yoast.com\/product\/yoast-seo-wordpress\/ -->\n<title>ZZE-219_moottori - Moottoripalvelu.fi<\/title>\n<meta name=\"robots\" content=\"index, follow, max-snippet:-1, max-image-preview:large, max-video-preview:-1\" \/>\n<link rel=\"canonical\" href=\"https:\/\/moottoripalvelu.fi\/index.php\/product\/zze-219_moottori\/\" \/>\n<meta property=\"og:locale\" content=\"fi_FI\" \/>\n<meta property=\"og:type\" content=\"article\" \/>\n<meta property=\"og:title\" content=\"ZZE-219_moottori - Moottoripalvelu.fi\" \/>\n<meta property=\"og:description\" content=\"16.1.24 p\u00e4ivitetyn, alunperin s\u00e4hk\u00f6postilla annetun, tarjouksen mukaisesti toimitamme tehdaskorjatun vaihtomoottorin seuraavaan autoon:  FORD S-MAX (I) 1.6 ECOBOOST | ZZE-219 | 19.01.2012 (2012) | 1595 cm3 | Bensiini | 118 kW (161 hp) | WF0SXXGBWSBT55403 | JTWB  TOIMITUS  Ford Focus 1.6 Ecoboost, moottoriversio JTWB Moottori 3825\u20ac\u00a0sis.alv Toimituskulu 375\u20ac sis.alv YHTEENS\u00c4 4200\u20ac sis.alv ja rahti  Toimituskulu Sis\u00e4lt\u00e4\u00e4 uuden moottorin toimituksen ja vanhan kuljetuksen pois. Vanha\u00a0moottori\u00a0palautetaan valmistajalle vaihto-osana. Runkopantti Ei perit\u00e4 etuk\u00e4teen. Laskutamme j\u00e4lkik\u00e4teen 750\u20ac + ALV, mik\u00e4li vanhan moottorin lohkossa on\u00a0 ulosp\u00e4in n\u00e4kyv\u00e4 reik\u00e4, haluat pit\u00e4\u00e4 moottorin itsell\u00e4si, tai jos palautus viiv\u00e4styy kohtuuttomasti.   &nbsp;  Muut ehdot tarjouksen mukaisesti.\" \/>\n<meta property=\"og:url\" content=\"https:\/\/moottoripalvelu.fi\/index.php\/product\/zze-219_moottori\/\" \/>\n<meta property=\"og:site_name\" content=\"Moottoripalvelu.fi\" \/>\n<meta property=\"article:modified_time\" content=\"2024-01-17T13:28:47+00:00\" \/>\n<meta name=\"twitter:card\" content=\"summary_large_image\" \/>\n<script type=\"application\/ld+json\" class=\"yoast-schema-graph\">{\"@context\":\"https:\\\/\\\/schema.org\",\"@graph\":[{\"@type\":\"WebPage\",\"@id\":\"https:\\\/\\\/moottoripalvelu.fi\\\/index.php\\\/product\\\/zze-219_moottori\\\/\",\"url\":\"https:\\\/\\\/moottoripalvelu.fi\\\/index.php\\\/product\\\/zze-219_moottori\\\/\",\"name\":\"ZZE-219_moottori - Moottoripalvelu.fi\",\"isPartOf\":{\"@id\":\"https:\\\/\\\/moottoripalvelu.fi\\\/#website\"},\"datePublished\":\"2024-01-17T13:27:24+00:00\",\"dateModified\":\"2024-01-17T13:28:47+00:00\",\"breadcrumb\":{\"@id\":\"https:\\\/\\\/moottoripalvelu.fi\\\/index.php\\\/product\\\/zze-219_moottori\\\/#breadcrumb\"},\"inLanguage\":\"fi\",\"potentialAction\":[{\"@type\":\"ReadAction\",\"target\":[\"https:\\\/\\\/moottoripalvelu.fi\\\/index.php\\\/product\\\/zze-219_moottori\\\/\"]}]},{\"@type\":\"BreadcrumbList\",\"@id\":\"https:\\\/\\\/moottoripalvelu.fi\\\/index.php\\\/product\\\/zze-219_moottori\\\/#breadcrumb\",\"itemListElement\":[{\"@type\":\"ListItem\",\"position\":1,\"name\":\"Home\",\"item\":\"https:\\\/\\\/moottoripalvelu.fi\\\/\"},{\"@type\":\"ListItem\",\"position\":2,\"name\":\"Antti Testaa\",\"item\":\"https:\\\/\\\/moottoripalvelu.fi\\\/index.php\\\/antti-testaa\\\/\"},{\"@type\":\"ListItem\",\"position\":3,\"name\":\"ZZE-219_moottori\"}]},{\"@type\":\"WebSite\",\"@id\":\"https:\\\/\\\/moottoripalvelu.fi\\\/#website\",\"url\":\"https:\\\/\\\/moottoripalvelu.fi\\\/\",\"name\":\"Moottoripalvelu.fi\",\"description\":\"Moottorit - vaihteistot - kytkimet\",\"publisher\":{\"@id\":\"https:\\\/\\\/moottoripalvelu.fi\\\/#organization\"},\"potentialAction\":[{\"@type\":\"SearchAction\",\"target\":{\"@type\":\"EntryPoint\",\"urlTemplate\":\"https:\\\/\\\/moottoripalvelu.fi\\\/?s={search_term_string}\"},\"query-input\":{\"@type\":\"PropertyValueSpecification\",\"valueRequired\":true,\"valueName\":\"search_term_string\"}}],\"inLanguage\":\"fi\"},{\"@type\":\"Organization\",\"@id\":\"https:\\\/\\\/moottoripalvelu.fi\\\/#organization\",\"name\":\"Moottoripalvelu.fi\",\"url\":\"https:\\\/\\\/moottoripalvelu.fi\\\/\",\"logo\":{\"@type\":\"ImageObject\",\"inLanguage\":\"fi\",\"@id\":\"https:\\\/\\\/moottoripalvelu.fi\\\/#\\\/schema\\\/logo\\\/image\\\/\",\"url\":\"https:\\\/\\\/moottoripalvelu.fi\\\/wp-content\\\/uploads\\\/2021\\\/07\\\/logo_01_450.png\",\"contentUrl\":\"https:\\\/\\\/moottoripalvelu.fi\\\/wp-content\\\/uploads\\\/2021\\\/07\\\/logo_01_450.png\",\"width\":450,\"height\":73,\"caption\":\"Moottoripalvelu.fi\"},\"image\":{\"@id\":\"https:\\\/\\\/moottoripalvelu.fi\\\/#\\\/schema\\\/logo\\\/image\\\/\"}}]}<\/script>\n<!-- \/ Yoast SEO plugin. -->","yoast_head_json":{"title":"ZZE-219_moottori - Moottoripalvelu.fi","robots":{"index":"index","follow":"follow","max-snippet":"max-snippet:-1","max-image-preview":"max-image-preview:large","max-video-preview":"max-video-preview:-1"},"canonical":"https:\/\/moottoripalvelu.fi\/index.php\/product\/zze-219_moottori\/","og_locale":"fi_FI","og_type":"article","og_title":"ZZE-219_moottori - Moottoripalvelu.fi","og_description":"16.1.24 p\u00e4ivitetyn, alunperin s\u00e4hk\u00f6postilla annetun, tarjouksen mukaisesti toimitamme tehdaskorjatun vaihtomoottorin seuraavaan autoon:  FORD S-MAX (I) 1.6 ECOBOOST | ZZE-219 | 19.01.2012 (2012) | 1595 cm3 | Bensiini | 118 kW (161 hp) | WF0SXXGBWSBT55403 | JTWB  TOIMITUS  Ford Focus 1.6 Ecoboost, moottoriversio JTWB Moottori 3825\u20ac\u00a0sis.alv Toimituskulu 375\u20ac sis.alv YHTEENS\u00c4 4200\u20ac sis.alv ja rahti  Toimituskulu Sis\u00e4lt\u00e4\u00e4 uuden moottorin toimituksen ja vanhan kuljetuksen pois. Vanha\u00a0moottori\u00a0palautetaan valmistajalle vaihto-osana. Runkopantti Ei perit\u00e4 etuk\u00e4teen. Laskutamme j\u00e4lkik\u00e4teen 750\u20ac + ALV, mik\u00e4li vanhan moottorin lohkossa on\u00a0 ulosp\u00e4in n\u00e4kyv\u00e4 reik\u00e4, haluat pit\u00e4\u00e4 moottorin itsell\u00e4si, tai jos palautus viiv\u00e4styy kohtuuttomasti.   &nbsp;  Muut ehdot tarjouksen mukaisesti.","og_url":"https:\/\/moottoripalvelu.fi\/index.php\/product\/zze-219_moottori\/","og_site_name":"Moottoripalvelu.fi","article_modified_time":"2024-01-17T13:28:47+00:00","twitter_card":"summary_large_image","schema":{"@context":"https:\/\/schema.org","@graph":[{"@type":"WebPage","@id":"https:\/\/moottoripalvelu.fi\/index.php\/product\/zze-219_moottori\/","url":"https:\/\/moottoripalvelu.fi\/index.php\/product\/zze-219_moottori\/","name":"ZZE-219_moottori - Moottoripalvelu.fi","isPartOf":{"@id":"https:\/\/moottoripalvelu.fi\/#website"},"datePublished":"2024-01-17T13:27:24+00:00","dateModified":"2024-01-17T13:28:47+00:00","breadcrumb":{"@id":"https:\/\/moottoripalvelu.fi\/index.php\/product\/zze-219_moottori\/#breadcrumb"},"inLanguage":"fi","potentialAction":[{"@type":"ReadAction","target":["https:\/\/moottoripalvelu.fi\/index.php\/product\/zze-219_moottori\/"]}]},{"@type":"BreadcrumbList","@id":"https:\/\/moottoripalvelu.fi\/index.php\/product\/zze-219_moottori\/#breadcrumb","itemListElement":[{"@type":"ListItem","position":1,"name":"Home","item":"https:\/\/moottoripalvelu.fi\/"},{"@type":"ListItem","position":2,"name":"Antti Testaa","item":"https:\/\/moottoripalvelu.fi\/index.php\/antti-testaa\/"},{"@type":"ListItem","position":3,"name":"ZZE-219_moottori"}]},{"@type":"WebSite","@id":"https:\/\/moottoripalvelu.fi\/#website","url":"https:\/\/moottoripalvelu.fi\/","name":"Moottoripalvelu.fi","description":"Moottorit - vaihteistot - kytkimet","publisher":{"@id":"https:\/\/moottoripalvelu.fi\/#organization"},"potentialAction":[{"@type":"SearchAction","target":{"@type":"EntryPoint","urlTemplate":"https:\/\/moottoripalvelu.fi\/?s={search_term_string}"},"query-input":{"@type":"PropertyValueSpecification","valueRequired":true,"valueName":"search_term_string"}}],"inLanguage":"fi"},{"@type":"Organization","@id":"https:\/\/moottoripalvelu.fi\/#organization","name":"Moottoripalvelu.fi","url":"https:\/\/moottoripalvelu.fi\/","logo":{"@type":"ImageObject","inLanguage":"fi","@id":"https:\/\/moottoripalvelu.fi\/#\/schema\/logo\/image\/","url":"https:\/\/moottoripalvelu.fi\/wp-content\/uploads\/2021\/07\/logo_01_450.png","contentUrl":"https:\/\/moottoripalvelu.fi\/wp-content\/uploads\/2021\/07\/logo_01_450.png","width":450,"height":73,"caption":"Moottoripalvelu.fi"},"image":{"@id":"https:\/\/moottoripalvelu.fi\/#\/schema\/logo\/image\/"}}]}},"_links":{"self":[{"href":"https:\/\/moottoripalvelu.fi\/index.php\/wp-json\/wp\/v2\/product\/18115","targetHints":{"allow":["GET"]}}],"collection":[{"href":"https:\/\/moottoripalvelu.fi\/index.php\/wp-json\/wp\/v2\/product"}],"about":[{"href":"https:\/\/moottoripalvelu.fi\/index.php\/wp-json\/wp\/v2\/types\/product"}],"wp:attachment":[{"href":"https:\/\/moottoripalvelu.fi\/index.php\/wp-json\/wp\/v2\/media?parent=18115"}],"wp:term":[{"taxonomy":"product_brand","embeddable":true,"href":"https:\/\/moottoripalvelu.fi\/index.php\/wp-json\/wp\/v2\/product_brand?post=18115"},{"taxonomy":"product_cat","embeddable":true,"href":"https:\/\/moottoripalvelu.fi\/index.php\/wp-json\/wp\/v2\/product_cat?post=18115"},{"taxonomy":"product_tag","embeddable":true,"href":"https:\/\/moottoripalvelu.fi\/index.php\/wp-json\/wp\/v2\/product_tag?post=18115"}],"curies":[{"name":"wp","href":"https:\/\/api.w.org\/{rel}","templated":true}]}}