{"id":18359,"date":"2024-04-04T17:43:56","date_gmt":"2024-04-04T14:43:56","guid":{"rendered":"https:\/\/moottoripalvelu.fi\/?post_type=product&#038;p=18359"},"modified":"2024-04-04T17:43:56","modified_gmt":"2024-04-04T14:43:56","slug":"llx-387_moottori","status":"publish","type":"product","link":"https:\/\/moottoripalvelu.fi\/index.php\/product\/llx-387_moottori\/","title":{"rendered":"LLX-387_moottori"},"content":{"rendered":"","protected":false},"excerpt":{"rendered":"<p>Tarjouksen 5.3.24 mukaisesti toimitamme tehdasuuden vaihtomoottorin seuraavaan autoon:<\/p>\n<p>AUDI A3 (8V) 1.4 TFSI MK1 | LLX-387 | 10.05.2013 (2013) | 1390 cm3 | Bensiini | 90 kW (123 hp) | WAUZZZ8V5DA069538 | CMBA<\/p>\n<div><strong>TOIMITUS<\/strong><\/div>\n<div>Moottori 3100\u20ac<\/div>\n<div>Toimituskulut 365\u20ac<\/div>\n<div><strong>Yhteens\u00e4 3465\u20ac sis.alv ja rahti\u00a0<\/strong><\/div>\n<div><\/div>\n<div>\n<div><b>Runkopantti<\/b><\/div>\n<div>Laskutamme 750\u20ac + ALV, mik\u00e4li vanhan moottorin lohkossa on reik\u00e4, haluat pit\u00e4\u00e4 moottorin itsell\u00e4si, tai jos palautus viiv\u00e4styy kohtuuttomasti.<\/div>\n<div><\/div>\n<div><b>Takuu 12 kuukautta ilman km-rajoitusta<\/b><\/div>\n<div>\n<ul>\n<li>Jakohihna uusittava asennuksen yhteydess\u00e4<\/li>\n<li>Edellytt\u00e4\u00e4 1000 km sis\u00e4\u00e4najon, jonka j\u00e4lkeen \u00f6ljynvaihto<\/li>\n<li>\u00d6ljynvaihtov\u00e4li 6 kk\/10 000 km<\/li>\n<li>Moottorin optimointi tai muu viritys mit\u00e4t\u00f6i takuun<\/li>\n<\/ul>\n<\/div>\n<div><b>Toimitus<\/b><\/div>\n<div>Normaalisti 5-8 arkip\u00e4iv\u00e4\u00e4, Schenker Cargo -maarahti.\u00a0 Poliittiset lakot ja niiden aiheuttaman suman purkaminen vaikuttavat toimitusaikaan ennalta-arvaamattomasti.<\/div>\n<\/div>\n<div>\n<p><strong>MOOTTORINVAIHDOSSA HUOMIOITAVIA ASIOITA<\/strong><\/p>\n<ul>\n<li>Polttoaineen suorasuihkutuksella varustetuissa moottoreissa esiintyy suutinvikoja. Suosittelen suuttimien uusimista.<\/li>\n<\/ul>\n<ul>\n<li>Turbo kannattaa tarkastaa, ja tarvittaessa huoltaa suomalaisessa turbokorjaamossa, tai uusia.<\/li>\n<\/ul>\n<p>&nbsp;<\/p>\n<p><strong>VANHAN MOOTTORIN PALAUTUS\u00a0<\/strong><\/p>\n<p>Rahtikulu sis\u00e4lt\u00e4\u00e4 uuden moottorin toimituksen, ja vanhan moottorin noutamisen pois.\u00a0Palautus tulee k\u00e4ynnist\u00e4\u00e4 30 vrk kuluessa vaihtomoottorin saapumisesta. Ota yhteytt\u00e4 jos palautus ei onnistu ajoissa.<\/p>\n<p>Palautuva moottori tulee pultata kuljetush\u00e4kkiin (h\u00e4kin arvo 350\u20ac\u00a0+ ALV). Moottorista pit\u00e4\u00e4 laskea \u00f6ljy ja nesteet pois. \u00d6ljyvahingon est\u00e4miseksi suosittelemme palautettavan moottorin k\u00e4\u00e4rimist\u00e4 esim.\u00a0kiristekalvoon\u00a0tai j\u00e4tes\u00e4kkeihin tms.<\/p>\n<p>Kun\u00a0moottori\u00a0on pakattu, ota yhteys asiakaspalveluun. Tilaamme noudon puolesta<\/p>\n<\/div>\n<div><\/div>\n","protected":false},"featured_media":0,"template":"","meta":[],"product_brand":[],"product_cat":[9668],"product_tag":[],"class_list":{"0":"post-18359","1":"product","2":"type-product","3":"status-publish","5":"product_cat-yleinen","7":"first","8":"instock","9":"taxable","10":"shipping-taxable","11":"purchasable","12":"product-type-simple"},"yoast_head":"<!-- This site is optimized with the Yoast SEO plugin v27.3 - https:\/\/yoast.com\/product\/yoast-seo-wordpress\/ -->\n<title>LLX-387_moottori - Moottoripalvelu.fi<\/title>\n<meta name=\"robots\" content=\"index, follow, max-snippet:-1, max-image-preview:large, max-video-preview:-1\" \/>\n<link rel=\"canonical\" href=\"https:\/\/moottoripalvelu.fi\/index.php\/product\/llx-387_moottori\/\" \/>\n<meta property=\"og:locale\" content=\"fi_FI\" \/>\n<meta property=\"og:type\" content=\"article\" \/>\n<meta property=\"og:title\" content=\"LLX-387_moottori - Moottoripalvelu.fi\" \/>\n<meta property=\"og:description\" content=\"Tarjouksen 5.3.24 mukaisesti toimitamme tehdasuuden vaihtomoottorin seuraavaan autoon:  AUDI A3 (8V) 1.4 TFSI MK1 | LLX-387 | 10.05.2013 (2013) | 1390 cm3 | Bensiini | 90 kW (123 hp) | WAUZZZ8V5DA069538 | CMBA TOIMITUS Moottori 3100\u20ac Toimituskulut 365\u20ac Yhteens\u00e4 3465\u20ac sis.alv ja rahti\u00a0   Runkopantti Laskutamme 750\u20ac + ALV, mik\u00e4li vanhan moottorin lohkossa on reik\u00e4, haluat pit\u00e4\u00e4 moottorin itsell\u00e4si, tai jos palautus viiv\u00e4styy kohtuuttomasti.  Takuu 12 kuukautta ilman km-rajoitusta    Jakohihna uusittava asennuksen yhteydess\u00e4  Edellytt\u00e4\u00e4 1000 km sis\u00e4\u00e4najon, jonka j\u00e4lkeen \u00f6ljynvaihto  \u00d6ljynvaihtov\u00e4li 6 kk\/10 000 km  Moottorin optimointi tai muu viritys mit\u00e4t\u00f6i takuun   Toimitus Normaalisti 5-8 arkip\u00e4iv\u00e4\u00e4, Schenker Cargo -maarahti.\u00a0 Poliittiset lakot ja niiden aiheuttaman suman purkaminen vaikuttavat toimitusaikaan ennalta-arvaamattomasti.    MOOTTORINVAIHDOSSA HUOMIOITAVIA ASIOITA   Polttoaineen suorasuihkutuksella varustetuissa moottoreissa esiintyy suutinvikoja. Suosittelen suuttimien uusimista.    Turbo kannattaa tarkastaa, ja tarvittaessa huoltaa suomalaisessa turbokorjaamossa, tai uusia.  &nbsp;  VANHAN MOOTTORIN PALAUTUS\u00a0  Rahtikulu sis\u00e4lt\u00e4\u00e4 uuden moottorin toimituksen, ja vanhan moottorin noutamisen pois.\u00a0Palautus tulee k\u00e4ynnist\u00e4\u00e4 30 vrk kuluessa vaihtomoottorin saapumisesta. Ota yhteytt\u00e4 jos palautus ei onnistu ajoissa.  Palautuva moottori tulee pultata kuljetush\u00e4kkiin (h\u00e4kin arvo 350\u20ac\u00a0+ ALV). Moottorista pit\u00e4\u00e4 laskea \u00f6ljy ja nesteet pois. \u00d6ljyvahingon est\u00e4miseksi suosittelemme palautettavan moottorin k\u00e4\u00e4rimist\u00e4 esim.\u00a0kiristekalvoon\u00a0tai j\u00e4tes\u00e4kkeihin tms.  Kun\u00a0moottori\u00a0on pakattu, ota yhteys asiakaspalveluun. Tilaamme noudon puolesta\" \/>\n<meta property=\"og:url\" content=\"https:\/\/moottoripalvelu.fi\/index.php\/product\/llx-387_moottori\/\" \/>\n<meta property=\"og:site_name\" content=\"Moottoripalvelu.fi\" \/>\n<meta name=\"twitter:card\" content=\"summary_large_image\" \/>\n<script type=\"application\/ld+json\" class=\"yoast-schema-graph\">{\"@context\":\"https:\\\/\\\/schema.org\",\"@graph\":[{\"@type\":\"WebPage\",\"@id\":\"https:\\\/\\\/moottoripalvelu.fi\\\/index.php\\\/product\\\/llx-387_moottori\\\/\",\"url\":\"https:\\\/\\\/moottoripalvelu.fi\\\/index.php\\\/product\\\/llx-387_moottori\\\/\",\"name\":\"LLX-387_moottori - Moottoripalvelu.fi\",\"isPartOf\":{\"@id\":\"https:\\\/\\\/moottoripalvelu.fi\\\/#website\"},\"datePublished\":\"2024-04-04T14:43:56+00:00\",\"breadcrumb\":{\"@id\":\"https:\\\/\\\/moottoripalvelu.fi\\\/index.php\\\/product\\\/llx-387_moottori\\\/#breadcrumb\"},\"inLanguage\":\"fi\",\"potentialAction\":[{\"@type\":\"ReadAction\",\"target\":[\"https:\\\/\\\/moottoripalvelu.fi\\\/index.php\\\/product\\\/llx-387_moottori\\\/\"]}]},{\"@type\":\"BreadcrumbList\",\"@id\":\"https:\\\/\\\/moottoripalvelu.fi\\\/index.php\\\/product\\\/llx-387_moottori\\\/#breadcrumb\",\"itemListElement\":[{\"@type\":\"ListItem\",\"position\":1,\"name\":\"Home\",\"item\":\"https:\\\/\\\/moottoripalvelu.fi\\\/\"},{\"@type\":\"ListItem\",\"position\":2,\"name\":\"Antti Testaa\",\"item\":\"https:\\\/\\\/moottoripalvelu.fi\\\/index.php\\\/antti-testaa\\\/\"},{\"@type\":\"ListItem\",\"position\":3,\"name\":\"LLX-387_moottori\"}]},{\"@type\":\"WebSite\",\"@id\":\"https:\\\/\\\/moottoripalvelu.fi\\\/#website\",\"url\":\"https:\\\/\\\/moottoripalvelu.fi\\\/\",\"name\":\"Moottoripalvelu.fi\",\"description\":\"Moottorit - vaihteistot - kytkimet\",\"publisher\":{\"@id\":\"https:\\\/\\\/moottoripalvelu.fi\\\/#organization\"},\"potentialAction\":[{\"@type\":\"SearchAction\",\"target\":{\"@type\":\"EntryPoint\",\"urlTemplate\":\"https:\\\/\\\/moottoripalvelu.fi\\\/?s={search_term_string}\"},\"query-input\":{\"@type\":\"PropertyValueSpecification\",\"valueRequired\":true,\"valueName\":\"search_term_string\"}}],\"inLanguage\":\"fi\"},{\"@type\":\"Organization\",\"@id\":\"https:\\\/\\\/moottoripalvelu.fi\\\/#organization\",\"name\":\"Moottoripalvelu.fi\",\"url\":\"https:\\\/\\\/moottoripalvelu.fi\\\/\",\"logo\":{\"@type\":\"ImageObject\",\"inLanguage\":\"fi\",\"@id\":\"https:\\\/\\\/moottoripalvelu.fi\\\/#\\\/schema\\\/logo\\\/image\\\/\",\"url\":\"https:\\\/\\\/moottoripalvelu.fi\\\/wp-content\\\/uploads\\\/2021\\\/07\\\/logo_01_450.png\",\"contentUrl\":\"https:\\\/\\\/moottoripalvelu.fi\\\/wp-content\\\/uploads\\\/2021\\\/07\\\/logo_01_450.png\",\"width\":450,\"height\":73,\"caption\":\"Moottoripalvelu.fi\"},\"image\":{\"@id\":\"https:\\\/\\\/moottoripalvelu.fi\\\/#\\\/schema\\\/logo\\\/image\\\/\"}}]}<\/script>\n<!-- \/ Yoast SEO plugin. -->","yoast_head_json":{"title":"LLX-387_moottori - Moottoripalvelu.fi","robots":{"index":"index","follow":"follow","max-snippet":"max-snippet:-1","max-image-preview":"max-image-preview:large","max-video-preview":"max-video-preview:-1"},"canonical":"https:\/\/moottoripalvelu.fi\/index.php\/product\/llx-387_moottori\/","og_locale":"fi_FI","og_type":"article","og_title":"LLX-387_moottori - Moottoripalvelu.fi","og_description":"Tarjouksen 5.3.24 mukaisesti toimitamme tehdasuuden vaihtomoottorin seuraavaan autoon:  AUDI A3 (8V) 1.4 TFSI MK1 | LLX-387 | 10.05.2013 (2013) | 1390 cm3 | Bensiini | 90 kW (123 hp) | WAUZZZ8V5DA069538 | CMBA TOIMITUS Moottori 3100\u20ac Toimituskulut 365\u20ac Yhteens\u00e4 3465\u20ac sis.alv ja rahti\u00a0   Runkopantti Laskutamme 750\u20ac + ALV, mik\u00e4li vanhan moottorin lohkossa on reik\u00e4, haluat pit\u00e4\u00e4 moottorin itsell\u00e4si, tai jos palautus viiv\u00e4styy kohtuuttomasti.  Takuu 12 kuukautta ilman km-rajoitusta    Jakohihna uusittava asennuksen yhteydess\u00e4  Edellytt\u00e4\u00e4 1000 km sis\u00e4\u00e4najon, jonka j\u00e4lkeen \u00f6ljynvaihto  \u00d6ljynvaihtov\u00e4li 6 kk\/10 000 km  Moottorin optimointi tai muu viritys mit\u00e4t\u00f6i takuun   Toimitus Normaalisti 5-8 arkip\u00e4iv\u00e4\u00e4, Schenker Cargo -maarahti.\u00a0 Poliittiset lakot ja niiden aiheuttaman suman purkaminen vaikuttavat toimitusaikaan ennalta-arvaamattomasti.    MOOTTORINVAIHDOSSA HUOMIOITAVIA ASIOITA   Polttoaineen suorasuihkutuksella varustetuissa moottoreissa esiintyy suutinvikoja. Suosittelen suuttimien uusimista.    Turbo kannattaa tarkastaa, ja tarvittaessa huoltaa suomalaisessa turbokorjaamossa, tai uusia.  &nbsp;  VANHAN MOOTTORIN PALAUTUS\u00a0  Rahtikulu sis\u00e4lt\u00e4\u00e4 uuden moottorin toimituksen, ja vanhan moottorin noutamisen pois.\u00a0Palautus tulee k\u00e4ynnist\u00e4\u00e4 30 vrk kuluessa vaihtomoottorin saapumisesta. Ota yhteytt\u00e4 jos palautus ei onnistu ajoissa.  Palautuva moottori tulee pultata kuljetush\u00e4kkiin (h\u00e4kin arvo 350\u20ac\u00a0+ ALV). Moottorista pit\u00e4\u00e4 laskea \u00f6ljy ja nesteet pois. \u00d6ljyvahingon est\u00e4miseksi suosittelemme palautettavan moottorin k\u00e4\u00e4rimist\u00e4 esim.\u00a0kiristekalvoon\u00a0tai j\u00e4tes\u00e4kkeihin tms.  Kun\u00a0moottori\u00a0on pakattu, ota yhteys asiakaspalveluun. Tilaamme noudon puolesta","og_url":"https:\/\/moottoripalvelu.fi\/index.php\/product\/llx-387_moottori\/","og_site_name":"Moottoripalvelu.fi","twitter_card":"summary_large_image","schema":{"@context":"https:\/\/schema.org","@graph":[{"@type":"WebPage","@id":"https:\/\/moottoripalvelu.fi\/index.php\/product\/llx-387_moottori\/","url":"https:\/\/moottoripalvelu.fi\/index.php\/product\/llx-387_moottori\/","name":"LLX-387_moottori - Moottoripalvelu.fi","isPartOf":{"@id":"https:\/\/moottoripalvelu.fi\/#website"},"datePublished":"2024-04-04T14:43:56+00:00","breadcrumb":{"@id":"https:\/\/moottoripalvelu.fi\/index.php\/product\/llx-387_moottori\/#breadcrumb"},"inLanguage":"fi","potentialAction":[{"@type":"ReadAction","target":["https:\/\/moottoripalvelu.fi\/index.php\/product\/llx-387_moottori\/"]}]},{"@type":"BreadcrumbList","@id":"https:\/\/moottoripalvelu.fi\/index.php\/product\/llx-387_moottori\/#breadcrumb","itemListElement":[{"@type":"ListItem","position":1,"name":"Home","item":"https:\/\/moottoripalvelu.fi\/"},{"@type":"ListItem","position":2,"name":"Antti Testaa","item":"https:\/\/moottoripalvelu.fi\/index.php\/antti-testaa\/"},{"@type":"ListItem","position":3,"name":"LLX-387_moottori"}]},{"@type":"WebSite","@id":"https:\/\/moottoripalvelu.fi\/#website","url":"https:\/\/moottoripalvelu.fi\/","name":"Moottoripalvelu.fi","description":"Moottorit - vaihteistot - kytkimet","publisher":{"@id":"https:\/\/moottoripalvelu.fi\/#organization"},"potentialAction":[{"@type":"SearchAction","target":{"@type":"EntryPoint","urlTemplate":"https:\/\/moottoripalvelu.fi\/?s={search_term_string}"},"query-input":{"@type":"PropertyValueSpecification","valueRequired":true,"valueName":"search_term_string"}}],"inLanguage":"fi"},{"@type":"Organization","@id":"https:\/\/moottoripalvelu.fi\/#organization","name":"Moottoripalvelu.fi","url":"https:\/\/moottoripalvelu.fi\/","logo":{"@type":"ImageObject","inLanguage":"fi","@id":"https:\/\/moottoripalvelu.fi\/#\/schema\/logo\/image\/","url":"https:\/\/moottoripalvelu.fi\/wp-content\/uploads\/2021\/07\/logo_01_450.png","contentUrl":"https:\/\/moottoripalvelu.fi\/wp-content\/uploads\/2021\/07\/logo_01_450.png","width":450,"height":73,"caption":"Moottoripalvelu.fi"},"image":{"@id":"https:\/\/moottoripalvelu.fi\/#\/schema\/logo\/image\/"}}]}},"_links":{"self":[{"href":"https:\/\/moottoripalvelu.fi\/index.php\/wp-json\/wp\/v2\/product\/18359","targetHints":{"allow":["GET"]}}],"collection":[{"href":"https:\/\/moottoripalvelu.fi\/index.php\/wp-json\/wp\/v2\/product"}],"about":[{"href":"https:\/\/moottoripalvelu.fi\/index.php\/wp-json\/wp\/v2\/types\/product"}],"wp:attachment":[{"href":"https:\/\/moottoripalvelu.fi\/index.php\/wp-json\/wp\/v2\/media?parent=18359"}],"wp:term":[{"taxonomy":"product_brand","embeddable":true,"href":"https:\/\/moottoripalvelu.fi\/index.php\/wp-json\/wp\/v2\/product_brand?post=18359"},{"taxonomy":"product_cat","embeddable":true,"href":"https:\/\/moottoripalvelu.fi\/index.php\/wp-json\/wp\/v2\/product_cat?post=18359"},{"taxonomy":"product_tag","embeddable":true,"href":"https:\/\/moottoripalvelu.fi\/index.php\/wp-json\/wp\/v2\/product_tag?post=18359"}],"curies":[{"name":"wp","href":"https:\/\/api.w.org\/{rel}","templated":true}]}}