{"id":20831,"date":"2025-10-09T16:02:11","date_gmt":"2025-10-09T13:02:11","guid":{"rendered":"https:\/\/moottoripalvelu.fi\/?post_type=product&#038;p=20831"},"modified":"2025-10-09T17:56:03","modified_gmt":"2025-10-09T14:56:03","slug":"znz-823-moottori","status":"publish","type":"product","link":"https:\/\/moottoripalvelu.fi\/index.php\/product\/znz-823-moottori\/","title":{"rendered":"ZNZ-823 -moottori"},"content":{"rendered":"","protected":false},"excerpt":{"rendered":"<p>Tehdakorjattu vaihtomoottori tarjouksen 29.9.25 mukaisesti allamainittuu autoon:<\/p>\n<div>OPEL VIVARO (A) 29 2.0 CDTI | ZNZ-823 | 30.05.2011 (2011) | 1995 cm3 | Diesel | 66 kW (90 hp) | W0LF7BMB6BV641298 | M9R-786<\/div>\n<div><\/div>\n<div>\n<p><strong>Opel Vivaro 29 2.0 CDTI, moottoriversio M9R-786<\/strong><br \/>\n<strong>Moottori 4125\u20ac sis.alv <\/strong><br \/>\n<strong>Toimituskulu 380\u20ac sis.alv<\/strong><br \/>\n<strong>YHTEENS\u00c4 4505\u20ac sis.alv ja rahti\u00a0<\/strong><\/p>\n<p><strong>Toimituskulu<\/strong><\/p>\n<p>Sis\u00e4lt\u00e4\u00e4 moottorin toimituksen ja vanhan kuljetuksen pois. Vanha\u00a0moottori\u00a0palautetaan valmistajalle\u00a0vaihto-osana.<\/p>\n<p><strong>Runkopantti<\/strong><\/p>\n<p>Ei perit\u00e4 etuk\u00e4teen. Laskutamme j\u00e4lkik\u00e4teen 1000\u20ac + ALV, mik\u00e4li vanhan moottorin lohkossa on\u00a0 ulosp\u00e4in n\u00e4kyv\u00e4 reik\u00e4, tai jos palautus viiv\u00e4styy kohtuuttomasti.<\/p>\n<p>&nbsp;<\/p>\n<p><strong>TAKUU\u00a012 kk ilman km-rajoitusta\u00a0<\/strong><\/p>\n<p>Huomioi takuun reunaehdot:<\/p>\n<ul>\n<li>\u00d6ljynj\u00e4\u00e4hdyttimen kenno\u00a0 ja vesipumppu uusittava asennuksen yhteydess\u00e4<\/li>\n<li>Erillisen ohjeen mukainen 1000 km sis\u00e4\u00e4najo, jonka j\u00e4lkeen vaihdettava \u00f6ljy + suodatin.<\/li>\n<li>\u00d6ljynvaihtov\u00e4li enint\u00e4\u00e4n 6 kk\/10 000 km, riippuen kumpi t\u00e4yttyy ensin<\/li>\n<li>Moottorin optimointi tai muu viritys mit\u00e4t\u00f6i takuun<\/li>\n<\/ul>\n<p><strong>Toimitus<\/strong><\/p>\n<p>Yleens\u00e4 5-7 arkip\u00e4iv\u00e4\u00e4 FedEx\/TNT -rahti<\/p>\n<\/div>\n","protected":false},"featured_media":0,"template":"","meta":[],"product_brand":[],"product_cat":[9668],"product_tag":[],"class_list":{"0":"post-20831","1":"product","2":"type-product","3":"status-publish","5":"product_cat-yleinen","7":"first","8":"instock","9":"taxable","10":"shipping-taxable","11":"purchasable","12":"product-type-simple"},"yoast_head":"<!-- This site is optimized with the Yoast SEO plugin v27.3 - https:\/\/yoast.com\/product\/yoast-seo-wordpress\/ -->\n<title>ZNZ-823 -moottori - Moottoripalvelu.fi<\/title>\n<meta name=\"robots\" content=\"index, follow, max-snippet:-1, max-image-preview:large, max-video-preview:-1\" \/>\n<link rel=\"canonical\" href=\"https:\/\/moottoripalvelu.fi\/index.php\/product\/znz-823-moottori\/\" \/>\n<meta property=\"og:locale\" content=\"fi_FI\" \/>\n<meta property=\"og:type\" content=\"article\" \/>\n<meta property=\"og:title\" content=\"ZNZ-823 -moottori - Moottoripalvelu.fi\" \/>\n<meta property=\"og:description\" content=\"Tehdakorjattu vaihtomoottori tarjouksen 29.9.25 mukaisesti allamainittuu autoon: OPEL VIVARO (A) 29 2.0 CDTI | ZNZ-823 | 30.05.2011 (2011) | 1995 cm3 | Diesel | 66 kW (90 hp) | W0LF7BMB6BV641298 | M9R-786    Opel Vivaro 29 2.0 CDTI, moottoriversio M9R-786 Moottori 4125\u20ac sis.alv  Toimituskulu 380\u20ac sis.alv YHTEENS\u00c4 4505\u20ac sis.alv ja rahti\u00a0  Toimituskulu  Sis\u00e4lt\u00e4\u00e4 moottorin toimituksen ja vanhan kuljetuksen pois. Vanha\u00a0moottori\u00a0palautetaan valmistajalle\u00a0vaihto-osana.  Runkopantti  Ei perit\u00e4 etuk\u00e4teen. Laskutamme j\u00e4lkik\u00e4teen 1000\u20ac + ALV, mik\u00e4li vanhan moottorin lohkossa on\u00a0 ulosp\u00e4in n\u00e4kyv\u00e4 reik\u00e4, tai jos palautus viiv\u00e4styy kohtuuttomasti.  &nbsp;  TAKUU\u00a012 kk ilman km-rajoitusta\u00a0  Huomioi takuun reunaehdot:   \u00d6ljynj\u00e4\u00e4hdyttimen kenno\u00a0 ja vesipumppu uusittava asennuksen yhteydess\u00e4  Erillisen ohjeen mukainen 1000 km sis\u00e4\u00e4najo, jonka j\u00e4lkeen vaihdettava \u00f6ljy + suodatin.  \u00d6ljynvaihtov\u00e4li enint\u00e4\u00e4n 6 kk\/10 000 km, riippuen kumpi t\u00e4yttyy ensin  Moottorin optimointi tai muu viritys mit\u00e4t\u00f6i takuun  Toimitus  Yleens\u00e4 5-7 arkip\u00e4iv\u00e4\u00e4 FedEx\/TNT -rahti\" \/>\n<meta property=\"og:url\" content=\"https:\/\/moottoripalvelu.fi\/index.php\/product\/znz-823-moottori\/\" \/>\n<meta property=\"og:site_name\" content=\"Moottoripalvelu.fi\" \/>\n<meta property=\"article:modified_time\" content=\"2025-10-09T14:56:03+00:00\" \/>\n<meta name=\"twitter:card\" content=\"summary_large_image\" \/>\n<script type=\"application\/ld+json\" class=\"yoast-schema-graph\">{\"@context\":\"https:\\\/\\\/schema.org\",\"@graph\":[{\"@type\":\"WebPage\",\"@id\":\"https:\\\/\\\/moottoripalvelu.fi\\\/index.php\\\/product\\\/znz-823-moottori\\\/\",\"url\":\"https:\\\/\\\/moottoripalvelu.fi\\\/index.php\\\/product\\\/znz-823-moottori\\\/\",\"name\":\"ZNZ-823 -moottori - Moottoripalvelu.fi\",\"isPartOf\":{\"@id\":\"https:\\\/\\\/moottoripalvelu.fi\\\/#website\"},\"datePublished\":\"2025-10-09T13:02:11+00:00\",\"dateModified\":\"2025-10-09T14:56:03+00:00\",\"breadcrumb\":{\"@id\":\"https:\\\/\\\/moottoripalvelu.fi\\\/index.php\\\/product\\\/znz-823-moottori\\\/#breadcrumb\"},\"inLanguage\":\"fi\",\"potentialAction\":[{\"@type\":\"ReadAction\",\"target\":[\"https:\\\/\\\/moottoripalvelu.fi\\\/index.php\\\/product\\\/znz-823-moottori\\\/\"]}]},{\"@type\":\"BreadcrumbList\",\"@id\":\"https:\\\/\\\/moottoripalvelu.fi\\\/index.php\\\/product\\\/znz-823-moottori\\\/#breadcrumb\",\"itemListElement\":[{\"@type\":\"ListItem\",\"position\":1,\"name\":\"Home\",\"item\":\"https:\\\/\\\/moottoripalvelu.fi\\\/\"},{\"@type\":\"ListItem\",\"position\":2,\"name\":\"Antti Testaa\",\"item\":\"https:\\\/\\\/moottoripalvelu.fi\\\/index.php\\\/antti-testaa\\\/\"},{\"@type\":\"ListItem\",\"position\":3,\"name\":\"ZNZ-823 -moottori\"}]},{\"@type\":\"WebSite\",\"@id\":\"https:\\\/\\\/moottoripalvelu.fi\\\/#website\",\"url\":\"https:\\\/\\\/moottoripalvelu.fi\\\/\",\"name\":\"Moottoripalvelu.fi\",\"description\":\"Moottorit - vaihteistot - kytkimet\",\"publisher\":{\"@id\":\"https:\\\/\\\/moottoripalvelu.fi\\\/#organization\"},\"potentialAction\":[{\"@type\":\"SearchAction\",\"target\":{\"@type\":\"EntryPoint\",\"urlTemplate\":\"https:\\\/\\\/moottoripalvelu.fi\\\/?s={search_term_string}\"},\"query-input\":{\"@type\":\"PropertyValueSpecification\",\"valueRequired\":true,\"valueName\":\"search_term_string\"}}],\"inLanguage\":\"fi\"},{\"@type\":\"Organization\",\"@id\":\"https:\\\/\\\/moottoripalvelu.fi\\\/#organization\",\"name\":\"Moottoripalvelu.fi\",\"url\":\"https:\\\/\\\/moottoripalvelu.fi\\\/\",\"logo\":{\"@type\":\"ImageObject\",\"inLanguage\":\"fi\",\"@id\":\"https:\\\/\\\/moottoripalvelu.fi\\\/#\\\/schema\\\/logo\\\/image\\\/\",\"url\":\"https:\\\/\\\/moottoripalvelu.fi\\\/wp-content\\\/uploads\\\/2021\\\/07\\\/logo_01_450.png\",\"contentUrl\":\"https:\\\/\\\/moottoripalvelu.fi\\\/wp-content\\\/uploads\\\/2021\\\/07\\\/logo_01_450.png\",\"width\":450,\"height\":73,\"caption\":\"Moottoripalvelu.fi\"},\"image\":{\"@id\":\"https:\\\/\\\/moottoripalvelu.fi\\\/#\\\/schema\\\/logo\\\/image\\\/\"}}]}<\/script>\n<!-- \/ Yoast SEO plugin. -->","yoast_head_json":{"title":"ZNZ-823 -moottori - Moottoripalvelu.fi","robots":{"index":"index","follow":"follow","max-snippet":"max-snippet:-1","max-image-preview":"max-image-preview:large","max-video-preview":"max-video-preview:-1"},"canonical":"https:\/\/moottoripalvelu.fi\/index.php\/product\/znz-823-moottori\/","og_locale":"fi_FI","og_type":"article","og_title":"ZNZ-823 -moottori - Moottoripalvelu.fi","og_description":"Tehdakorjattu vaihtomoottori tarjouksen 29.9.25 mukaisesti allamainittuu autoon: OPEL VIVARO (A) 29 2.0 CDTI | ZNZ-823 | 30.05.2011 (2011) | 1995 cm3 | Diesel | 66 kW (90 hp) | W0LF7BMB6BV641298 | M9R-786    Opel Vivaro 29 2.0 CDTI, moottoriversio M9R-786 Moottori 4125\u20ac sis.alv  Toimituskulu 380\u20ac sis.alv YHTEENS\u00c4 4505\u20ac sis.alv ja rahti\u00a0  Toimituskulu  Sis\u00e4lt\u00e4\u00e4 moottorin toimituksen ja vanhan kuljetuksen pois. Vanha\u00a0moottori\u00a0palautetaan valmistajalle\u00a0vaihto-osana.  Runkopantti  Ei perit\u00e4 etuk\u00e4teen. Laskutamme j\u00e4lkik\u00e4teen 1000\u20ac + ALV, mik\u00e4li vanhan moottorin lohkossa on\u00a0 ulosp\u00e4in n\u00e4kyv\u00e4 reik\u00e4, tai jos palautus viiv\u00e4styy kohtuuttomasti.  &nbsp;  TAKUU\u00a012 kk ilman km-rajoitusta\u00a0  Huomioi takuun reunaehdot:   \u00d6ljynj\u00e4\u00e4hdyttimen kenno\u00a0 ja vesipumppu uusittava asennuksen yhteydess\u00e4  Erillisen ohjeen mukainen 1000 km sis\u00e4\u00e4najo, jonka j\u00e4lkeen vaihdettava \u00f6ljy + suodatin.  \u00d6ljynvaihtov\u00e4li enint\u00e4\u00e4n 6 kk\/10 000 km, riippuen kumpi t\u00e4yttyy ensin  Moottorin optimointi tai muu viritys mit\u00e4t\u00f6i takuun  Toimitus  Yleens\u00e4 5-7 arkip\u00e4iv\u00e4\u00e4 FedEx\/TNT -rahti","og_url":"https:\/\/moottoripalvelu.fi\/index.php\/product\/znz-823-moottori\/","og_site_name":"Moottoripalvelu.fi","article_modified_time":"2025-10-09T14:56:03+00:00","twitter_card":"summary_large_image","schema":{"@context":"https:\/\/schema.org","@graph":[{"@type":"WebPage","@id":"https:\/\/moottoripalvelu.fi\/index.php\/product\/znz-823-moottori\/","url":"https:\/\/moottoripalvelu.fi\/index.php\/product\/znz-823-moottori\/","name":"ZNZ-823 -moottori - Moottoripalvelu.fi","isPartOf":{"@id":"https:\/\/moottoripalvelu.fi\/#website"},"datePublished":"2025-10-09T13:02:11+00:00","dateModified":"2025-10-09T14:56:03+00:00","breadcrumb":{"@id":"https:\/\/moottoripalvelu.fi\/index.php\/product\/znz-823-moottori\/#breadcrumb"},"inLanguage":"fi","potentialAction":[{"@type":"ReadAction","target":["https:\/\/moottoripalvelu.fi\/index.php\/product\/znz-823-moottori\/"]}]},{"@type":"BreadcrumbList","@id":"https:\/\/moottoripalvelu.fi\/index.php\/product\/znz-823-moottori\/#breadcrumb","itemListElement":[{"@type":"ListItem","position":1,"name":"Home","item":"https:\/\/moottoripalvelu.fi\/"},{"@type":"ListItem","position":2,"name":"Antti Testaa","item":"https:\/\/moottoripalvelu.fi\/index.php\/antti-testaa\/"},{"@type":"ListItem","position":3,"name":"ZNZ-823 -moottori"}]},{"@type":"WebSite","@id":"https:\/\/moottoripalvelu.fi\/#website","url":"https:\/\/moottoripalvelu.fi\/","name":"Moottoripalvelu.fi","description":"Moottorit - vaihteistot - kytkimet","publisher":{"@id":"https:\/\/moottoripalvelu.fi\/#organization"},"potentialAction":[{"@type":"SearchAction","target":{"@type":"EntryPoint","urlTemplate":"https:\/\/moottoripalvelu.fi\/?s={search_term_string}"},"query-input":{"@type":"PropertyValueSpecification","valueRequired":true,"valueName":"search_term_string"}}],"inLanguage":"fi"},{"@type":"Organization","@id":"https:\/\/moottoripalvelu.fi\/#organization","name":"Moottoripalvelu.fi","url":"https:\/\/moottoripalvelu.fi\/","logo":{"@type":"ImageObject","inLanguage":"fi","@id":"https:\/\/moottoripalvelu.fi\/#\/schema\/logo\/image\/","url":"https:\/\/moottoripalvelu.fi\/wp-content\/uploads\/2021\/07\/logo_01_450.png","contentUrl":"https:\/\/moottoripalvelu.fi\/wp-content\/uploads\/2021\/07\/logo_01_450.png","width":450,"height":73,"caption":"Moottoripalvelu.fi"},"image":{"@id":"https:\/\/moottoripalvelu.fi\/#\/schema\/logo\/image\/"}}]}},"_links":{"self":[{"href":"https:\/\/moottoripalvelu.fi\/index.php\/wp-json\/wp\/v2\/product\/20831","targetHints":{"allow":["GET"]}}],"collection":[{"href":"https:\/\/moottoripalvelu.fi\/index.php\/wp-json\/wp\/v2\/product"}],"about":[{"href":"https:\/\/moottoripalvelu.fi\/index.php\/wp-json\/wp\/v2\/types\/product"}],"wp:attachment":[{"href":"https:\/\/moottoripalvelu.fi\/index.php\/wp-json\/wp\/v2\/media?parent=20831"}],"wp:term":[{"taxonomy":"product_brand","embeddable":true,"href":"https:\/\/moottoripalvelu.fi\/index.php\/wp-json\/wp\/v2\/product_brand?post=20831"},{"taxonomy":"product_cat","embeddable":true,"href":"https:\/\/moottoripalvelu.fi\/index.php\/wp-json\/wp\/v2\/product_cat?post=20831"},{"taxonomy":"product_tag","embeddable":true,"href":"https:\/\/moottoripalvelu.fi\/index.php\/wp-json\/wp\/v2\/product_tag?post=20831"}],"curies":[{"name":"wp","href":"https:\/\/api.w.org\/{rel}","templated":true}]}}