{"id":20878,"date":"2025-10-16T21:20:54","date_gmt":"2025-10-16T18:20:54","guid":{"rendered":"https:\/\/moottoripalvelu.fi\/?post_type=product&#038;p=20878"},"modified":"2025-10-16T21:23:57","modified_gmt":"2025-10-16T18:23:57","slug":"epe-956_moottori","status":"publish","type":"product","link":"https:\/\/moottoripalvelu.fi\/index.php\/product\/epe-956_moottori\/","title":{"rendered":"EPE-956_moottori"},"content":{"rendered":"","protected":false},"excerpt":{"rendered":"<p>S\u00e4hk\u00f6postilla 14.10.2025 tehdyn tarjouksen mukaisesti toimitamme vaihtoehto 2. Hollannissa valmistetun vaihtomoottorin seuraavaan autoon:<\/p>\n<p>FORD FIESTA (VII) 1.0 EcoBoost | EPE-956 | 08.02.2018 (2018) | 998 cm3 | Bensiini | 74 kW (101 hp) | WF0JXXGAHJHE28313 | SFJK<\/p>\n<div><\/div>\n<p><strong>Ford Fiesta 1.0\u00a0Ecoboost, moottoriversio\u00a0SFJK<br \/>\n<\/strong>Uusi sylinterikansi ja vesipumppu<br \/>\nMoottori 3545\u20ac sis.alv<br \/>\nRahti 380\u20ac sis.alv<br \/>\n<strong>YHTEENS\u00c4 3925\u20ac sis alv ja rahti\u00a0\u00a0<\/strong><\/p>\n<p>Toimituskulu Sis\u00e4lt\u00e4\u00e4 moottorin toimituksen ja vanhan kuljetuksen pois. Vanha\u00a0moottori\u00a0palautetaan valmistajalle\u00a0vaihto-osana.<\/p>\n<p>&nbsp;<\/p>\n<p><strong>Runkopantti<\/strong><\/p>\n<p>Ei perit\u00e4 etuk\u00e4teen. Laskutamme j\u00e4lkik\u00e4teen 750\u20ac + ALV, mik\u00e4li vanhan moottorin lohkossa on\u00a0 ulosp\u00e4in n\u00e4kyv\u00e4 reik\u00e4, haluat pit\u00e4\u00e4 moottorin itsell\u00e4si, tai jos palautus viiv\u00e4styy kohtuuttomasti.<\/p>\n<p><strong>Toimitus<\/strong><\/p>\n<p>Yleens\u00e4 5-7 arkip\u00e4iv\u00e4\u00e4 Schenker Cargo -rahti<\/p>\n<p>&nbsp;<\/p>\n<div><b>FORD 1.0\u00a0ECOBOOST\u00a0&#8211; VAIHTOMOOTTORIN TAKUU<\/b><\/div>\n<div>\n<div><b><br \/>\nValmistajan takuu on 12 kk ilman km-rajoitusta\u00a0<\/b><\/div>\n<div>Huomioi takuun reunaehdot:<\/div>\n<div>\n<ul>\n<li>\u00d6ljynj\u00e4\u00e4hdyttimen kenno ja vesipumppu tulee uusia asennuksen yhteydess\u00e4<\/li>\n<li>Edellytt\u00e4\u00e4 1000 km sis\u00e4\u00e4najon, jonka j\u00e4lkeen vaihdettava \u00f6ljy + suodatin.<\/li>\n<li>\u00d6ljynvaihtov\u00e4li enint\u00e4\u00e4n 6 kk\/10 000 km<\/li>\n<li>Moottorin optimointi tai muu viritys mit\u00e4t\u00f6i takuun<\/li>\n<li>Ainoa sallittu \u00f6ljy on\u00a0<span style=\"font-family: Arial, sans-serif\">Castrol Magnatec 5W-20E tai 0W-20E\u00a0<\/span><\/li>\n<\/ul>\n<div><strong>VAIHTOMOOTTORIN APULAITTEET JA \u00d6LJYPOHJA<\/strong><\/div>\n<p>Vaihtomoottori\u00a0toimitetaan ilman polttoaine- ja apulaitteita. Ne siirret\u00e4\u00e4n vanhasta moottorista. Siirrett\u00e4vi\u00e4 osia ovat esim. suuttimet ja korkeapainepumppu, turboahdin, anturit, startti ja laturi,<b>\u00a0sek\u00e4\u00a0<\/b><b>venttiilikoppa.\u00a0<\/b><\/p>\n<div>Toimitettava\u00a0vaihtomoottori\u00a0on yleens\u00e4 suojattu kuljetukseen tarkoitetulla suljetuilla kopilla.<\/div>\n<div>Ne palautetaan vanhan moottorin mukana.<\/div>\n<\/div>\n<div><\/div>\n<div>\n<p><strong>VANHAN MOOTTORIN PALAUTUS\u00a0<\/strong><\/p>\n<p>Palautus tulee k\u00e4ynnist\u00e4\u00e4 30 vrk kuluessa vaihtomoottorin saapumisesta.\u00a0Ota yhteytt\u00e4 jos palautus ei onnistu ajoissa.<\/p>\n<p>Rahtikulu sis\u00e4lt\u00e4\u00e4 koneen toimituksen, ja vanhan palauttamisen valmistajalle.\u00a0Moottori tulee palauttaa samassa kuljetuspakkauksessa jossa vaihtomoottori toimitettiin. Pakkauksen\u00a0arvo on 350\u20ac, ja se tulee kaikissa tilanteissa palauttaa.<\/p>\n<p>Ennen kuljetusta, vanhasta moottorista lasketaan \u00f6ljyt ja nesteet pois.\u00d6ljyvahinkojen est\u00e4miseksi suosittelemme palautettavan moottorin k\u00e4\u00e4rimist\u00e4 esim.\u00a0kiristekalvoon\u00a0tai j\u00e4tes\u00e4kkeihin tms. Varmista ett\u00e4 moottorista ei vuoda \u00f6ljy\u00e4.<\/p>\n<p>Kun moottori on pakattu, ota yhteys asiakaspalveluun: Tilaamme noudon puolestasi.<\/p>\n<p>&nbsp;<\/p>\n<div>\n<p><strong>MOOTTORINVAIHDOSSA HUOMIOITAVIA ASIOITA<\/strong><\/p>\n<ul>\n<li>Suosittelemme suuttimien uusimista asennuksen yhteydess\u00e4. Alkuper\u00e4iset Bosch -suuttimet noin 100\u20ac\/kappale.<\/li>\n<\/ul>\n<ul>\n<li>Turbo kannattaa tarkastaa, ja tarvittaessa huoltaa suomalaisessa turbokorjaamossa.<\/li>\n<\/ul>\n<ul>\n<li>Suosittelemme tihennetty\u00e4\u00a0\u00f6ljynvaihtov\u00e4li\u00e4 6 kk\/10 000 km my\u00f6s takuuajan j\u00e4lkeen<\/li>\n<\/ul>\n<div><\/div>\n<\/div>\n<\/div>\n<\/div>\n<p>&nbsp;<\/p>\n","protected":false},"featured_media":0,"template":"","meta":[],"product_brand":[],"product_cat":[9668],"product_tag":[],"class_list":{"0":"post-20878","1":"product","2":"type-product","3":"status-publish","5":"product_cat-yleinen","7":"first","8":"instock","9":"taxable","10":"shipping-taxable","11":"purchasable","12":"product-type-simple"},"yoast_head":"<!-- This site is optimized with the Yoast SEO plugin v27.3 - https:\/\/yoast.com\/product\/yoast-seo-wordpress\/ -->\n<title>EPE-956_moottori - Moottoripalvelu.fi<\/title>\n<meta name=\"robots\" content=\"index, follow, max-snippet:-1, max-image-preview:large, max-video-preview:-1\" \/>\n<link rel=\"canonical\" href=\"https:\/\/moottoripalvelu.fi\/index.php\/product\/epe-956_moottori\/\" \/>\n<meta property=\"og:locale\" content=\"fi_FI\" \/>\n<meta property=\"og:type\" content=\"article\" \/>\n<meta property=\"og:title\" content=\"EPE-956_moottori - Moottoripalvelu.fi\" \/>\n<meta property=\"og:description\" content=\"S\u00e4hk\u00f6postilla 14.10.2025 tehdyn tarjouksen mukaisesti toimitamme vaihtoehto 2. Hollannissa valmistetun vaihtomoottorin seuraavaan autoon:  FORD FIESTA (VII) 1.0 EcoBoost | EPE-956 | 08.02.2018 (2018) | 998 cm3 | Bensiini | 74 kW (101 hp) | WF0JXXGAHJHE28313 | SFJK  Ford Fiesta 1.0\u00a0Ecoboost, moottoriversio\u00a0SFJK Uusi sylinterikansi ja vesipumppu Moottori 3545\u20ac sis.alv Rahti 380\u20ac sis.alv YHTEENS\u00c4 3925\u20ac sis alv ja rahti\u00a0\u00a0  Toimituskulu Sis\u00e4lt\u00e4\u00e4 moottorin toimituksen ja vanhan kuljetuksen pois. Vanha\u00a0moottori\u00a0palautetaan valmistajalle\u00a0vaihto-osana.  &nbsp;  Runkopantti  Ei perit\u00e4 etuk\u00e4teen. Laskutamme j\u00e4lkik\u00e4teen 750\u20ac + ALV, mik\u00e4li vanhan moottorin lohkossa on\u00a0 ulosp\u00e4in n\u00e4kyv\u00e4 reik\u00e4, haluat pit\u00e4\u00e4 moottorin itsell\u00e4si, tai jos palautus viiv\u00e4styy kohtuuttomasti.  Toimitus  Yleens\u00e4 5-7 arkip\u00e4iv\u00e4\u00e4 Schenker Cargo -rahti  &nbsp; FORD 1.0\u00a0ECOBOOST\u00a0- VAIHTOMOOTTORIN TAKUU   Valmistajan takuu on 12 kk ilman km-rajoitusta\u00a0 Huomioi takuun reunaehdot:    \u00d6ljynj\u00e4\u00e4hdyttimen kenno ja vesipumppu tulee uusia asennuksen yhteydess\u00e4  Edellytt\u00e4\u00e4 1000 km sis\u00e4\u00e4najon, jonka j\u00e4lkeen vaihdettava \u00f6ljy + suodatin.  \u00d6ljynvaihtov\u00e4li enint\u00e4\u00e4n 6 kk\/10 000 km  Moottorin optimointi tai muu viritys mit\u00e4t\u00f6i takuun  Ainoa sallittu \u00f6ljy on\u00a0Castrol Magnatec 5W-20E tai 0W-20E\u00a0  VAIHTOMOOTTORIN APULAITTEET JA \u00d6LJYPOHJA Vaihtomoottori\u00a0toimitetaan ilman polttoaine- ja apulaitteita. Ne siirret\u00e4\u00e4n vanhasta moottorista. Siirrett\u00e4vi\u00e4 osia ovat esim. suuttimet ja korkeapainepumppu, turboahdin, anturit, startti ja laturi,\u00a0sek\u00e4\u00a0venttiilikoppa.\u00a0 Toimitettava\u00a0vaihtomoottori\u00a0on yleens\u00e4 suojattu kuljetukseen tarkoitetulla suljetuilla kopilla. Ne palautetaan vanhan moottorin mukana.     VANHAN MOOTTORIN PALAUTUS\u00a0  Palautus tulee k\u00e4ynnist\u00e4\u00e4 30 vrk kuluessa vaihtomoottorin saapumisesta.\u00a0Ota yhteytt\u00e4 jos palautus ei onnistu ajoissa.  Rahtikulu sis\u00e4lt\u00e4\u00e4 koneen toimituksen, ja vanhan palauttamisen valmistajalle.\u00a0Moottori tulee palauttaa samassa kuljetuspakkauksessa jossa vaihtomoottori toimitettiin. Pakkauksen\u00a0arvo on 350\u20ac, ja se tulee kaikissa tilanteissa palauttaa.  Ennen kuljetusta, vanhasta moottorista lasketaan \u00f6ljyt ja nesteet pois.\u00d6ljyvahinkojen est\u00e4miseksi suosittelemme palautettavan moottorin k\u00e4\u00e4rimist\u00e4 esim.\u00a0kiristekalvoon\u00a0tai j\u00e4tes\u00e4kkeihin tms. Varmista ett\u00e4 moottorista ei vuoda \u00f6ljy\u00e4.  Kun moottori on pakattu, ota yhteys asiakaspalveluun: Tilaamme noudon puolestasi.  &nbsp;   MOOTTORINVAIHDOSSA HUOMIOITAVIA ASIOITA   Suosittelemme suuttimien uusimista asennuksen yhteydess\u00e4. Alkuper\u00e4iset Bosch -suuttimet noin 100\u20ac\/kappale.    Turbo kannattaa tarkastaa, ja tarvittaessa huoltaa suomalaisessa turbokorjaamossa.    Suosittelemme tihennetty\u00e4\u00a0\u00f6ljynvaihtov\u00e4li\u00e4 6 kk\/10 000 km my\u00f6s takuuajan j\u00e4lkeen      &nbsp;\" \/>\n<meta property=\"og:url\" content=\"https:\/\/moottoripalvelu.fi\/index.php\/product\/epe-956_moottori\/\" \/>\n<meta property=\"og:site_name\" content=\"Moottoripalvelu.fi\" \/>\n<meta property=\"article:modified_time\" content=\"2025-10-16T18:23:57+00:00\" \/>\n<meta name=\"twitter:card\" content=\"summary_large_image\" \/>\n<script type=\"application\/ld+json\" class=\"yoast-schema-graph\">{\"@context\":\"https:\\\/\\\/schema.org\",\"@graph\":[{\"@type\":\"WebPage\",\"@id\":\"https:\\\/\\\/moottoripalvelu.fi\\\/index.php\\\/product\\\/epe-956_moottori\\\/\",\"url\":\"https:\\\/\\\/moottoripalvelu.fi\\\/index.php\\\/product\\\/epe-956_moottori\\\/\",\"name\":\"EPE-956_moottori - Moottoripalvelu.fi\",\"isPartOf\":{\"@id\":\"https:\\\/\\\/moottoripalvelu.fi\\\/#website\"},\"datePublished\":\"2025-10-16T18:20:54+00:00\",\"dateModified\":\"2025-10-16T18:23:57+00:00\",\"breadcrumb\":{\"@id\":\"https:\\\/\\\/moottoripalvelu.fi\\\/index.php\\\/product\\\/epe-956_moottori\\\/#breadcrumb\"},\"inLanguage\":\"fi\",\"potentialAction\":[{\"@type\":\"ReadAction\",\"target\":[\"https:\\\/\\\/moottoripalvelu.fi\\\/index.php\\\/product\\\/epe-956_moottori\\\/\"]}]},{\"@type\":\"BreadcrumbList\",\"@id\":\"https:\\\/\\\/moottoripalvelu.fi\\\/index.php\\\/product\\\/epe-956_moottori\\\/#breadcrumb\",\"itemListElement\":[{\"@type\":\"ListItem\",\"position\":1,\"name\":\"Home\",\"item\":\"https:\\\/\\\/moottoripalvelu.fi\\\/\"},{\"@type\":\"ListItem\",\"position\":2,\"name\":\"Antti Testaa\",\"item\":\"https:\\\/\\\/moottoripalvelu.fi\\\/index.php\\\/antti-testaa\\\/\"},{\"@type\":\"ListItem\",\"position\":3,\"name\":\"EPE-956_moottori\"}]},{\"@type\":\"WebSite\",\"@id\":\"https:\\\/\\\/moottoripalvelu.fi\\\/#website\",\"url\":\"https:\\\/\\\/moottoripalvelu.fi\\\/\",\"name\":\"Moottoripalvelu.fi\",\"description\":\"Moottorit - vaihteistot - kytkimet\",\"publisher\":{\"@id\":\"https:\\\/\\\/moottoripalvelu.fi\\\/#organization\"},\"potentialAction\":[{\"@type\":\"SearchAction\",\"target\":{\"@type\":\"EntryPoint\",\"urlTemplate\":\"https:\\\/\\\/moottoripalvelu.fi\\\/?s={search_term_string}\"},\"query-input\":{\"@type\":\"PropertyValueSpecification\",\"valueRequired\":true,\"valueName\":\"search_term_string\"}}],\"inLanguage\":\"fi\"},{\"@type\":\"Organization\",\"@id\":\"https:\\\/\\\/moottoripalvelu.fi\\\/#organization\",\"name\":\"Moottoripalvelu.fi\",\"url\":\"https:\\\/\\\/moottoripalvelu.fi\\\/\",\"logo\":{\"@type\":\"ImageObject\",\"inLanguage\":\"fi\",\"@id\":\"https:\\\/\\\/moottoripalvelu.fi\\\/#\\\/schema\\\/logo\\\/image\\\/\",\"url\":\"https:\\\/\\\/moottoripalvelu.fi\\\/wp-content\\\/uploads\\\/2021\\\/07\\\/logo_01_450.png\",\"contentUrl\":\"https:\\\/\\\/moottoripalvelu.fi\\\/wp-content\\\/uploads\\\/2021\\\/07\\\/logo_01_450.png\",\"width\":450,\"height\":73,\"caption\":\"Moottoripalvelu.fi\"},\"image\":{\"@id\":\"https:\\\/\\\/moottoripalvelu.fi\\\/#\\\/schema\\\/logo\\\/image\\\/\"}}]}<\/script>\n<!-- \/ Yoast SEO plugin. -->","yoast_head_json":{"title":"EPE-956_moottori - Moottoripalvelu.fi","robots":{"index":"index","follow":"follow","max-snippet":"max-snippet:-1","max-image-preview":"max-image-preview:large","max-video-preview":"max-video-preview:-1"},"canonical":"https:\/\/moottoripalvelu.fi\/index.php\/product\/epe-956_moottori\/","og_locale":"fi_FI","og_type":"article","og_title":"EPE-956_moottori - Moottoripalvelu.fi","og_description":"S\u00e4hk\u00f6postilla 14.10.2025 tehdyn tarjouksen mukaisesti toimitamme vaihtoehto 2. Hollannissa valmistetun vaihtomoottorin seuraavaan autoon:  FORD FIESTA (VII) 1.0 EcoBoost | EPE-956 | 08.02.2018 (2018) | 998 cm3 | Bensiini | 74 kW (101 hp) | WF0JXXGAHJHE28313 | SFJK  Ford Fiesta 1.0\u00a0Ecoboost, moottoriversio\u00a0SFJK Uusi sylinterikansi ja vesipumppu Moottori 3545\u20ac sis.alv Rahti 380\u20ac sis.alv YHTEENS\u00c4 3925\u20ac sis alv ja rahti\u00a0\u00a0  Toimituskulu Sis\u00e4lt\u00e4\u00e4 moottorin toimituksen ja vanhan kuljetuksen pois. Vanha\u00a0moottori\u00a0palautetaan valmistajalle\u00a0vaihto-osana.  &nbsp;  Runkopantti  Ei perit\u00e4 etuk\u00e4teen. Laskutamme j\u00e4lkik\u00e4teen 750\u20ac + ALV, mik\u00e4li vanhan moottorin lohkossa on\u00a0 ulosp\u00e4in n\u00e4kyv\u00e4 reik\u00e4, haluat pit\u00e4\u00e4 moottorin itsell\u00e4si, tai jos palautus viiv\u00e4styy kohtuuttomasti.  Toimitus  Yleens\u00e4 5-7 arkip\u00e4iv\u00e4\u00e4 Schenker Cargo -rahti  &nbsp; FORD 1.0\u00a0ECOBOOST\u00a0- VAIHTOMOOTTORIN TAKUU   Valmistajan takuu on 12 kk ilman km-rajoitusta\u00a0 Huomioi takuun reunaehdot:    \u00d6ljynj\u00e4\u00e4hdyttimen kenno ja vesipumppu tulee uusia asennuksen yhteydess\u00e4  Edellytt\u00e4\u00e4 1000 km sis\u00e4\u00e4najon, jonka j\u00e4lkeen vaihdettava \u00f6ljy + suodatin.  \u00d6ljynvaihtov\u00e4li enint\u00e4\u00e4n 6 kk\/10 000 km  Moottorin optimointi tai muu viritys mit\u00e4t\u00f6i takuun  Ainoa sallittu \u00f6ljy on\u00a0Castrol Magnatec 5W-20E tai 0W-20E\u00a0  VAIHTOMOOTTORIN APULAITTEET JA \u00d6LJYPOHJA Vaihtomoottori\u00a0toimitetaan ilman polttoaine- ja apulaitteita. Ne siirret\u00e4\u00e4n vanhasta moottorista. Siirrett\u00e4vi\u00e4 osia ovat esim. suuttimet ja korkeapainepumppu, turboahdin, anturit, startti ja laturi,\u00a0sek\u00e4\u00a0venttiilikoppa.\u00a0 Toimitettava\u00a0vaihtomoottori\u00a0on yleens\u00e4 suojattu kuljetukseen tarkoitetulla suljetuilla kopilla. Ne palautetaan vanhan moottorin mukana.     VANHAN MOOTTORIN PALAUTUS\u00a0  Palautus tulee k\u00e4ynnist\u00e4\u00e4 30 vrk kuluessa vaihtomoottorin saapumisesta.\u00a0Ota yhteytt\u00e4 jos palautus ei onnistu ajoissa.  Rahtikulu sis\u00e4lt\u00e4\u00e4 koneen toimituksen, ja vanhan palauttamisen valmistajalle.\u00a0Moottori tulee palauttaa samassa kuljetuspakkauksessa jossa vaihtomoottori toimitettiin. Pakkauksen\u00a0arvo on 350\u20ac, ja se tulee kaikissa tilanteissa palauttaa.  Ennen kuljetusta, vanhasta moottorista lasketaan \u00f6ljyt ja nesteet pois.\u00d6ljyvahinkojen est\u00e4miseksi suosittelemme palautettavan moottorin k\u00e4\u00e4rimist\u00e4 esim.\u00a0kiristekalvoon\u00a0tai j\u00e4tes\u00e4kkeihin tms. Varmista ett\u00e4 moottorista ei vuoda \u00f6ljy\u00e4.  Kun moottori on pakattu, ota yhteys asiakaspalveluun: Tilaamme noudon puolestasi.  &nbsp;   MOOTTORINVAIHDOSSA HUOMIOITAVIA ASIOITA   Suosittelemme suuttimien uusimista asennuksen yhteydess\u00e4. Alkuper\u00e4iset Bosch -suuttimet noin 100\u20ac\/kappale.    Turbo kannattaa tarkastaa, ja tarvittaessa huoltaa suomalaisessa turbokorjaamossa.    Suosittelemme tihennetty\u00e4\u00a0\u00f6ljynvaihtov\u00e4li\u00e4 6 kk\/10 000 km my\u00f6s takuuajan j\u00e4lkeen      &nbsp;","og_url":"https:\/\/moottoripalvelu.fi\/index.php\/product\/epe-956_moottori\/","og_site_name":"Moottoripalvelu.fi","article_modified_time":"2025-10-16T18:23:57+00:00","twitter_card":"summary_large_image","schema":{"@context":"https:\/\/schema.org","@graph":[{"@type":"WebPage","@id":"https:\/\/moottoripalvelu.fi\/index.php\/product\/epe-956_moottori\/","url":"https:\/\/moottoripalvelu.fi\/index.php\/product\/epe-956_moottori\/","name":"EPE-956_moottori - Moottoripalvelu.fi","isPartOf":{"@id":"https:\/\/moottoripalvelu.fi\/#website"},"datePublished":"2025-10-16T18:20:54+00:00","dateModified":"2025-10-16T18:23:57+00:00","breadcrumb":{"@id":"https:\/\/moottoripalvelu.fi\/index.php\/product\/epe-956_moottori\/#breadcrumb"},"inLanguage":"fi","potentialAction":[{"@type":"ReadAction","target":["https:\/\/moottoripalvelu.fi\/index.php\/product\/epe-956_moottori\/"]}]},{"@type":"BreadcrumbList","@id":"https:\/\/moottoripalvelu.fi\/index.php\/product\/epe-956_moottori\/#breadcrumb","itemListElement":[{"@type":"ListItem","position":1,"name":"Home","item":"https:\/\/moottoripalvelu.fi\/"},{"@type":"ListItem","position":2,"name":"Antti Testaa","item":"https:\/\/moottoripalvelu.fi\/index.php\/antti-testaa\/"},{"@type":"ListItem","position":3,"name":"EPE-956_moottori"}]},{"@type":"WebSite","@id":"https:\/\/moottoripalvelu.fi\/#website","url":"https:\/\/moottoripalvelu.fi\/","name":"Moottoripalvelu.fi","description":"Moottorit - vaihteistot - kytkimet","publisher":{"@id":"https:\/\/moottoripalvelu.fi\/#organization"},"potentialAction":[{"@type":"SearchAction","target":{"@type":"EntryPoint","urlTemplate":"https:\/\/moottoripalvelu.fi\/?s={search_term_string}"},"query-input":{"@type":"PropertyValueSpecification","valueRequired":true,"valueName":"search_term_string"}}],"inLanguage":"fi"},{"@type":"Organization","@id":"https:\/\/moottoripalvelu.fi\/#organization","name":"Moottoripalvelu.fi","url":"https:\/\/moottoripalvelu.fi\/","logo":{"@type":"ImageObject","inLanguage":"fi","@id":"https:\/\/moottoripalvelu.fi\/#\/schema\/logo\/image\/","url":"https:\/\/moottoripalvelu.fi\/wp-content\/uploads\/2021\/07\/logo_01_450.png","contentUrl":"https:\/\/moottoripalvelu.fi\/wp-content\/uploads\/2021\/07\/logo_01_450.png","width":450,"height":73,"caption":"Moottoripalvelu.fi"},"image":{"@id":"https:\/\/moottoripalvelu.fi\/#\/schema\/logo\/image\/"}}]}},"_links":{"self":[{"href":"https:\/\/moottoripalvelu.fi\/index.php\/wp-json\/wp\/v2\/product\/20878","targetHints":{"allow":["GET"]}}],"collection":[{"href":"https:\/\/moottoripalvelu.fi\/index.php\/wp-json\/wp\/v2\/product"}],"about":[{"href":"https:\/\/moottoripalvelu.fi\/index.php\/wp-json\/wp\/v2\/types\/product"}],"wp:attachment":[{"href":"https:\/\/moottoripalvelu.fi\/index.php\/wp-json\/wp\/v2\/media?parent=20878"}],"wp:term":[{"taxonomy":"product_brand","embeddable":true,"href":"https:\/\/moottoripalvelu.fi\/index.php\/wp-json\/wp\/v2\/product_brand?post=20878"},{"taxonomy":"product_cat","embeddable":true,"href":"https:\/\/moottoripalvelu.fi\/index.php\/wp-json\/wp\/v2\/product_cat?post=20878"},{"taxonomy":"product_tag","embeddable":true,"href":"https:\/\/moottoripalvelu.fi\/index.php\/wp-json\/wp\/v2\/product_tag?post=20878"}],"curies":[{"name":"wp","href":"https:\/\/api.w.org\/{rel}","templated":true}]}}